{"id":74651,"date":"2021-03-09T13:52:25","date_gmt":"2021-03-09T11:52:25","guid":{"rendered":"https:\/\/dev.tactic.net\/tuote\/lumo-stars-4-in-1-shape-puzzle-puffins-foxes\/"},"modified":"2024-03-26T08:39:37","modified_gmt":"2024-03-26T06:39:37","slug":"lumo-stars-4-in-1-shape-puzzle-puffins-foxes","status":"archive","type":"product","link":"https:\/\/games.tactic.net\/sv\/tuote\/lumo-stars-4-in-1-shape-puzzle-puffins-foxes\/","title":{"rendered":"Lumo Stars 4 i 1 shape puzzle Puffins  Foxes"},"content":{"rendered":"<p>Lumo Stars Repo, Lenni, Ping och Blueberry. S\u00e4tt ihop de mest bed\u00e5rande karakt\u00e4rerna! Tv\u00e5 dubbelsidiga pussel i ett!<\/p>\n","protected":false},"excerpt":{"rendered":"<p>Lumo Stars Repo, Lenni, Ping och Blueberry. S\u00e4tt ihop de mest bed\u00e5rande karakt\u00e4rerna! Tv\u00e5 dubbelsidiga pussel i ett!<\/p>\n","protected":false},"featured_media":0,"template":"","meta":{"content-type":"","_monsterinsights_skip_tracking":false,"_monsterinsights_sitenote_active":false,"_monsterinsights_sitenote_note":"","_monsterinsights_sitenote_category":0},"product_brand":[],"product_cat":[1520,1571,1570],"product_tag":[],"brand":[{"id":1018,"name":"Lumo Stars","slug":"lumo-stars-13"}],"target-group":[],"discontinued":[],"class_list":{"0":"post-74651","1":"product","2":"type-product","3":"status-archive","5":"product_cat-barn-pussel","6":"product_cat-barn-pussel-barnspel","7":"product_cat-ovrigt","8":"brand-lumo-stars-13","10":"first","11":"outofstock","12":"taxable","13":"shipping-taxable","14":"product-type-simple"},"aioseo_notices":[],"_links":{"self":[{"href":"https:\/\/games.tactic.net\/sv\/wp-json\/wp\/v2\/product\/74651","targetHints":{"allow":["GET"]}}],"collection":[{"href":"https:\/\/games.tactic.net\/sv\/wp-json\/wp\/v2\/product"}],"about":[{"href":"https:\/\/games.tactic.net\/sv\/wp-json\/wp\/v2\/types\/product"}],"wp:attachment":[{"href":"https:\/\/games.tactic.net\/sv\/wp-json\/wp\/v2\/media?parent=74651"}],"wp:term":[{"taxonomy":"product_brand","embeddable":true,"href":"https:\/\/games.tactic.net\/sv\/wp-json\/wp\/v2\/product_brand?post=74651"},{"taxonomy":"product_cat","embeddable":true,"href":"https:\/\/games.tactic.net\/sv\/wp-json\/wp\/v2\/product_cat?post=74651"},{"taxonomy":"product_tag","embeddable":true,"href":"https:\/\/games.tactic.net\/sv\/wp-json\/wp\/v2\/product_tag?post=74651"},{"taxonomy":"brand","embeddable":true,"href":"https:\/\/games.tactic.net\/sv\/wp-json\/wp\/v2\/brand?post=74651"},{"taxonomy":"target-group","embeddable":true,"href":"https:\/\/games.tactic.net\/sv\/wp-json\/wp\/v2\/target-group?post=74651"},{"taxonomy":"discontinued","embeddable":true,"href":"https:\/\/games.tactic.net\/sv\/wp-json\/wp\/v2\/discontinued?post=74651"}],"curies":[{"name":"wp","href":"https:\/\/api.w.org\/{rel}","templated":true}]}}