{"id":721478,"date":"2023-04-21T08:44:21","date_gmt":"2023-04-21T05:44:21","guid":{"rendered":"https:\/\/games.tactic.net\/tuote\/den-magiska-skogen\/"},"modified":"2023-10-25T13:25:18","modified_gmt":"2023-10-25T10:25:18","slug":"den-magiska-skogen","status":"publish","type":"product","link":"https:\/\/games.tactic.net\/sv\/tuote\/den-magiska-skogen\/","title":{"rendered":"Tactic Den magiska skogen"},"content":{"rendered":"<p>Trollskogen m\u00e5ste r\u00e4ddas! De l\u00f6mska trollen har tagit kristallerna som skyddar trollskogen. Du och de andra spelarna m\u00e5ste rycka ut och f\u00f6ra kristallerna till sina r\u00e4tta platser. P\u00e5 v\u00e4gen f\u00f6rs\u00f6ker trollen \u00e4nd\u00e5 sinka dig, s\u00e5 du m\u00e5ste v\u00e4lja din v\u00e4g noggrant. Den spelare som f\u00f6rst samlat hem sina egna kristaller vinner. &#8211; Det stora spelbr\u00e4det bjuder p\u00e5 roliga \u00e4ventyr. &#8211; Spelpj\u00e4serna \u00e4r s\u00f6ta figurer av tr\u00e4, med ryggs\u00e4ckar av tyg! &#8211; Passar hela familjen!<\/p>\n<p><img decoding=\"async\" src=\"https:\\\\\\\\games.tactic.net\\\\pic\\\\logo\\\\DK_2022_Legebranchen_Aarets_Boernespil.png\"><img decoding=\"async\" src=\"https:\\\\\\\\games.tactic.net\\\\pic\\\\logo\\\\DK_2022_Guldbrikken_Aarets_Boernespil_nomineret.png\"><img decoding=\"async\" src=\"https:\\\\\\\\games.tactic.net\\\\pic\\\\logo\\\\FI_2022_Vuoden_Peli_Lastenpelit_finalisti.png\"><\/p>\n","protected":false},"excerpt":{"rendered":"<p>Trollskogen m\u00e5ste r\u00e4ddas! De l\u00f6mska trollen har spritt omkring kristallerna som skyddar trollskogen. Du och de andra spelarna m\u00e5ste rycka ut och f\u00f6ra kristallerna till sina r\u00e4tta platser. P\u00e5 v\u00e4gen f\u00f6rs\u00f6ker trollen \u00e4nd\u00e5 sinka dig, s\u00e5 du m\u00e5ste v\u00e4lja din v\u00e4g noggrant. Den spelare som f\u00f6rst samlat hem sina egna kristaller, vinner.<\/p>\n","protected":false},"featured_media":0,"template":"","meta":{"content-type":"","_monsterinsights_skip_tracking":false,"_monsterinsights_sitenote_active":false,"_monsterinsights_sitenote_note":"","_monsterinsights_sitenote_category":0},"product_brand":[],"product_cat":[1462],"product_tag":[],"brand":[],"target-group":[],"discontinued":[],"class_list":{"0":"post-721478","1":"product","2":"type-product","3":"status-publish","5":"product_cat-bradspel-barnspel","7":"first","8":"outofstock","9":"taxable","10":"shipping-taxable","11":"product-type-simple"},"aioseo_notices":[],"_links":{"self":[{"href":"https:\/\/games.tactic.net\/sv\/wp-json\/wp\/v2\/product\/721478","targetHints":{"allow":["GET"]}}],"collection":[{"href":"https:\/\/games.tactic.net\/sv\/wp-json\/wp\/v2\/product"}],"about":[{"href":"https:\/\/games.tactic.net\/sv\/wp-json\/wp\/v2\/types\/product"}],"wp:attachment":[{"href":"https:\/\/games.tactic.net\/sv\/wp-json\/wp\/v2\/media?parent=721478"}],"wp:term":[{"taxonomy":"product_brand","embeddable":true,"href":"https:\/\/games.tactic.net\/sv\/wp-json\/wp\/v2\/product_brand?post=721478"},{"taxonomy":"product_cat","embeddable":true,"href":"https:\/\/games.tactic.net\/sv\/wp-json\/wp\/v2\/product_cat?post=721478"},{"taxonomy":"product_tag","embeddable":true,"href":"https:\/\/games.tactic.net\/sv\/wp-json\/wp\/v2\/product_tag?post=721478"},{"taxonomy":"brand","embeddable":true,"href":"https:\/\/games.tactic.net\/sv\/wp-json\/wp\/v2\/brand?post=721478"},{"taxonomy":"target-group","embeddable":true,"href":"https:\/\/games.tactic.net\/sv\/wp-json\/wp\/v2\/target-group?post=721478"},{"taxonomy":"discontinued","embeddable":true,"href":"https:\/\/games.tactic.net\/sv\/wp-json\/wp\/v2\/discontinued?post=721478"}],"curies":[{"name":"wp","href":"https:\/\/api.w.org\/{rel}","templated":true}]}}