{"id":721163,"date":"2023-04-19T13:42:34","date_gmt":"2023-04-19T10:42:34","guid":{"rendered":"https:\/\/games.tactic.net\/tuote\/penol-1000-3-16mm-svart-permanent-markpenna\/"},"modified":"2023-04-19T13:42:34","modified_gmt":"2023-04-19T10:42:34","slug":"penol-1000-3-16mm-svart-permanent-markpenna","status":"publish","type":"product","link":"https:\/\/games.tactic.net\/sv\/tuote\/penol-1000-3-16mm-svart-permanent-markpenna\/","title":{"rendered":"Penol 1000 3-16mm svart permanent m\u00e4rkpenna"},"content":{"rendered":"<p>Denna permanentpenna ger tydliga och h\u00e5llbara markeringar p\u00e5 n\u00e4stan alla ytor. Blekningsbest\u00e4ndigt och snabbtorkande bl\u00e4ck baserat p\u00e5 alkohol s\u00e4kerst\u00e4ller ett h\u00e5llbart resultat. Aluminiumkroppen \u00e4r l\u00e4tt och t\u00e5lig, och korken som f\u00f6rhindrar att pennan rullar h\u00e5ller den p\u00e5 plats p\u00e5 bordet. Snedskuren spets (3\u201316 mm) passar b\u00e5de f\u00f6r precisa markeringar och breda streck.<\/p>\n","protected":false},"excerpt":{"rendered":"<p>Denna permanentpenna ger tydliga och h\u00e5llbara markeringar p\u00e5 n\u00e4stan alla ytor. Blekningsbest\u00e4ndigt och snabbtorkande bl\u00e4ck baserat p\u00e5 alkohol s\u00e4kerst\u00e4ller ett h\u00e5llbart resultat. Aluminiumkroppen \u00e4r l\u00e4tt och t\u00e5lig, och korken som f\u00f6rhindrar att pennan rullar h\u00e5ller den p\u00e5 plats p\u00e5 bordet. Snedskuren spets (3\u201316 mm) passar b\u00e5de f\u00f6r precisa markeringar och breda streck.<\/p>\n","protected":false},"featured_media":0,"template":"","meta":{"content-type":"","_monsterinsights_skip_tracking":false,"_monsterinsights_sitenote_active":false,"_monsterinsights_sitenote_note":"","_monsterinsights_sitenote_category":0},"product_brand":[],"product_cat":[2157],"product_tag":[],"brand":[],"target-group":[],"discontinued":[],"class_list":{"0":"post-721163","1":"product","2":"type-product","3":"status-publish","5":"product_cat-skrivning","7":"first","8":"instock","9":"taxable","10":"shipping-taxable","11":"product-type-simple"},"aioseo_notices":[],"_links":{"self":[{"href":"https:\/\/games.tactic.net\/sv\/wp-json\/wp\/v2\/product\/721163","targetHints":{"allow":["GET"]}}],"collection":[{"href":"https:\/\/games.tactic.net\/sv\/wp-json\/wp\/v2\/product"}],"about":[{"href":"https:\/\/games.tactic.net\/sv\/wp-json\/wp\/v2\/types\/product"}],"wp:attachment":[{"href":"https:\/\/games.tactic.net\/sv\/wp-json\/wp\/v2\/media?parent=721163"}],"wp:term":[{"taxonomy":"product_brand","embeddable":true,"href":"https:\/\/games.tactic.net\/sv\/wp-json\/wp\/v2\/product_brand?post=721163"},{"taxonomy":"product_cat","embeddable":true,"href":"https:\/\/games.tactic.net\/sv\/wp-json\/wp\/v2\/product_cat?post=721163"},{"taxonomy":"product_tag","embeddable":true,"href":"https:\/\/games.tactic.net\/sv\/wp-json\/wp\/v2\/product_tag?post=721163"},{"taxonomy":"brand","embeddable":true,"href":"https:\/\/games.tactic.net\/sv\/wp-json\/wp\/v2\/brand?post=721163"},{"taxonomy":"target-group","embeddable":true,"href":"https:\/\/games.tactic.net\/sv\/wp-json\/wp\/v2\/target-group?post=721163"},{"taxonomy":"discontinued","embeddable":true,"href":"https:\/\/games.tactic.net\/sv\/wp-json\/wp\/v2\/discontinued?post=721163"}],"curies":[{"name":"wp","href":"https:\/\/api.w.org\/{rel}","templated":true}]}}