{"id":720998,"date":"2023-04-19T13:27:47","date_gmt":"2023-04-19T10:27:47","guid":{"rendered":"https:\/\/games.tactic.net\/tuote\/penol-future-artists-akvarellfarg-53-farger\/"},"modified":"2023-06-12T15:46:56","modified_gmt":"2023-06-12T12:46:56","slug":"penol-future-artists-akvarellfarg-53-farger","status":"publish","type":"product","link":"https:\/\/games.tactic.net\/sv\/tuote\/penol-future-artists-akvarellfarg-53-farger\/","title":{"rendered":"Penol For Future Artists: 53 Watercolors"},"content":{"rendered":"<p>For Future Artists \u00e4r en palett f\u00e4rger med aningen h\u00f6gre pigment f\u00f6r de som vill utveckla sin vattenf\u00e4rgsm\u00e5lning utan att g\u00f6ra en stor investering. Setet kommer med tv\u00e5 v\u00e5ningar med 53 f\u00e4rger totalt &#8211; tv\u00e5 av f\u00e4rgerna \u00e4r st\u00f6rre versioner av silver och guld. En borste med vattenreservoar medf\u00f6ljer f\u00f6r att enkelt kunna m\u00e5la n\u00e4r en tar med sig l\u00e5dan ut. L\u00e5dan kan \u00e4ven anv\u00e4ndas som palett.<\/p>\n","protected":false},"excerpt":{"rendered":"<p>For Future Artists \u00e4r en palett f\u00e4rger med aningen h\u00f6gre pigment f\u00f6r de som vill utveckla sin vattenf\u00e4rgsm\u00e5lning utan att g\u00f6ra en stor investering. Setet kommer med tv\u00e5 v\u00e5ningar med 53 f\u00e4rger totalt &#8211; tv\u00e5 av f\u00e4rgerna \u00e4r st\u00f6rre versioner av silver och guld. En borste med vattenreservoar medf\u00f6ljer f\u00f6r att enkelt kunna m\u00e5la n\u00e4r [&hellip;]<\/p>\n","protected":false},"featured_media":0,"template":"","meta":{"content-type":"","_monsterinsights_skip_tracking":false,"_monsterinsights_sitenote_active":false,"_monsterinsights_sitenote_note":"","_monsterinsights_sitenote_category":0},"product_brand":[],"product_cat":[2158],"product_tag":[],"brand":[],"target-group":[],"discontinued":[],"class_list":{"0":"post-720998","1":"product","2":"type-product","3":"status-publish","5":"product_cat-farglaggning","7":"first","8":"instock","9":"taxable","10":"shipping-taxable","11":"product-type-simple"},"aioseo_notices":[],"_links":{"self":[{"href":"https:\/\/games.tactic.net\/sv\/wp-json\/wp\/v2\/product\/720998","targetHints":{"allow":["GET"]}}],"collection":[{"href":"https:\/\/games.tactic.net\/sv\/wp-json\/wp\/v2\/product"}],"about":[{"href":"https:\/\/games.tactic.net\/sv\/wp-json\/wp\/v2\/types\/product"}],"wp:attachment":[{"href":"https:\/\/games.tactic.net\/sv\/wp-json\/wp\/v2\/media?parent=720998"}],"wp:term":[{"taxonomy":"product_brand","embeddable":true,"href":"https:\/\/games.tactic.net\/sv\/wp-json\/wp\/v2\/product_brand?post=720998"},{"taxonomy":"product_cat","embeddable":true,"href":"https:\/\/games.tactic.net\/sv\/wp-json\/wp\/v2\/product_cat?post=720998"},{"taxonomy":"product_tag","embeddable":true,"href":"https:\/\/games.tactic.net\/sv\/wp-json\/wp\/v2\/product_tag?post=720998"},{"taxonomy":"brand","embeddable":true,"href":"https:\/\/games.tactic.net\/sv\/wp-json\/wp\/v2\/brand?post=720998"},{"taxonomy":"target-group","embeddable":true,"href":"https:\/\/games.tactic.net\/sv\/wp-json\/wp\/v2\/target-group?post=720998"},{"taxonomy":"discontinued","embeddable":true,"href":"https:\/\/games.tactic.net\/sv\/wp-json\/wp\/v2\/discontinued?post=720998"}],"curies":[{"name":"wp","href":"https:\/\/api.w.org\/{rel}","templated":true}]}}