{"id":720964,"date":"2023-04-19T13:22:43","date_gmt":"2023-04-19T10:22:43","guid":{"rendered":"https:\/\/games.tactic.net\/tuote\/penol-standard-akvarellfarg-12-farger\/"},"modified":"2023-06-12T15:01:53","modified_gmt":"2023-06-12T12:01:53","slug":"penol-standard-akvarellfarg-12-farger","status":"publish","type":"product","link":"https:\/\/games.tactic.net\/sv\/tuote\/penol-standard-akvarellfarg-12-farger\/","title":{"rendered":"Penol Standard akvarellf\u00e4rg 12 f\u00e4rger"},"content":{"rendered":"<p>Vattenf\u00e4rg i 12 olika f\u00e4rger. Doppa den medf\u00f6ljande borsten i vatten och l\u00e5t f\u00e4rgerna m\u00e4ttas f\u00f6r att f\u00e5 ut maximal f\u00e4rg\u00e5tergivning. F\u00e4rgerna kommer med ett genomskinligt lock som enkelt st\u00e4ngs f\u00f6r att minska kladd.<\/p>\n","protected":false},"excerpt":{"rendered":"<p>Vattenf\u00e4rg i 12 olika f\u00e4rger. Doppa den medf\u00f6ljande borsten i vatten och l\u00e5t f\u00e4rgerna m\u00e4ttas f\u00f6r att f\u00e5 ut maximal f\u00e4rg\u00e5tergivning. F\u00e4rgerna kommer med ett genomskinligt lock som enkelt st\u00e4ngs f\u00f6r att minska kladd.<\/p>\n","protected":false},"featured_media":0,"template":"","meta":{"content-type":"","_monsterinsights_skip_tracking":false,"_monsterinsights_sitenote_active":false,"_monsterinsights_sitenote_note":"","_monsterinsights_sitenote_category":0},"product_brand":[],"product_cat":[2158],"product_tag":[],"brand":[],"target-group":[],"discontinued":[],"class_list":{"0":"post-720964","1":"product","2":"type-product","3":"status-publish","5":"product_cat-farglaggning","7":"first","8":"instock","9":"taxable","10":"shipping-taxable","11":"product-type-simple"},"aioseo_notices":[],"_links":{"self":[{"href":"https:\/\/games.tactic.net\/sv\/wp-json\/wp\/v2\/product\/720964","targetHints":{"allow":["GET"]}}],"collection":[{"href":"https:\/\/games.tactic.net\/sv\/wp-json\/wp\/v2\/product"}],"about":[{"href":"https:\/\/games.tactic.net\/sv\/wp-json\/wp\/v2\/types\/product"}],"wp:attachment":[{"href":"https:\/\/games.tactic.net\/sv\/wp-json\/wp\/v2\/media?parent=720964"}],"wp:term":[{"taxonomy":"product_brand","embeddable":true,"href":"https:\/\/games.tactic.net\/sv\/wp-json\/wp\/v2\/product_brand?post=720964"},{"taxonomy":"product_cat","embeddable":true,"href":"https:\/\/games.tactic.net\/sv\/wp-json\/wp\/v2\/product_cat?post=720964"},{"taxonomy":"product_tag","embeddable":true,"href":"https:\/\/games.tactic.net\/sv\/wp-json\/wp\/v2\/product_tag?post=720964"},{"taxonomy":"brand","embeddable":true,"href":"https:\/\/games.tactic.net\/sv\/wp-json\/wp\/v2\/brand?post=720964"},{"taxonomy":"target-group","embeddable":true,"href":"https:\/\/games.tactic.net\/sv\/wp-json\/wp\/v2\/target-group?post=720964"},{"taxonomy":"discontinued","embeddable":true,"href":"https:\/\/games.tactic.net\/sv\/wp-json\/wp\/v2\/discontinued?post=720964"}],"curies":[{"name":"wp","href":"https:\/\/api.w.org\/{rel}","templated":true}]}}