{"id":720948,"date":"2023-04-19T13:19:27","date_gmt":"2023-04-19T10:19:27","guid":{"rendered":"https:\/\/games.tactic.net\/tuote\/penol-duo-jumbo-fargpennor-12st\/"},"modified":"2023-06-12T14:41:28","modified_gmt":"2023-06-12T11:41:28","slug":"penol-duo-jumbo-fargpennor-12st","status":"publish","type":"product","link":"https:\/\/games.tactic.net\/sv\/tuote\/penol-duo-jumbo-fargpennor-12st\/","title":{"rendered":"Penol Duo jumbo f\u00e4rgpennor 12st"},"content":{"rendered":"<p>12 Stora f\u00e4rgpennor i duo-format med 2 olika f\u00e4rger p\u00e5 varsin \u00e4nde av pennan: 12 pennor = 24 f\u00e4rger. Triangelformade f\u00f6r att ligga bekv\u00e4mt i handen. Tillverkade av tr\u00e4 fr\u00e5n plantager som l\u00e5ter tr\u00e4den v\u00e4xa l\u00e5ngsamt. Resistenta mot att kn\u00e4ckas.<\/p>\n","protected":false},"excerpt":{"rendered":"<p>12 Stora f\u00e4rgpennor i duo-format med 2 olika f\u00e4rger p\u00e5 varsin \u00e4nde av pennan: 12 pennor = 24 f\u00e4rger. Triangelformade f\u00f6r att ligga bekv\u00e4mt i handen. Tillverkade av tr\u00e4 fr\u00e5n plantager som l\u00e5ter tr\u00e4den v\u00e4xa l\u00e5ngsamt. Resistenta mot att kn\u00e4ckas.<\/p>\n","protected":false},"featured_media":0,"template":"","meta":{"content-type":"","_monsterinsights_skip_tracking":false,"_monsterinsights_sitenote_active":false,"_monsterinsights_sitenote_note":"","_monsterinsights_sitenote_category":0},"product_brand":[],"product_cat":[2158],"product_tag":[],"brand":[],"target-group":[],"discontinued":[],"class_list":{"0":"post-720948","1":"product","2":"type-product","3":"status-publish","5":"product_cat-farglaggning","7":"first","8":"instock","9":"taxable","10":"shipping-taxable","11":"product-type-simple"},"aioseo_notices":[],"_links":{"self":[{"href":"https:\/\/games.tactic.net\/sv\/wp-json\/wp\/v2\/product\/720948","targetHints":{"allow":["GET"]}}],"collection":[{"href":"https:\/\/games.tactic.net\/sv\/wp-json\/wp\/v2\/product"}],"about":[{"href":"https:\/\/games.tactic.net\/sv\/wp-json\/wp\/v2\/types\/product"}],"wp:attachment":[{"href":"https:\/\/games.tactic.net\/sv\/wp-json\/wp\/v2\/media?parent=720948"}],"wp:term":[{"taxonomy":"product_brand","embeddable":true,"href":"https:\/\/games.tactic.net\/sv\/wp-json\/wp\/v2\/product_brand?post=720948"},{"taxonomy":"product_cat","embeddable":true,"href":"https:\/\/games.tactic.net\/sv\/wp-json\/wp\/v2\/product_cat?post=720948"},{"taxonomy":"product_tag","embeddable":true,"href":"https:\/\/games.tactic.net\/sv\/wp-json\/wp\/v2\/product_tag?post=720948"},{"taxonomy":"brand","embeddable":true,"href":"https:\/\/games.tactic.net\/sv\/wp-json\/wp\/v2\/brand?post=720948"},{"taxonomy":"target-group","embeddable":true,"href":"https:\/\/games.tactic.net\/sv\/wp-json\/wp\/v2\/target-group?post=720948"},{"taxonomy":"discontinued","embeddable":true,"href":"https:\/\/games.tactic.net\/sv\/wp-json\/wp\/v2\/discontinued?post=720948"}],"curies":[{"name":"wp","href":"https:\/\/api.w.org\/{rel}","templated":true}]}}