{"id":720943,"date":"2023-04-19T13:14:58","date_gmt":"2023-04-19T10:14:58","guid":{"rendered":"https:\/\/games.tactic.net\/tuote\/penol-mini-jumbo-waxkrita-8st\/"},"modified":"2023-06-12T16:35:16","modified_gmt":"2023-06-12T13:35:16","slug":"penol-mini-jumbo-waxkrita-8st","status":"publish","type":"product","link":"https:\/\/games.tactic.net\/sv\/tuote\/penol-mini-jumbo-waxkrita-8st\/","title":{"rendered":"Penol Mini jumbo waxkrita 8st"},"content":{"rendered":"<p>8 vaxkritor som \u00e4r sm\u00e5 men breda &#8211; en bekv\u00e4m krita att h\u00e5lla i f\u00f6r mindre h\u00e4nder.<\/p>\n","protected":false},"excerpt":{"rendered":"<p>8 vaxkritor som \u00e4r sm\u00e5 men breda &#8211; en bekv\u00e4m krita att h\u00e5lla i f\u00f6r mindre h\u00e4nder.<\/p>\n","protected":false},"featured_media":0,"template":"","meta":{"content-type":"","_monsterinsights_skip_tracking":false,"_monsterinsights_sitenote_active":false,"_monsterinsights_sitenote_note":"","_monsterinsights_sitenote_category":0},"product_brand":[],"product_cat":[2158],"product_tag":[],"brand":[],"target-group":[],"discontinued":[],"class_list":{"0":"post-720943","1":"product","2":"type-product","3":"status-publish","5":"product_cat-farglaggning","7":"first","8":"instock","9":"taxable","10":"shipping-taxable","11":"product-type-simple"},"aioseo_notices":[],"_links":{"self":[{"href":"https:\/\/games.tactic.net\/sv\/wp-json\/wp\/v2\/product\/720943","targetHints":{"allow":["GET"]}}],"collection":[{"href":"https:\/\/games.tactic.net\/sv\/wp-json\/wp\/v2\/product"}],"about":[{"href":"https:\/\/games.tactic.net\/sv\/wp-json\/wp\/v2\/types\/product"}],"wp:attachment":[{"href":"https:\/\/games.tactic.net\/sv\/wp-json\/wp\/v2\/media?parent=720943"}],"wp:term":[{"taxonomy":"product_brand","embeddable":true,"href":"https:\/\/games.tactic.net\/sv\/wp-json\/wp\/v2\/product_brand?post=720943"},{"taxonomy":"product_cat","embeddable":true,"href":"https:\/\/games.tactic.net\/sv\/wp-json\/wp\/v2\/product_cat?post=720943"},{"taxonomy":"product_tag","embeddable":true,"href":"https:\/\/games.tactic.net\/sv\/wp-json\/wp\/v2\/product_tag?post=720943"},{"taxonomy":"brand","embeddable":true,"href":"https:\/\/games.tactic.net\/sv\/wp-json\/wp\/v2\/brand?post=720943"},{"taxonomy":"target-group","embeddable":true,"href":"https:\/\/games.tactic.net\/sv\/wp-json\/wp\/v2\/target-group?post=720943"},{"taxonomy":"discontinued","embeddable":true,"href":"https:\/\/games.tactic.net\/sv\/wp-json\/wp\/v2\/discontinued?post=720943"}],"curies":[{"name":"wp","href":"https:\/\/api.w.org\/{rel}","templated":true}]}}