{"id":720911,"date":"2023-04-19T13:09:44","date_gmt":"2023-04-19T10:09:44","guid":{"rendered":"https:\/\/games.tactic.net\/tuote\/penol-twister-waxkritor-12st\/"},"modified":"2023-06-12T16:01:30","modified_gmt":"2023-06-12T13:01:30","slug":"penol-twister-waxkritor-12st","status":"publish","type":"product","link":"https:\/\/games.tactic.net\/sv\/tuote\/penol-twister-waxkritor-12st\/","title":{"rendered":"Penol Twister waxkritor 12st"},"content":{"rendered":"<p>12 Vaxkritor i plasth\u00e5llare &#8211; som h\u00e5ller kritorna hela och motverkar att f\u00e4rg hamnar direkt p\u00e5 handen. Vrid upp kritan allt eftersom det beh\u00f6vs.<\/p>\n","protected":false},"excerpt":{"rendered":"<p>12 Vaxkritor i plasth\u00e5llare &#8211; som h\u00e5ller kritorna hela och motverkar att f\u00e4rg hamnar direkt p\u00e5 handen. Vrid upp kritan allt eftersom det beh\u00f6vs.<\/p>\n","protected":false},"featured_media":0,"template":"","meta":{"content-type":"","_monsterinsights_skip_tracking":false,"_monsterinsights_sitenote_active":false,"_monsterinsights_sitenote_note":"","_monsterinsights_sitenote_category":0},"product_brand":[],"product_cat":[2158],"product_tag":[],"brand":[],"target-group":[],"discontinued":[],"class_list":{"0":"post-720911","1":"product","2":"type-product","3":"status-publish","5":"product_cat-farglaggning","7":"first","8":"instock","9":"taxable","10":"shipping-taxable","11":"product-type-simple"},"aioseo_notices":[],"_links":{"self":[{"href":"https:\/\/games.tactic.net\/sv\/wp-json\/wp\/v2\/product\/720911","targetHints":{"allow":["GET"]}}],"collection":[{"href":"https:\/\/games.tactic.net\/sv\/wp-json\/wp\/v2\/product"}],"about":[{"href":"https:\/\/games.tactic.net\/sv\/wp-json\/wp\/v2\/types\/product"}],"wp:attachment":[{"href":"https:\/\/games.tactic.net\/sv\/wp-json\/wp\/v2\/media?parent=720911"}],"wp:term":[{"taxonomy":"product_brand","embeddable":true,"href":"https:\/\/games.tactic.net\/sv\/wp-json\/wp\/v2\/product_brand?post=720911"},{"taxonomy":"product_cat","embeddable":true,"href":"https:\/\/games.tactic.net\/sv\/wp-json\/wp\/v2\/product_cat?post=720911"},{"taxonomy":"product_tag","embeddable":true,"href":"https:\/\/games.tactic.net\/sv\/wp-json\/wp\/v2\/product_tag?post=720911"},{"taxonomy":"brand","embeddable":true,"href":"https:\/\/games.tactic.net\/sv\/wp-json\/wp\/v2\/brand?post=720911"},{"taxonomy":"target-group","embeddable":true,"href":"https:\/\/games.tactic.net\/sv\/wp-json\/wp\/v2\/target-group?post=720911"},{"taxonomy":"discontinued","embeddable":true,"href":"https:\/\/games.tactic.net\/sv\/wp-json\/wp\/v2\/discontinued?post=720911"}],"curies":[{"name":"wp","href":"https:\/\/api.w.org\/{rel}","templated":true}]}}