{"id":720910,"date":"2023-04-19T13:08:12","date_gmt":"2023-04-19T10:08:12","guid":{"rendered":"https:\/\/games.tactic.net\/tuote\/penol-magiska-fiberpennor-10st\/"},"modified":"2023-06-12T14:27:18","modified_gmt":"2023-06-12T11:27:18","slug":"penol-magiska-fiberpennor-10st","status":"publish","type":"product","link":"https:\/\/games.tactic.net\/sv\/tuote\/penol-magiska-fiberpennor-10st\/","title":{"rendered":"Penol Magiska fiberpennor 10st"},"content":{"rendered":"<p>2-4 mm breda fiberpennor i flera olika f\u00e4rger. Rita med f\u00e4rgpennorna och anv\u00e4nd sedan den magiska vita pennan ovanp\u00e5 f\u00f6r att \u00e4ndra f\u00e4rgerna. P\u00e5 varje enskild penna finns en indikation f\u00f6r vilken f\u00e4rg den har &#8211; b\u00e5de fr\u00e5n b\u00f6rjan och som omvandlad. Ventilerade lock och vattenbaserat tv\u00e4ttbart bl\u00e4ck. Tillverkade i 100% f\u00f6rnybar plast.<\/p>\n","protected":false},"excerpt":{"rendered":"<p>2-4 mm breda fiberpennor i flera olika f\u00e4rger. Rita med f\u00e4rgpennorna och anv\u00e4nd sedan den magiska vita pennan ovanp\u00e5 f\u00f6r att \u00e4ndra f\u00e4rgerna. P\u00e5 varje enskild penna finns en indikation f\u00f6r vilken f\u00e4rg den har &#8211; b\u00e5de fr\u00e5n b\u00f6rjan och som omvandlad. Ventilerade lock och vattenbaserat tv\u00e4ttbart bl\u00e4ck. Tillverkade i 100% f\u00f6rnybar plast.<\/p>\n","protected":false},"featured_media":0,"template":"","meta":{"content-type":"","_monsterinsights_skip_tracking":false,"_monsterinsights_sitenote_active":false,"_monsterinsights_sitenote_note":"","_monsterinsights_sitenote_category":0},"product_brand":[],"product_cat":[2158],"product_tag":[],"brand":[],"target-group":[],"discontinued":[],"class_list":{"0":"post-720910","1":"product","2":"type-product","3":"status-publish","5":"product_cat-farglaggning","7":"first","8":"instock","9":"taxable","10":"shipping-taxable","11":"product-type-simple"},"aioseo_notices":[],"_links":{"self":[{"href":"https:\/\/games.tactic.net\/sv\/wp-json\/wp\/v2\/product\/720910","targetHints":{"allow":["GET"]}}],"collection":[{"href":"https:\/\/games.tactic.net\/sv\/wp-json\/wp\/v2\/product"}],"about":[{"href":"https:\/\/games.tactic.net\/sv\/wp-json\/wp\/v2\/types\/product"}],"wp:attachment":[{"href":"https:\/\/games.tactic.net\/sv\/wp-json\/wp\/v2\/media?parent=720910"}],"wp:term":[{"taxonomy":"product_brand","embeddable":true,"href":"https:\/\/games.tactic.net\/sv\/wp-json\/wp\/v2\/product_brand?post=720910"},{"taxonomy":"product_cat","embeddable":true,"href":"https:\/\/games.tactic.net\/sv\/wp-json\/wp\/v2\/product_cat?post=720910"},{"taxonomy":"product_tag","embeddable":true,"href":"https:\/\/games.tactic.net\/sv\/wp-json\/wp\/v2\/product_tag?post=720910"},{"taxonomy":"brand","embeddable":true,"href":"https:\/\/games.tactic.net\/sv\/wp-json\/wp\/v2\/brand?post=720910"},{"taxonomy":"target-group","embeddable":true,"href":"https:\/\/games.tactic.net\/sv\/wp-json\/wp\/v2\/target-group?post=720910"},{"taxonomy":"discontinued","embeddable":true,"href":"https:\/\/games.tactic.net\/sv\/wp-json\/wp\/v2\/discontinued?post=720910"}],"curies":[{"name":"wp","href":"https:\/\/api.w.org\/{rel}","templated":true}]}}