{"id":720907,"date":"2023-04-19T13:06:27","date_gmt":"2023-04-19T10:06:27","guid":{"rendered":"https:\/\/games.tactic.net\/tuote\/penol-fiberpennor-30-pack-nse\/"},"modified":"2023-06-12T14:16:59","modified_gmt":"2023-06-12T11:16:59","slug":"penol-fiberpennor-30-pack-nse","status":"publish","type":"product","link":"https:\/\/games.tactic.net\/sv\/tuote\/penol-fiberpennor-30-pack-nse\/","title":{"rendered":"Penol Fiberpennor 30-pack NSE"},"content":{"rendered":"<p>1-1,5 mm fiberpennor i 30 olika f\u00e4rger. Idealisk att rita och skriva med. Ventilerade lock och vattenbaserat tv\u00e4ttbart bl\u00e4ck. Tillverkade i 100% f\u00f6rnybar plast. Svanenm\u00e4rkt, en garanti f\u00f6r en milj\u00f6m\u00e4ssigt ansvarig produkt. Fr\u00e5n 3 \u00e5r.<\/p>\n","protected":false},"excerpt":{"rendered":"<p>1-1,5 mm fiberpennor i 30 olika f\u00e4rger. Idealisk att rita och skriva med. Ventilerade lock och vattenbaserat tv\u00e4ttbart bl\u00e4ck. Tillverkade i 100% f\u00f6rnybar plast. Svanenm\u00e4rkt, en garanti f\u00f6r en milj\u00f6m\u00e4ssigt ansvarig produkt. Fr\u00e5n 3 \u00e5r.<\/p>\n","protected":false},"featured_media":0,"template":"","meta":{"content-type":"","_monsterinsights_skip_tracking":false,"_monsterinsights_sitenote_active":false,"_monsterinsights_sitenote_note":"","_monsterinsights_sitenote_category":0},"product_brand":[],"product_cat":[2158],"product_tag":[],"brand":[],"target-group":[],"discontinued":[],"class_list":{"0":"post-720907","1":"product","2":"type-product","3":"status-publish","5":"product_cat-farglaggning","7":"first","8":"instock","9":"taxable","10":"shipping-taxable","11":"product-type-simple"},"aioseo_notices":[],"_links":{"self":[{"href":"https:\/\/games.tactic.net\/sv\/wp-json\/wp\/v2\/product\/720907","targetHints":{"allow":["GET"]}}],"collection":[{"href":"https:\/\/games.tactic.net\/sv\/wp-json\/wp\/v2\/product"}],"about":[{"href":"https:\/\/games.tactic.net\/sv\/wp-json\/wp\/v2\/types\/product"}],"wp:attachment":[{"href":"https:\/\/games.tactic.net\/sv\/wp-json\/wp\/v2\/media?parent=720907"}],"wp:term":[{"taxonomy":"product_brand","embeddable":true,"href":"https:\/\/games.tactic.net\/sv\/wp-json\/wp\/v2\/product_brand?post=720907"},{"taxonomy":"product_cat","embeddable":true,"href":"https:\/\/games.tactic.net\/sv\/wp-json\/wp\/v2\/product_cat?post=720907"},{"taxonomy":"product_tag","embeddable":true,"href":"https:\/\/games.tactic.net\/sv\/wp-json\/wp\/v2\/product_tag?post=720907"},{"taxonomy":"brand","embeddable":true,"href":"https:\/\/games.tactic.net\/sv\/wp-json\/wp\/v2\/brand?post=720907"},{"taxonomy":"target-group","embeddable":true,"href":"https:\/\/games.tactic.net\/sv\/wp-json\/wp\/v2\/target-group?post=720907"},{"taxonomy":"discontinued","embeddable":true,"href":"https:\/\/games.tactic.net\/sv\/wp-json\/wp\/v2\/discontinued?post=720907"}],"curies":[{"name":"wp","href":"https:\/\/api.w.org\/{rel}","templated":true}]}}