{"id":720750,"date":"2023-04-19T12:46:27","date_gmt":"2023-04-19T09:46:27","guid":{"rendered":"https:\/\/games.tactic.net\/tuote\/penol-850-2-5m-whiteboard-markpenna-4st-lada-nse\/"},"modified":"2023-04-19T12:46:27","modified_gmt":"2023-04-19T09:46:27","slug":"penol-850-2-5m-whiteboard-markpenna-4st-lada-nse","status":"publish","type":"product","link":"https:\/\/games.tactic.net\/sv\/tuote\/penol-850-2-5m-whiteboard-markpenna-4st-lada-nse\/","title":{"rendered":"Penol 850 2-5m whiteboard m\u00e4rkpenna 4st l\u00e5da NSE"},"content":{"rendered":"<p>Snabbtorkande och vattenfast whiteboard-penna med bl\u00e4ck baserat p\u00e5 alkohol. Plastkroppen \u00e4r l\u00e4tt och h\u00e5llbar, och korken som f\u00f6rhindrar att pennan rullar h\u00e5ller den p\u00e5 plats p\u00e5 bordet. Snedskuren spets (2\u20135 mm) passar b\u00e5de f\u00f6r precisa markeringar och breda streck. Fyra olika f\u00e4rger. Produkten \u00e4r Svanenm\u00e4rkt, vilket garanterar en milj\u00f6anpassad produkt.<\/p>\n","protected":false},"excerpt":{"rendered":"<p>Snabbtorkande och vattenfast whiteboard-penna med bl\u00e4ck baserat p\u00e5 alkohol. Plastkroppen \u00e4r l\u00e4tt och h\u00e5llbar, och korken som f\u00f6rhindrar att pennan rullar h\u00e5ller den p\u00e5 plats p\u00e5 bordet. Snedskuren spets (2\u20135 mm) passar b\u00e5de f\u00f6r precisa markeringar och breda streck. Fyra olika f\u00e4rger. Produkten \u00e4r Svanenm\u00e4rkt, vilket garanterar en milj\u00f6anpassad produkt.<\/p>\n","protected":false},"featured_media":0,"template":"","meta":{"content-type":"","_monsterinsights_skip_tracking":false,"_monsterinsights_sitenote_active":false,"_monsterinsights_sitenote_note":"","_monsterinsights_sitenote_category":0},"product_brand":[],"product_cat":[2157],"product_tag":[],"brand":[],"target-group":[],"discontinued":[],"class_list":{"0":"post-720750","1":"product","2":"type-product","3":"status-publish","5":"product_cat-skrivning","7":"first","8":"outofstock","9":"taxable","10":"shipping-taxable","11":"product-type-simple"},"aioseo_notices":[],"_links":{"self":[{"href":"https:\/\/games.tactic.net\/sv\/wp-json\/wp\/v2\/product\/720750","targetHints":{"allow":["GET"]}}],"collection":[{"href":"https:\/\/games.tactic.net\/sv\/wp-json\/wp\/v2\/product"}],"about":[{"href":"https:\/\/games.tactic.net\/sv\/wp-json\/wp\/v2\/types\/product"}],"wp:attachment":[{"href":"https:\/\/games.tactic.net\/sv\/wp-json\/wp\/v2\/media?parent=720750"}],"wp:term":[{"taxonomy":"product_brand","embeddable":true,"href":"https:\/\/games.tactic.net\/sv\/wp-json\/wp\/v2\/product_brand?post=720750"},{"taxonomy":"product_cat","embeddable":true,"href":"https:\/\/games.tactic.net\/sv\/wp-json\/wp\/v2\/product_cat?post=720750"},{"taxonomy":"product_tag","embeddable":true,"href":"https:\/\/games.tactic.net\/sv\/wp-json\/wp\/v2\/product_tag?post=720750"},{"taxonomy":"brand","embeddable":true,"href":"https:\/\/games.tactic.net\/sv\/wp-json\/wp\/v2\/brand?post=720750"},{"taxonomy":"target-group","embeddable":true,"href":"https:\/\/games.tactic.net\/sv\/wp-json\/wp\/v2\/target-group?post=720750"},{"taxonomy":"discontinued","embeddable":true,"href":"https:\/\/games.tactic.net\/sv\/wp-json\/wp\/v2\/discontinued?post=720750"}],"curies":[{"name":"wp","href":"https:\/\/api.w.org\/{rel}","templated":true}]}}