{"id":720742,"date":"2023-04-19T12:42:36","date_gmt":"2023-04-19T09:42:36","guid":{"rendered":"https:\/\/games.tactic.net\/tuote\/penol-800-15mm-whiteboard-markpenna-nse-4st-lada\/"},"modified":"2023-04-19T12:42:36","modified_gmt":"2023-04-19T09:42:36","slug":"penol-800-15mm-whiteboard-markpenna-nse-4st-lada","status":"publish","type":"product","link":"https:\/\/games.tactic.net\/sv\/tuote\/penol-800-15mm-whiteboard-markpenna-nse-4st-lada\/","title":{"rendered":"Penol 800 1,5mm whiteboard m\u00e4rkpenna NSE 4st l\u00e5da"},"content":{"rendered":"<p>Snabbtorkande och vattenfast whiteboard-penna med bl\u00e4ck baserat p\u00e5 alkohol. Plastkroppen \u00e4r l\u00e4tt och h\u00e5llbar, och korken som f\u00f6rhindrar att pennan rullar h\u00e5ller den p\u00e5 plats p\u00e5 bordet. Fyra olika f\u00e4rger. Produkten \u00e4r Svanenm\u00e4rkt, vilket garanterar en milj\u00f6anpassad produkt.<\/p>\n","protected":false},"excerpt":{"rendered":"<p>Snabbtorkande och vattenfast whiteboard-penna med bl\u00e4ck baserat p\u00e5 alkohol. Plastkroppen \u00e4r l\u00e4tt och h\u00e5llbar, och korken som f\u00f6rhindrar att pennan rullar h\u00e5ller den p\u00e5 plats p\u00e5 bordet. Fyra olika f\u00e4rger. Produkten \u00e4r Svanenm\u00e4rkt, vilket garanterar en milj\u00f6anpassad produkt.<\/p>\n","protected":false},"featured_media":0,"template":"","meta":{"content-type":"","_monsterinsights_skip_tracking":false,"_monsterinsights_sitenote_active":false,"_monsterinsights_sitenote_note":"","_monsterinsights_sitenote_category":0},"product_brand":[],"product_cat":[2157],"product_tag":[],"brand":[],"target-group":[],"discontinued":[],"class_list":{"0":"post-720742","1":"product","2":"type-product","3":"status-publish","5":"product_cat-skrivning","7":"first","8":"instock","9":"taxable","10":"shipping-taxable","11":"product-type-simple"},"aioseo_notices":[],"_links":{"self":[{"href":"https:\/\/games.tactic.net\/sv\/wp-json\/wp\/v2\/product\/720742","targetHints":{"allow":["GET"]}}],"collection":[{"href":"https:\/\/games.tactic.net\/sv\/wp-json\/wp\/v2\/product"}],"about":[{"href":"https:\/\/games.tactic.net\/sv\/wp-json\/wp\/v2\/types\/product"}],"wp:attachment":[{"href":"https:\/\/games.tactic.net\/sv\/wp-json\/wp\/v2\/media?parent=720742"}],"wp:term":[{"taxonomy":"product_brand","embeddable":true,"href":"https:\/\/games.tactic.net\/sv\/wp-json\/wp\/v2\/product_brand?post=720742"},{"taxonomy":"product_cat","embeddable":true,"href":"https:\/\/games.tactic.net\/sv\/wp-json\/wp\/v2\/product_cat?post=720742"},{"taxonomy":"product_tag","embeddable":true,"href":"https:\/\/games.tactic.net\/sv\/wp-json\/wp\/v2\/product_tag?post=720742"},{"taxonomy":"brand","embeddable":true,"href":"https:\/\/games.tactic.net\/sv\/wp-json\/wp\/v2\/brand?post=720742"},{"taxonomy":"target-group","embeddable":true,"href":"https:\/\/games.tactic.net\/sv\/wp-json\/wp\/v2\/target-group?post=720742"},{"taxonomy":"discontinued","embeddable":true,"href":"https:\/\/games.tactic.net\/sv\/wp-json\/wp\/v2\/discontinued?post=720742"}],"curies":[{"name":"wp","href":"https:\/\/api.w.org\/{rel}","templated":true}]}}