{"id":720734,"date":"2023-04-19T12:37:24","date_gmt":"2023-04-19T09:37:24","guid":{"rendered":"https:\/\/games.tactic.net\/tuote\/penol-0750-2-5mm-permanent-markpenna-nse-4st-lada\/"},"modified":"2023-04-19T12:37:24","modified_gmt":"2023-04-19T09:37:24","slug":"penol-0750-2-5mm-permanent-markpenna-nse-4st-lada","status":"publish","type":"product","link":"https:\/\/games.tactic.net\/sv\/tuote\/penol-0750-2-5mm-permanent-markpenna-nse-4st-lada\/","title":{"rendered":"Penol 0750 2-5mm permanent m\u00e4rkpenna NSE 4st l\u00e5da"},"content":{"rendered":"<p>Milj\u00f6v\u00e4nlig permanent m\u00e4rkpenna med snedskuren spets. Blekningsbest\u00e4ndigt och snabbtorkande bl\u00e4ck baserat p\u00e5 alkohol. Plastkropp. Rullstoppande kork. 4 f\u00e4rger. Produkten \u00e4r Svanenm\u00e4rkt, vilket garanterar en milj\u00f6anpassad produkt.<\/p>\n","protected":false},"excerpt":{"rendered":"<p>Milj\u00f6v\u00e4nlig permanent m\u00e4rkpenna med snedskuren spets. Blekningsbest\u00e4ndigt och snabbtorkande bl\u00e4ck baserat p\u00e5 alkohol. Plastkropp. Rullstoppande kork. 4 f\u00e4rger. Produkten \u00e4r Svanenm\u00e4rkt, vilket garanterar en milj\u00f6anpassad produkt.<\/p>\n","protected":false},"featured_media":0,"template":"","meta":{"content-type":"","_monsterinsights_skip_tracking":false,"_monsterinsights_sitenote_active":false,"_monsterinsights_sitenote_note":"","_monsterinsights_sitenote_category":0},"product_brand":[],"product_cat":[2157],"product_tag":[],"brand":[],"target-group":[],"discontinued":[],"class_list":{"0":"post-720734","1":"product","2":"type-product","3":"status-publish","5":"product_cat-skrivning","7":"first","8":"instock","9":"taxable","10":"shipping-taxable","11":"product-type-simple"},"aioseo_notices":[],"_links":{"self":[{"href":"https:\/\/games.tactic.net\/sv\/wp-json\/wp\/v2\/product\/720734","targetHints":{"allow":["GET"]}}],"collection":[{"href":"https:\/\/games.tactic.net\/sv\/wp-json\/wp\/v2\/product"}],"about":[{"href":"https:\/\/games.tactic.net\/sv\/wp-json\/wp\/v2\/types\/product"}],"wp:attachment":[{"href":"https:\/\/games.tactic.net\/sv\/wp-json\/wp\/v2\/media?parent=720734"}],"wp:term":[{"taxonomy":"product_brand","embeddable":true,"href":"https:\/\/games.tactic.net\/sv\/wp-json\/wp\/v2\/product_brand?post=720734"},{"taxonomy":"product_cat","embeddable":true,"href":"https:\/\/games.tactic.net\/sv\/wp-json\/wp\/v2\/product_cat?post=720734"},{"taxonomy":"product_tag","embeddable":true,"href":"https:\/\/games.tactic.net\/sv\/wp-json\/wp\/v2\/product_tag?post=720734"},{"taxonomy":"brand","embeddable":true,"href":"https:\/\/games.tactic.net\/sv\/wp-json\/wp\/v2\/brand?post=720734"},{"taxonomy":"target-group","embeddable":true,"href":"https:\/\/games.tactic.net\/sv\/wp-json\/wp\/v2\/target-group?post=720734"},{"taxonomy":"discontinued","embeddable":true,"href":"https:\/\/games.tactic.net\/sv\/wp-json\/wp\/v2\/discontinued?post=720734"}],"curies":[{"name":"wp","href":"https:\/\/api.w.org\/{rel}","templated":true}]}}