{"id":720195,"date":"2023-04-17T10:13:34","date_gmt":"2023-04-17T07:13:34","guid":{"rendered":"https:\/\/games.tactic.net\/tuote\/lumo-stars-surprise-egg-unicorn-tuli\/"},"modified":"2023-04-17T10:13:34","modified_gmt":"2023-04-17T07:13:34","slug":"lumo-stars-surprise-egg-unicorn-tuli","status":"archive","type":"product","link":"https:\/\/games.tactic.net\/sv\/tuote\/lumo-stars-surprise-egg-unicorn-tuli\/","title":{"rendered":"Lumo Stars Surprise Egg Unicorn Tuli"},"content":{"rendered":"<p>Storlek 12,5 cm<\/p>\n<p>&#8221;Hej du! Visste du att mitt namn betyder eld p\u00e5 finska. Det passar mig bra, eftersom min p\u00e4ls har eldens f\u00e4rger.&#8221;<\/p>\n","protected":false},"excerpt":{"rendered":"<p>Storlek 12,5 cm &#8221;Hej du! Visste du att mitt namn betyder eld p\u00e5 finska. Det passar mig bra, eftersom min p\u00e4ls har eldens f\u00e4rger.&#8221;<\/p>\n","protected":false},"featured_media":0,"template":"","meta":{"content-type":"","_monsterinsights_skip_tracking":false,"_monsterinsights_sitenote_active":false,"_monsterinsights_sitenote_note":"","_monsterinsights_sitenote_category":0},"product_brand":[],"product_cat":[1581],"product_tag":[853,1264,854],"brand":[{"id":1018,"name":"Lumo Stars","slug":"lumo-stars-13"}],"target-group":[],"discontinued":[],"class_list":{"0":"post-720195","1":"product","2":"type-product","3":"status-archive","5":"product_cat-surprise-eggs","6":"product_tag-kramgo","7":"product_tag-lumo-stars-sv","8":"product_tag-mjukdjur","9":"brand-lumo-stars-13","11":"first","12":"outofstock","13":"taxable","14":"shipping-taxable","15":"product-type-simple"},"aioseo_notices":[],"_links":{"self":[{"href":"https:\/\/games.tactic.net\/sv\/wp-json\/wp\/v2\/product\/720195","targetHints":{"allow":["GET"]}}],"collection":[{"href":"https:\/\/games.tactic.net\/sv\/wp-json\/wp\/v2\/product"}],"about":[{"href":"https:\/\/games.tactic.net\/sv\/wp-json\/wp\/v2\/types\/product"}],"wp:attachment":[{"href":"https:\/\/games.tactic.net\/sv\/wp-json\/wp\/v2\/media?parent=720195"}],"wp:term":[{"taxonomy":"product_brand","embeddable":true,"href":"https:\/\/games.tactic.net\/sv\/wp-json\/wp\/v2\/product_brand?post=720195"},{"taxonomy":"product_cat","embeddable":true,"href":"https:\/\/games.tactic.net\/sv\/wp-json\/wp\/v2\/product_cat?post=720195"},{"taxonomy":"product_tag","embeddable":true,"href":"https:\/\/games.tactic.net\/sv\/wp-json\/wp\/v2\/product_tag?post=720195"},{"taxonomy":"brand","embeddable":true,"href":"https:\/\/games.tactic.net\/sv\/wp-json\/wp\/v2\/brand?post=720195"},{"taxonomy":"target-group","embeddable":true,"href":"https:\/\/games.tactic.net\/sv\/wp-json\/wp\/v2\/target-group?post=720195"},{"taxonomy":"discontinued","embeddable":true,"href":"https:\/\/games.tactic.net\/sv\/wp-json\/wp\/v2\/discontinued?post=720195"}],"curies":[{"name":"wp","href":"https:\/\/api.w.org\/{rel}","templated":true}]}}