{"id":701320,"date":"2023-01-23T14:41:09","date_gmt":"2023-01-23T12:41:09","guid":{"rendered":"https:\/\/games.tactic.net\/tuote\/lumo-stars-kawaii-axolotl\/"},"modified":"2025-07-17T13:37:38","modified_gmt":"2025-07-17T10:37:38","slug":"lumo-stars-kawaii-axolotl","status":"archive","type":"product","link":"https:\/\/games.tactic.net\/sv\/tuote\/lumo-stars-kawaii-axolotl\/","title":{"rendered":"Lumo Stars Kawaii Axolotl plush"},"content":{"rendered":"<p>Lumo Stars Kawaii &#8211; serien best\u00e5r av s\u00f6ta och lite ovanliga gosedjur. Lika h\u00e4rliga att krama som att inreda ett rum med.<\/p>\n","protected":false},"excerpt":{"rendered":"<p>Lumo Stars Kawaii &#8211; serien best\u00e5r av s\u00f6ta och lite ovanliga gosedjur. Lika h\u00e4rliga att krama som att inreda ett rum med.<\/p>\n","protected":false},"featured_media":0,"template":"","meta":{"content-type":"","_monsterinsights_skip_tracking":false,"_monsterinsights_sitenote_active":false,"_monsterinsights_sitenote_note":"","_monsterinsights_sitenote_category":0},"product_brand":[],"product_cat":[1559],"product_tag":[1264,854],"brand":[{"id":1018,"name":"Lumo Stars","slug":"lumo-stars-13"}],"target-group":[],"discontinued":[],"class_list":{"0":"post-701320","1":"product","2":"type-product","3":"status-archive","5":"product_cat-gosedjur-lumo-stars-5","6":"product_tag-lumo-stars-sv","7":"product_tag-mjukdjur","8":"brand-lumo-stars-13","10":"first","11":"outofstock","12":"taxable","13":"shipping-taxable","14":"product-type-simple"},"aioseo_notices":[],"_links":{"self":[{"href":"https:\/\/games.tactic.net\/sv\/wp-json\/wp\/v2\/product\/701320","targetHints":{"allow":["GET"]}}],"collection":[{"href":"https:\/\/games.tactic.net\/sv\/wp-json\/wp\/v2\/product"}],"about":[{"href":"https:\/\/games.tactic.net\/sv\/wp-json\/wp\/v2\/types\/product"}],"wp:attachment":[{"href":"https:\/\/games.tactic.net\/sv\/wp-json\/wp\/v2\/media?parent=701320"}],"wp:term":[{"taxonomy":"product_brand","embeddable":true,"href":"https:\/\/games.tactic.net\/sv\/wp-json\/wp\/v2\/product_brand?post=701320"},{"taxonomy":"product_cat","embeddable":true,"href":"https:\/\/games.tactic.net\/sv\/wp-json\/wp\/v2\/product_cat?post=701320"},{"taxonomy":"product_tag","embeddable":true,"href":"https:\/\/games.tactic.net\/sv\/wp-json\/wp\/v2\/product_tag?post=701320"},{"taxonomy":"brand","embeddable":true,"href":"https:\/\/games.tactic.net\/sv\/wp-json\/wp\/v2\/brand?post=701320"},{"taxonomy":"target-group","embeddable":true,"href":"https:\/\/games.tactic.net\/sv\/wp-json\/wp\/v2\/target-group?post=701320"},{"taxonomy":"discontinued","embeddable":true,"href":"https:\/\/games.tactic.net\/sv\/wp-json\/wp\/v2\/discontinued?post=701320"}],"curies":[{"name":"wp","href":"https:\/\/api.w.org\/{rel}","templated":true}]}}