{"id":695508,"date":"2023-01-10T10:19:19","date_gmt":"2023-01-10T08:19:19","guid":{"rendered":"http:\/\/games.tactic.net\/tuote\/mitt-forsta-tarningsspel-en-tavling-i-skogen\/"},"modified":"2025-12-08T15:21:54","modified_gmt":"2025-12-08T13:21:54","slug":"mitt-forsta-tarningsspel-en-tavling-i-skogen","status":"archive","type":"product","link":"https:\/\/games.tactic.net\/sv\/tuote\/mitt-forsta-tarningsspel-en-tavling-i-skogen\/","title":{"rendered":"En t\u00e4vling i skogen"},"content":{"rendered":"<p>G\u00f6r dig redo att kasta dig genom skogen! F\u00f6r att vinna det h\u00e4r loppet m\u00e5ste du vara f\u00f6rst med att hoppa l\u00e4ngs spelstigen och ta med dig b\u00e5da dina spelpj\u00e4ser tillbaka till ditt m\u00e5lomr\u00e5de. Specialplatserna erbjuder ov\u00e4ntad hj\u00e4lp! \u2013 Ett okomplicerat spel designat f\u00f6r de allra yngsta spelarna. \u2013 Med 8 fina tr\u00e4figurer och en tr\u00e4t\u00e4rning. \u2013 Inga plastdelar!<\/p>\n","protected":false},"excerpt":{"rendered":"<p>G\u00f6r dig redo att kasta dig genom skogen! F\u00f6r att vinna det h\u00e4r loppet m\u00e5ste du vara f\u00f6rst med att hoppa l\u00e4ngs spelstigen och ta med dig b\u00e5da dina spelpj\u00e4ser tillbaka till ditt m\u00e5lomr\u00e5de. Specialplatserna erbjuder ov\u00e4ntad hj\u00e4lp! \u2013 Ett okomplicerat spel designat f\u00f6r de allra yngsta spelarna. \u2013 Med 8 fina tr\u00e4figurer och en tr\u00e4t\u00e4rning. \u2013 Inga plastdelar!<\/p>\n","protected":false},"featured_media":0,"template":"","meta":{"content-type":"","_monsterinsights_skip_tracking":false,"_monsterinsights_sitenote_active":false,"_monsterinsights_sitenote_note":"","_monsterinsights_sitenote_category":0},"product_brand":[],"product_cat":[1462],"product_tag":[1254,1240,932,845],"brand":[],"target-group":[],"discontinued":[],"class_list":{"0":"post-695508","1":"product","2":"type-product","3":"status-archive","5":"product_cat-bradspel-barnspel","6":"product_tag-pedagogisk-sv","7":"product_tag-rakning-sv","8":"product_tag-tidsfordriv","9":"product_tag-tillsammans","11":"first","12":"outofstock","13":"taxable","14":"shipping-taxable","15":"product-type-simple"},"aioseo_notices":[],"_links":{"self":[{"href":"https:\/\/games.tactic.net\/sv\/wp-json\/wp\/v2\/product\/695508","targetHints":{"allow":["GET"]}}],"collection":[{"href":"https:\/\/games.tactic.net\/sv\/wp-json\/wp\/v2\/product"}],"about":[{"href":"https:\/\/games.tactic.net\/sv\/wp-json\/wp\/v2\/types\/product"}],"wp:attachment":[{"href":"https:\/\/games.tactic.net\/sv\/wp-json\/wp\/v2\/media?parent=695508"}],"wp:term":[{"taxonomy":"product_brand","embeddable":true,"href":"https:\/\/games.tactic.net\/sv\/wp-json\/wp\/v2\/product_brand?post=695508"},{"taxonomy":"product_cat","embeddable":true,"href":"https:\/\/games.tactic.net\/sv\/wp-json\/wp\/v2\/product_cat?post=695508"},{"taxonomy":"product_tag","embeddable":true,"href":"https:\/\/games.tactic.net\/sv\/wp-json\/wp\/v2\/product_tag?post=695508"},{"taxonomy":"brand","embeddable":true,"href":"https:\/\/games.tactic.net\/sv\/wp-json\/wp\/v2\/brand?post=695508"},{"taxonomy":"target-group","embeddable":true,"href":"https:\/\/games.tactic.net\/sv\/wp-json\/wp\/v2\/target-group?post=695508"},{"taxonomy":"discontinued","embeddable":true,"href":"https:\/\/games.tactic.net\/sv\/wp-json\/wp\/v2\/discontinued?post=695508"}],"curies":[{"name":"wp","href":"https:\/\/api.w.org\/{rel}","templated":true}]}}