{"id":695014,"date":"2023-01-10T09:23:05","date_gmt":"2023-01-10T07:23:05","guid":{"rendered":"http:\/\/games.tactic.net\/tuote\/mitt-forsta-spel-farglagg-kameleonten\/"},"modified":"2025-10-13T12:25:48","modified_gmt":"2025-10-13T09:25:48","slug":"mitt-forsta-spel-farglagg-kameleonten","status":"archive","type":"product","link":"https:\/\/games.tactic.net\/sv\/tuote\/mitt-forsta-spel-farglagg-kameleonten\/","title":{"rendered":"Tactic Mitt f\u00f6rsta spel F\u00e4rgl\u00e4gg kameleonten"},"content":{"rendered":"<p>Hj\u00e4lp kameleonterna att hitta sina f\u00e4rger! De h\u00e4r kameleonter har sovit lite f\u00f6r l\u00e4nge, f\u00f6r de har tappat alla sina f\u00e4rger. Sl\u00e5 t\u00e4rningen, flytta runt p\u00e5 spelbr\u00e4det och f\u00f6rs\u00f6k att hitta r\u00e4tt f\u00e4rger f\u00f6r att f\u00e5 din kameleont glad igen! \u2013 Ett okomplicerat spel designat f\u00f6r de allra yngsta spelarna. \u2013 Stora spelfigurer av tr\u00e4 och en tr\u00e4t\u00e4rning medf\u00f6ljer. \u2013 Inga plastdelar!<\/p>\n","protected":false},"excerpt":{"rendered":"<p>Hj\u00e4lp kameleonterna att hitta sina f\u00e4rger! De h\u00e4r kameleonter har sovit lite f\u00f6r l\u00e4nge, f\u00f6r de har tappat alla sina f\u00e4rger. Sl\u00e5 t\u00e4rningen, flytta runt p\u00e5 spelbr\u00e4det och f\u00f6rs\u00f6k att hitta r\u00e4tt f\u00e4rger f\u00f6r att f\u00e5 din kameleont glad igen! \u2013 Ett okomplicerat spel designat f\u00f6r de allra yngsta spelarna. \u2013 Stora spelfigurer av tr\u00e4 och en tr\u00e4t\u00e4rning medf\u00f6ljer. \u2013 Inga plastdelar!<\/p>\n","protected":false},"featured_media":0,"template":"","meta":{"content-type":"","_monsterinsights_skip_tracking":false,"_monsterinsights_sitenote_active":false,"_monsterinsights_sitenote_note":"","_monsterinsights_sitenote_category":0},"product_brand":[],"product_cat":[1462],"product_tag":[1235,1254,1240,932,845],"brand":[],"target-group":[],"discontinued":[],"class_list":{"0":"post-695014","1":"product","2":"type-product","3":"status-archive","5":"product_cat-bradspel-barnspel","6":"product_tag-kombinera-sv","7":"product_tag-pedagogisk-sv","8":"product_tag-rakning-sv","9":"product_tag-tidsfordriv","10":"product_tag-tillsammans","12":"first","13":"outofstock","14":"taxable","15":"shipping-taxable","16":"product-type-simple"},"aioseo_notices":[],"_links":{"self":[{"href":"https:\/\/games.tactic.net\/sv\/wp-json\/wp\/v2\/product\/695014","targetHints":{"allow":["GET"]}}],"collection":[{"href":"https:\/\/games.tactic.net\/sv\/wp-json\/wp\/v2\/product"}],"about":[{"href":"https:\/\/games.tactic.net\/sv\/wp-json\/wp\/v2\/types\/product"}],"wp:attachment":[{"href":"https:\/\/games.tactic.net\/sv\/wp-json\/wp\/v2\/media?parent=695014"}],"wp:term":[{"taxonomy":"product_brand","embeddable":true,"href":"https:\/\/games.tactic.net\/sv\/wp-json\/wp\/v2\/product_brand?post=695014"},{"taxonomy":"product_cat","embeddable":true,"href":"https:\/\/games.tactic.net\/sv\/wp-json\/wp\/v2\/product_cat?post=695014"},{"taxonomy":"product_tag","embeddable":true,"href":"https:\/\/games.tactic.net\/sv\/wp-json\/wp\/v2\/product_tag?post=695014"},{"taxonomy":"brand","embeddable":true,"href":"https:\/\/games.tactic.net\/sv\/wp-json\/wp\/v2\/brand?post=695014"},{"taxonomy":"target-group","embeddable":true,"href":"https:\/\/games.tactic.net\/sv\/wp-json\/wp\/v2\/target-group?post=695014"},{"taxonomy":"discontinued","embeddable":true,"href":"https:\/\/games.tactic.net\/sv\/wp-json\/wp\/v2\/discontinued?post=695014"}],"curies":[{"name":"wp","href":"https:\/\/api.w.org\/{rel}","templated":true}]}}