{"id":694872,"date":"2023-01-10T09:20:51","date_gmt":"2023-01-10T07:20:51","guid":{"rendered":"http:\/\/games.tactic.net\/tuote\/mina-djurvanner\/"},"modified":"2025-10-13T12:25:00","modified_gmt":"2025-10-13T09:25:00","slug":"mina-djurvanner","status":"archive","type":"product","link":"https:\/\/games.tactic.net\/sv\/tuote\/mina-djurvanner\/","title":{"rendered":"Tactic L\u00e4r dig Mina Djurv\u00e4nner br\u00e4dspel"},"content":{"rendered":"<p>Hitta delarna f\u00f6r att bilda alla djur! Sprid ut de tv\u00e5 olika typerna av delar p\u00e5 bordet, blanda dem och turas om f\u00f6r att hitta de tv\u00e5 delar som tillh\u00f6r varje djur. N\u00e4r du hittar en kanin hoppar tr\u00e4kaninfiguren \u00f6ver till dig \u2013 och hj\u00e4lper dig kanske att vinna! \u2013 Ett memospel som \u00e4ven fr\u00e4mjar finmotoriken. \u2013 En s\u00f6t kaninfigur i tr\u00e4 ing\u00e5r. \u2013 Anpassa spelet efter spelarnas f\u00f6rm\u00e5ga!<\/p>\n","protected":false},"excerpt":{"rendered":"<p>Hitta delarna f\u00f6r att bilda alla djur! Sprid ut de tv\u00e5 olika typerna av delar p\u00e5 bordet, blanda dem och turas om f\u00f6r att hitta de tv\u00e5 delar som tillh\u00f6r varje djur. N\u00e4r du hittar en kanin hoppar tr\u00e4kaninfiguren \u00f6ver till dig \u2013 och hj\u00e4lper dig kanske att vinna!<\/p>\n","protected":false},"featured_media":0,"template":"","meta":{"content-type":"","_monsterinsights_skip_tracking":false,"_monsterinsights_sitenote_active":false,"_monsterinsights_sitenote_note":"","_monsterinsights_sitenote_category":0},"product_brand":[],"product_cat":[1519],"product_tag":[1235,1254],"brand":[{"id":864,"name":"Let's Learn","slug":"letslearn-sv"}],"target-group":[],"discontinued":[],"class_list":{"0":"post-694872","1":"product","2":"type-product","3":"status-archive","5":"product_cat-lar-spel-barnspel","6":"product_tag-kombinera-sv","7":"product_tag-pedagogisk-sv","8":"brand-letslearn-sv","10":"first","11":"outofstock","12":"taxable","13":"shipping-taxable","14":"product-type-simple"},"aioseo_notices":[],"_links":{"self":[{"href":"https:\/\/games.tactic.net\/sv\/wp-json\/wp\/v2\/product\/694872","targetHints":{"allow":["GET"]}}],"collection":[{"href":"https:\/\/games.tactic.net\/sv\/wp-json\/wp\/v2\/product"}],"about":[{"href":"https:\/\/games.tactic.net\/sv\/wp-json\/wp\/v2\/types\/product"}],"wp:attachment":[{"href":"https:\/\/games.tactic.net\/sv\/wp-json\/wp\/v2\/media?parent=694872"}],"wp:term":[{"taxonomy":"product_brand","embeddable":true,"href":"https:\/\/games.tactic.net\/sv\/wp-json\/wp\/v2\/product_brand?post=694872"},{"taxonomy":"product_cat","embeddable":true,"href":"https:\/\/games.tactic.net\/sv\/wp-json\/wp\/v2\/product_cat?post=694872"},{"taxonomy":"product_tag","embeddable":true,"href":"https:\/\/games.tactic.net\/sv\/wp-json\/wp\/v2\/product_tag?post=694872"},{"taxonomy":"brand","embeddable":true,"href":"https:\/\/games.tactic.net\/sv\/wp-json\/wp\/v2\/brand?post=694872"},{"taxonomy":"target-group","embeddable":true,"href":"https:\/\/games.tactic.net\/sv\/wp-json\/wp\/v2\/target-group?post=694872"},{"taxonomy":"discontinued","embeddable":true,"href":"https:\/\/games.tactic.net\/sv\/wp-json\/wp\/v2\/discontinued?post=694872"}],"curies":[{"name":"wp","href":"https:\/\/api.w.org\/{rel}","templated":true}]}}