{"id":694467,"date":"2023-01-09T15:26:16","date_gmt":"2023-01-09T13:26:16","guid":{"rendered":"http:\/\/games.tactic.net\/tuote\/save-the-sea-dump-bin\/"},"modified":"2023-02-09T11:33:58","modified_gmt":"2023-02-09T09:33:58","slug":"save-the-sea-dump-bin","status":"publish","type":"product","link":"https:\/\/games.tactic.net\/sv\/tuote\/save-the-sea-dump-bin\/","title":{"rendered":"Save the Sea Dump Bin"},"content":{"rendered":"<p>En dump bin f\u00f6r display av djuren fr\u00e5n Save the Sea &#8211; serien av gosedjur.<br \/>\nInformation om att djuren \u00e4r skapade av material som r\u00e4ddats ur havet syns tydligt, samtidigt som den visar upp djuren.<\/p>\n","protected":false},"excerpt":{"rendered":"<p>En dump bin f\u00f6r display av djuren fr\u00e5n Save the Sea &#8211; serien av gosedjur. Information om att djuren \u00e4r skapade av material som r\u00e4ddats ur havet syns tydligt, samtidigt som den visar upp djuren.<\/p>\n","protected":false},"featured_media":0,"template":"","meta":{"content-type":"","_monsterinsights_skip_tracking":false,"_monsterinsights_sitenote_active":false,"_monsterinsights_sitenote_note":"","_monsterinsights_sitenote_category":0},"product_brand":[],"product_cat":[2121],"product_tag":[],"brand":[],"target-group":[],"discontinued":[],"class_list":{"0":"post-694467","1":"product","2":"type-product","3":"status-publish","5":"product_cat-save-the-sea-leksaker","7":"first","8":"instock","9":"taxable","10":"shipping-taxable","11":"product-type-simple"},"aioseo_notices":[],"_links":{"self":[{"href":"https:\/\/games.tactic.net\/sv\/wp-json\/wp\/v2\/product\/694467","targetHints":{"allow":["GET"]}}],"collection":[{"href":"https:\/\/games.tactic.net\/sv\/wp-json\/wp\/v2\/product"}],"about":[{"href":"https:\/\/games.tactic.net\/sv\/wp-json\/wp\/v2\/types\/product"}],"wp:attachment":[{"href":"https:\/\/games.tactic.net\/sv\/wp-json\/wp\/v2\/media?parent=694467"}],"wp:term":[{"taxonomy":"product_brand","embeddable":true,"href":"https:\/\/games.tactic.net\/sv\/wp-json\/wp\/v2\/product_brand?post=694467"},{"taxonomy":"product_cat","embeddable":true,"href":"https:\/\/games.tactic.net\/sv\/wp-json\/wp\/v2\/product_cat?post=694467"},{"taxonomy":"product_tag","embeddable":true,"href":"https:\/\/games.tactic.net\/sv\/wp-json\/wp\/v2\/product_tag?post=694467"},{"taxonomy":"brand","embeddable":true,"href":"https:\/\/games.tactic.net\/sv\/wp-json\/wp\/v2\/brand?post=694467"},{"taxonomy":"target-group","embeddable":true,"href":"https:\/\/games.tactic.net\/sv\/wp-json\/wp\/v2\/target-group?post=694467"},{"taxonomy":"discontinued","embeddable":true,"href":"https:\/\/games.tactic.net\/sv\/wp-json\/wp\/v2\/discontinued?post=694467"}],"curies":[{"name":"wp","href":"https:\/\/api.w.org\/{rel}","templated":true}]}}