{"id":693154,"date":"2023-01-09T13:16:07","date_gmt":"2023-01-09T11:16:07","guid":{"rendered":"http:\/\/games.tactic.net\/tuote\/save-the-sea-octopus-frans\/"},"modified":"2023-10-20T08:25:01","modified_gmt":"2023-10-20T05:25:01","slug":"save-the-sea-octopus-frans","status":"publish","type":"product","link":"https:\/\/games.tactic.net\/sv\/tuote\/save-the-sea-octopus-frans\/","title":{"rendered":"Tactic Save the Sea Octopus Frans plush"},"content":{"rendered":"<p>Frans kommer fr\u00e5n havet, precis som hans v\u00e4nner fr\u00e5n Save the Sea &#8211; serien. Alla Save the Sea- gosedjur \u00e4r tillverkade av plast fr\u00e5n plastflaskor som rensats upp ur havet. Djuren \u00e4r dessutom helt \u00e5tervinningsbara. L\u00e4r barn om vikten av att v\u00e4lja bra produkter f\u00f6r en h\u00e5llbar framtid.<\/p>\n","protected":false},"excerpt":{"rendered":"<p>L\u00e4r med biet Tico \u2013 ett kul s\u00e4tt inf\u00f6r skolstarten! Du l\u00e4r bokst\u00e4verna fr\u00e5n A-\u00d6 och att stava enkla ord i fyra olika spelvarianter. De f\u00e4rgglada bilderna och de m\u00e5nga bokstavsbrickorna g\u00f6r det kul att l\u00e4ra!<\/p>\n","protected":false},"featured_media":0,"template":"","meta":{"content-type":"","_monsterinsights_skip_tracking":false,"_monsterinsights_sitenote_active":false,"_monsterinsights_sitenote_note":"","_monsterinsights_sitenote_category":0},"product_brand":[],"product_cat":[2121],"product_tag":[854],"brand":[{"id":2122,"name":"Save the sea","slug":"save-the-sea-se"}],"target-group":[],"discontinued":[],"class_list":{"0":"post-693154","1":"product","2":"type-product","3":"status-publish","5":"product_cat-save-the-sea-leksaker","6":"product_tag-mjukdjur","7":"brand-save-the-sea-se","9":"first","10":"instock","11":"taxable","12":"shipping-taxable","13":"product-type-simple"},"aioseo_notices":[],"_links":{"self":[{"href":"https:\/\/games.tactic.net\/sv\/wp-json\/wp\/v2\/product\/693154","targetHints":{"allow":["GET"]}}],"collection":[{"href":"https:\/\/games.tactic.net\/sv\/wp-json\/wp\/v2\/product"}],"about":[{"href":"https:\/\/games.tactic.net\/sv\/wp-json\/wp\/v2\/types\/product"}],"wp:attachment":[{"href":"https:\/\/games.tactic.net\/sv\/wp-json\/wp\/v2\/media?parent=693154"}],"wp:term":[{"taxonomy":"product_brand","embeddable":true,"href":"https:\/\/games.tactic.net\/sv\/wp-json\/wp\/v2\/product_brand?post=693154"},{"taxonomy":"product_cat","embeddable":true,"href":"https:\/\/games.tactic.net\/sv\/wp-json\/wp\/v2\/product_cat?post=693154"},{"taxonomy":"product_tag","embeddable":true,"href":"https:\/\/games.tactic.net\/sv\/wp-json\/wp\/v2\/product_tag?post=693154"},{"taxonomy":"brand","embeddable":true,"href":"https:\/\/games.tactic.net\/sv\/wp-json\/wp\/v2\/brand?post=693154"},{"taxonomy":"target-group","embeddable":true,"href":"https:\/\/games.tactic.net\/sv\/wp-json\/wp\/v2\/target-group?post=693154"},{"taxonomy":"discontinued","embeddable":true,"href":"https:\/\/games.tactic.net\/sv\/wp-json\/wp\/v2\/discontinued?post=693154"}],"curies":[{"name":"wp","href":"https:\/\/api.w.org\/{rel}","templated":true}]}}