{"id":691703,"date":"2023-01-09T13:08:26","date_gmt":"2023-01-09T11:08:26","guid":{"rendered":"http:\/\/games.tactic.net\/tuote\/save-the-sea-fish-fisu\/"},"modified":"2023-10-20T08:22:25","modified_gmt":"2023-10-20T05:22:25","slug":"save-the-sea-fish-fisu","status":"publish","type":"product","link":"https:\/\/games.tactic.net\/sv\/tuote\/save-the-sea-fish-fisu\/","title":{"rendered":"Tactic Save the Sea Fish Fisu plush"},"content":{"rendered":"<p>Fisken Fisu kommer fr\u00e5n havet, precis som hens v\u00e4nner fr\u00e5n Save the Sea &#8211; serien. Alla Save the Sea- gosedjur \u00e4r tillverkade av plast fr\u00e5n plastflaskor som rensats upp ur havet. Djuren \u00e4r dessutom helt \u00e5tervinningsbara. L\u00e4r barn om vikten av att v\u00e4lja bra produkter f\u00f6r en h\u00e5llbar framtid.<\/p>\n","protected":false},"excerpt":{"rendered":"<p>Fisken Fisu kommer fr\u00e5n havet, precis som hens v\u00e4nner fr\u00e5n Save the Sea &#8211; serien. Alla Save the Sea- gosedjur \u00e4r tillverkade av plast fr\u00e5n plastflaskor som rensats upp ur havet. Djuren \u00e4r dessutom helt \u00e5tervinningsbara. L\u00e4r barn om vikten av att v\u00e4lja bra produkter f\u00f6r en h\u00e5llbar framtid.<\/p>\n","protected":false},"featured_media":0,"template":"","meta":{"content-type":"","_monsterinsights_skip_tracking":false,"_monsterinsights_sitenote_active":false,"_monsterinsights_sitenote_note":"","_monsterinsights_sitenote_category":0},"product_brand":[],"product_cat":[2121],"product_tag":[854],"brand":[{"id":2122,"name":"Save the sea","slug":"save-the-sea-se"}],"target-group":[],"discontinued":[],"class_list":{"0":"post-691703","1":"product","2":"type-product","3":"status-publish","5":"product_cat-save-the-sea-leksaker","6":"product_tag-mjukdjur","7":"brand-save-the-sea-se","9":"first","10":"instock","11":"taxable","12":"shipping-taxable","13":"product-type-simple"},"aioseo_notices":[],"_links":{"self":[{"href":"https:\/\/games.tactic.net\/sv\/wp-json\/wp\/v2\/product\/691703","targetHints":{"allow":["GET"]}}],"collection":[{"href":"https:\/\/games.tactic.net\/sv\/wp-json\/wp\/v2\/product"}],"about":[{"href":"https:\/\/games.tactic.net\/sv\/wp-json\/wp\/v2\/types\/product"}],"wp:attachment":[{"href":"https:\/\/games.tactic.net\/sv\/wp-json\/wp\/v2\/media?parent=691703"}],"wp:term":[{"taxonomy":"product_brand","embeddable":true,"href":"https:\/\/games.tactic.net\/sv\/wp-json\/wp\/v2\/product_brand?post=691703"},{"taxonomy":"product_cat","embeddable":true,"href":"https:\/\/games.tactic.net\/sv\/wp-json\/wp\/v2\/product_cat?post=691703"},{"taxonomy":"product_tag","embeddable":true,"href":"https:\/\/games.tactic.net\/sv\/wp-json\/wp\/v2\/product_tag?post=691703"},{"taxonomy":"brand","embeddable":true,"href":"https:\/\/games.tactic.net\/sv\/wp-json\/wp\/v2\/brand?post=691703"},{"taxonomy":"target-group","embeddable":true,"href":"https:\/\/games.tactic.net\/sv\/wp-json\/wp\/v2\/target-group?post=691703"},{"taxonomy":"discontinued","embeddable":true,"href":"https:\/\/games.tactic.net\/sv\/wp-json\/wp\/v2\/discontinued?post=691703"}],"curies":[{"name":"wp","href":"https:\/\/api.w.org\/{rel}","templated":true}]}}