{"id":691211,"date":"2023-01-04T07:52:46","date_gmt":"2023-01-04T05:52:46","guid":{"rendered":"http:\/\/games.tactic.net\/tuote\/en-fest-for-fantasin-malarbok\/"},"modified":"2023-09-27T11:34:38","modified_gmt":"2023-09-27T08:34:38","slug":"en-fest-for-fantasin-malarbok","status":"publish","type":"product","link":"https:\/\/games.tactic.net\/sv\/tuote\/en-fest-for-fantasin-malarbok\/","title":{"rendered":"Tactic En fest f\u00f6r fantasin, M\u00e5larbok f\u00f6r vuxna"},"content":{"rendered":"<p>S\u00e4tt dig bekv\u00e4mt, ta fram dina pennor och l\u00e5t de detaljerade m\u00e5larbilderna i boken inspirera dig. Uppt\u00e4ck f\u00e4rgl\u00e4ggande &#8211; ett avslappnande och kreativt tidsf\u00f6rdriv.<\/p>\n","protected":false},"excerpt":{"rendered":"<p>S\u00e4tt dig bekv\u00e4mt, ta fram dina pennor och l\u00e5t de detaljerade m\u00e5larbilderna i boken inspirera dig. Uppt\u00e4ck f\u00e4rgl\u00e4ggande &#8211; ett avslappnande och kreativt tidsf\u00f6rdriv.<\/p>\n","protected":false},"featured_media":0,"template":"","meta":{"content-type":"","_monsterinsights_skip_tracking":false,"_monsterinsights_sitenote_active":false,"_monsterinsights_sitenote_note":"","_monsterinsights_sitenote_category":0},"product_brand":[],"product_cat":[798],"product_tag":[],"brand":[],"target-group":[],"discontinued":[],"class_list":{"0":"post-691211","1":"product","2":"type-product","3":"status-publish","5":"product_cat-bocker","7":"first","8":"instock","9":"taxable","10":"shipping-taxable","11":"product-type-simple"},"aioseo_notices":[],"_links":{"self":[{"href":"https:\/\/games.tactic.net\/sv\/wp-json\/wp\/v2\/product\/691211","targetHints":{"allow":["GET"]}}],"collection":[{"href":"https:\/\/games.tactic.net\/sv\/wp-json\/wp\/v2\/product"}],"about":[{"href":"https:\/\/games.tactic.net\/sv\/wp-json\/wp\/v2\/types\/product"}],"wp:attachment":[{"href":"https:\/\/games.tactic.net\/sv\/wp-json\/wp\/v2\/media?parent=691211"}],"wp:term":[{"taxonomy":"product_brand","embeddable":true,"href":"https:\/\/games.tactic.net\/sv\/wp-json\/wp\/v2\/product_brand?post=691211"},{"taxonomy":"product_cat","embeddable":true,"href":"https:\/\/games.tactic.net\/sv\/wp-json\/wp\/v2\/product_cat?post=691211"},{"taxonomy":"product_tag","embeddable":true,"href":"https:\/\/games.tactic.net\/sv\/wp-json\/wp\/v2\/product_tag?post=691211"},{"taxonomy":"brand","embeddable":true,"href":"https:\/\/games.tactic.net\/sv\/wp-json\/wp\/v2\/brand?post=691211"},{"taxonomy":"target-group","embeddable":true,"href":"https:\/\/games.tactic.net\/sv\/wp-json\/wp\/v2\/target-group?post=691211"},{"taxonomy":"discontinued","embeddable":true,"href":"https:\/\/games.tactic.net\/sv\/wp-json\/wp\/v2\/discontinued?post=691211"}],"curies":[{"name":"wp","href":"https:\/\/api.w.org\/{rel}","templated":true}]}}