{"id":690857,"date":"2022-12-30T11:29:45","date_gmt":"2022-12-30T09:29:45","guid":{"rendered":"http:\/\/games.tactic.net\/tuote\/my-first-puzzle-play-driving-in-the-city\/"},"modified":"2023-10-19T14:59:38","modified_gmt":"2023-10-19T11:59:38","slug":"my-first-puzzle-play-driving-in-the-city","status":"publish","type":"product","link":"https:\/\/games.tactic.net\/sv\/tuote\/my-first-puzzle-play-driving-in-the-city\/","title":{"rendered":"Tactic My First Puzzle &#038; Play Driving in the City"},"content":{"rendered":"<p>Skapa en liten v\u00e4rld f\u00f6r fantasifull lek! S\u00e4tt ihop jumbodelarna f\u00f6r att skapa en liten v\u00e4rld fylld av detaljer. Anv\u00e4nd sedan de inkluderade elementen och ta med dina favoritleksaker f\u00f6r gr\u00e4nsl\u00f6s underh\u00e5llning. \u2013 Med 1 tr\u00e4figur, 16 kartongfigurer och 16 pj\u00e4ser att leka med! \u2013 Skaffa alla tre Puzzle &#038; Play-produkterna f\u00f6r att bygga en \u00e4nnu st\u00f6rre v\u00e4rld att spela i.<\/p>\n","protected":false},"excerpt":{"rendered":"<p>Skapa en liten v\u00e4rld f\u00f6r fantasifull lek! S\u00e4tt ihop jumbodelarna f\u00f6r att skapa en liten v\u00e4rld fylld av detaljer. Anv\u00e4nd sedan de inkluderade elementen och ta med dina favoritleksaker f\u00f6r gr\u00e4nsl\u00f6s underh\u00e5llning.<\/p>\n","protected":false},"featured_media":0,"template":"","meta":{"content-type":"","_monsterinsights_skip_tracking":false,"_monsterinsights_sitenote_active":false,"_monsterinsights_sitenote_note":"","_monsterinsights_sitenote_category":0},"product_brand":[],"product_cat":[1571],"product_tag":[],"brand":[],"target-group":[],"discontinued":[],"class_list":{"0":"post-690857","1":"product","2":"type-product","3":"status-publish","5":"product_cat-barn-pussel-barnspel","7":"first","8":"instock","9":"taxable","10":"shipping-taxable","11":"product-type-simple"},"aioseo_notices":[],"_links":{"self":[{"href":"https:\/\/games.tactic.net\/sv\/wp-json\/wp\/v2\/product\/690857","targetHints":{"allow":["GET"]}}],"collection":[{"href":"https:\/\/games.tactic.net\/sv\/wp-json\/wp\/v2\/product"}],"about":[{"href":"https:\/\/games.tactic.net\/sv\/wp-json\/wp\/v2\/types\/product"}],"wp:attachment":[{"href":"https:\/\/games.tactic.net\/sv\/wp-json\/wp\/v2\/media?parent=690857"}],"wp:term":[{"taxonomy":"product_brand","embeddable":true,"href":"https:\/\/games.tactic.net\/sv\/wp-json\/wp\/v2\/product_brand?post=690857"},{"taxonomy":"product_cat","embeddable":true,"href":"https:\/\/games.tactic.net\/sv\/wp-json\/wp\/v2\/product_cat?post=690857"},{"taxonomy":"product_tag","embeddable":true,"href":"https:\/\/games.tactic.net\/sv\/wp-json\/wp\/v2\/product_tag?post=690857"},{"taxonomy":"brand","embeddable":true,"href":"https:\/\/games.tactic.net\/sv\/wp-json\/wp\/v2\/brand?post=690857"},{"taxonomy":"target-group","embeddable":true,"href":"https:\/\/games.tactic.net\/sv\/wp-json\/wp\/v2\/target-group?post=690857"},{"taxonomy":"discontinued","embeddable":true,"href":"https:\/\/games.tactic.net\/sv\/wp-json\/wp\/v2\/discontinued?post=690857"}],"curies":[{"name":"wp","href":"https:\/\/api.w.org\/{rel}","templated":true}]}}