{"id":688572,"date":"2022-12-19T14:05:21","date_gmt":"2022-12-19T12:05:21","guid":{"rendered":"http:\/\/games.tactic.net\/tuote\/kurragomma-i-dinosaurieparken\/"},"modified":"2023-07-19T10:24:13","modified_gmt":"2023-07-19T07:24:13","slug":"kurragomma-i-dinosaurieparken","status":"publish","type":"product","link":"https:\/\/games.tactic.net\/sv\/tuote\/kurragomma-i-dinosaurieparken\/","title":{"rendered":"Kurrag\u00f6mma i Dinosaurieparken"},"content":{"rendered":"<p>Kan du hitta alla dinosaurier som g\u00f6mmer sig i djungeln? Spelbr\u00e4det \u00e4r fullt av ur\u00e5ldriga reptiler, men kan du hitta alla innan de andra spelarna?<br \/>\n\u2013 Det f\u00f6r\u00e4nderliga spelbr\u00e4det \u00e4r olika f\u00f6r varje spel!<br \/>\n\u2013 Dubbelsidigt spelbr\u00e4de \u2013 med tv\u00e5 sv\u00e5righetsgrader.<br \/>\n\u2013 Med ett h\u00e4fte som inneh\u00e5ller information om varje dinosaurie.<\/p>\n<p><img decoding=\"async\" src=\"https:\\\\games.tactic.net\\pic\\logo\\Awarded_concept.png\"><\/p>\n","protected":false},"excerpt":{"rendered":"<p>Kan du hitta alla dinosaurier som g\u00f6mmer sig i djungeln? Spelbr\u00e4det \u00e4r fullt av ur\u00e5ldriga reptiler, men kan du hitta alla innan de andra spelarna?<br \/>\n\u2013 Det f\u00f6r\u00e4nderliga spelbr\u00e4det \u00e4r olika f\u00f6r varje spel!<br \/>\n\u2013 Dubbelsidigt spelbr\u00e4de \u2013 med tv\u00e5 sv\u00e5righetsgrader.<br \/>\n\u2013 Med ett h\u00e4fte som inneh\u00e5ller information om varje dinosaurie.<\/p>\n","protected":false},"featured_media":0,"template":"","meta":{"content-type":"","_monsterinsights_skip_tracking":false,"_monsterinsights_sitenote_active":false,"_monsterinsights_sitenote_note":"","_monsterinsights_sitenote_category":0},"product_brand":[],"product_cat":[1462],"product_tag":[1235],"brand":[],"target-group":[],"discontinued":[],"class_list":{"0":"post-688572","1":"product","2":"type-product","3":"status-publish","5":"product_cat-bradspel-barnspel","6":"product_tag-kombinera-sv","8":"first","9":"instock","10":"taxable","11":"shipping-taxable","12":"product-type-simple"},"aioseo_notices":[],"_links":{"self":[{"href":"https:\/\/games.tactic.net\/sv\/wp-json\/wp\/v2\/product\/688572","targetHints":{"allow":["GET"]}}],"collection":[{"href":"https:\/\/games.tactic.net\/sv\/wp-json\/wp\/v2\/product"}],"about":[{"href":"https:\/\/games.tactic.net\/sv\/wp-json\/wp\/v2\/types\/product"}],"wp:attachment":[{"href":"https:\/\/games.tactic.net\/sv\/wp-json\/wp\/v2\/media?parent=688572"}],"wp:term":[{"taxonomy":"product_brand","embeddable":true,"href":"https:\/\/games.tactic.net\/sv\/wp-json\/wp\/v2\/product_brand?post=688572"},{"taxonomy":"product_cat","embeddable":true,"href":"https:\/\/games.tactic.net\/sv\/wp-json\/wp\/v2\/product_cat?post=688572"},{"taxonomy":"product_tag","embeddable":true,"href":"https:\/\/games.tactic.net\/sv\/wp-json\/wp\/v2\/product_tag?post=688572"},{"taxonomy":"brand","embeddable":true,"href":"https:\/\/games.tactic.net\/sv\/wp-json\/wp\/v2\/brand?post=688572"},{"taxonomy":"target-group","embeddable":true,"href":"https:\/\/games.tactic.net\/sv\/wp-json\/wp\/v2\/target-group?post=688572"},{"taxonomy":"discontinued","embeddable":true,"href":"https:\/\/games.tactic.net\/sv\/wp-json\/wp\/v2\/discontinued?post=688572"}],"curies":[{"name":"wp","href":"https:\/\/api.w.org\/{rel}","templated":true}]}}