{"id":688340,"date":"2022-12-16T13:37:18","date_gmt":"2022-12-16T11:37:18","guid":{"rendered":"http:\/\/games.tactic.net\/tuote\/resespel-ordjakten\/"},"modified":"2023-09-27T12:30:50","modified_gmt":"2023-09-27T09:30:50","slug":"resespel-ordjakten","status":"publish","type":"product","link":"https:\/\/games.tactic.net\/sv\/tuote\/resespel-ordjakten\/","title":{"rendered":"Tactic Ordjakten resespel"},"content":{"rendered":"<p>Det h\u00e4r \u00e4r bingo med en twist! Kom p\u00e5 ord som b\u00f6rjar med bokst\u00e4verna p\u00e5 din bricka och som passar \u00e4mnena, innan sanden rinner ut. Specialkorten ger f\u00f6rdelar som f\u00f6r\u00e4ndrar spelet n\u00e4r du minst anar det! \u2013 Bekant bingo med en ordrik twist! \u2013 Praktisk resestorlek!<\/p>\n","protected":false},"excerpt":{"rendered":"<p>Det h\u00e4r \u00e4r bingo med en twist! Kom p\u00e5 ord som b\u00f6rjar med bokst\u00e4verna p\u00e5 din bricka och som passar \u00e4mnena, innan sanden rinner ut. Specialkorten ger f\u00f6rdelar som f\u00f6r\u00e4ndrar spelet n\u00e4r du minst anar det! Bekant bingo med en ordrik twist! Praktisk resestorlek.<\/p>\n","protected":false},"featured_media":0,"template":"","meta":{"content-type":"","_monsterinsights_skip_tracking":false,"_monsterinsights_sitenote_active":false,"_monsterinsights_sitenote_note":"","_monsterinsights_sitenote_category":0},"product_brand":[],"product_cat":[813],"product_tag":[],"brand":[],"target-group":[],"discontinued":[],"class_list":{"0":"post-688340","1":"product","2":"type-product","3":"status-publish","5":"product_cat-resespel","7":"first","8":"instock","9":"taxable","10":"shipping-taxable","11":"product-type-simple"},"aioseo_notices":[],"_links":{"self":[{"href":"https:\/\/games.tactic.net\/sv\/wp-json\/wp\/v2\/product\/688340","targetHints":{"allow":["GET"]}}],"collection":[{"href":"https:\/\/games.tactic.net\/sv\/wp-json\/wp\/v2\/product"}],"about":[{"href":"https:\/\/games.tactic.net\/sv\/wp-json\/wp\/v2\/types\/product"}],"wp:attachment":[{"href":"https:\/\/games.tactic.net\/sv\/wp-json\/wp\/v2\/media?parent=688340"}],"wp:term":[{"taxonomy":"product_brand","embeddable":true,"href":"https:\/\/games.tactic.net\/sv\/wp-json\/wp\/v2\/product_brand?post=688340"},{"taxonomy":"product_cat","embeddable":true,"href":"https:\/\/games.tactic.net\/sv\/wp-json\/wp\/v2\/product_cat?post=688340"},{"taxonomy":"product_tag","embeddable":true,"href":"https:\/\/games.tactic.net\/sv\/wp-json\/wp\/v2\/product_tag?post=688340"},{"taxonomy":"brand","embeddable":true,"href":"https:\/\/games.tactic.net\/sv\/wp-json\/wp\/v2\/brand?post=688340"},{"taxonomy":"target-group","embeddable":true,"href":"https:\/\/games.tactic.net\/sv\/wp-json\/wp\/v2\/target-group?post=688340"},{"taxonomy":"discontinued","embeddable":true,"href":"https:\/\/games.tactic.net\/sv\/wp-json\/wp\/v2\/discontinued?post=688340"}],"curies":[{"name":"wp","href":"https:\/\/api.w.org\/{rel}","templated":true}]}}