{"id":684758,"date":"2022-12-13T16:28:59","date_gmt":"2022-12-13T14:28:59","guid":{"rendered":"http:\/\/games.tactic.net\/tuote\/resespel-mitt-i-prick\/"},"modified":"2023-10-17T19:09:25","modified_gmt":"2023-10-17T16:09:25","slug":"resespel-mitt-i-prick","status":"publish","type":"product","link":"https:\/\/games.tactic.net\/sv\/tuote\/resespel-mitt-i-prick\/","title":{"rendered":"Tactic Mitt i prick resespel"},"content":{"rendered":"<p>Vem s\u00e4ger att genomsnittlighet \u00e4r tr\u00e5kigt? F\u00f6r att vinna detta spel m\u00e5ste du h\u00e5lla dig n\u00e4ra v\u00e4gens mitt. I Mitt i prick t\u00e4vlar spelarna om vems svar som konsekvent ligger mest i mitten. \u2013 Ett annorlunda trivia-spel! \u2013 Praktisk resestorlek!<\/p>\n","protected":false},"excerpt":{"rendered":"<p>Vem s\u00e4ger att genomsnittlighet \u00e4r tr\u00e5kigt? F\u00f6r att vinna detta spel m\u00e5ste du h\u00e5lla dig n\u00e4ra v\u00e4gens mitt. I Mitt i prick t\u00e4vlar spelarna om vems svar som konsekvent ligger mest i mitten. Ett annorlunda trivia-spel! Praktisk resestorlek.<\/p>\n","protected":false},"featured_media":0,"template":"","meta":{"content-type":"","_monsterinsights_skip_tracking":false,"_monsterinsights_sitenote_active":false,"_monsterinsights_sitenote_note":"","_monsterinsights_sitenote_category":0},"product_brand":[],"product_cat":[813],"product_tag":[],"brand":[],"target-group":[],"discontinued":[],"class_list":{"0":"post-684758","1":"product","2":"type-product","3":"status-publish","5":"product_cat-resespel","7":"first","8":"instock","9":"taxable","10":"shipping-taxable","11":"product-type-simple"},"aioseo_notices":[],"_links":{"self":[{"href":"https:\/\/games.tactic.net\/sv\/wp-json\/wp\/v2\/product\/684758","targetHints":{"allow":["GET"]}}],"collection":[{"href":"https:\/\/games.tactic.net\/sv\/wp-json\/wp\/v2\/product"}],"about":[{"href":"https:\/\/games.tactic.net\/sv\/wp-json\/wp\/v2\/types\/product"}],"wp:attachment":[{"href":"https:\/\/games.tactic.net\/sv\/wp-json\/wp\/v2\/media?parent=684758"}],"wp:term":[{"taxonomy":"product_brand","embeddable":true,"href":"https:\/\/games.tactic.net\/sv\/wp-json\/wp\/v2\/product_brand?post=684758"},{"taxonomy":"product_cat","embeddable":true,"href":"https:\/\/games.tactic.net\/sv\/wp-json\/wp\/v2\/product_cat?post=684758"},{"taxonomy":"product_tag","embeddable":true,"href":"https:\/\/games.tactic.net\/sv\/wp-json\/wp\/v2\/product_tag?post=684758"},{"taxonomy":"brand","embeddable":true,"href":"https:\/\/games.tactic.net\/sv\/wp-json\/wp\/v2\/brand?post=684758"},{"taxonomy":"target-group","embeddable":true,"href":"https:\/\/games.tactic.net\/sv\/wp-json\/wp\/v2\/target-group?post=684758"},{"taxonomy":"discontinued","embeddable":true,"href":"https:\/\/games.tactic.net\/sv\/wp-json\/wp\/v2\/discontinued?post=684758"}],"curies":[{"name":"wp","href":"https:\/\/api.w.org\/{rel}","templated":true}]}}