{"id":683746,"date":"2022-12-12T12:11:40","date_gmt":"2022-12-12T10:11:40","guid":{"rendered":"http:\/\/games.tactic.net\/tuote\/dinosaur-kimble\/"},"modified":"2023-10-25T13:25:46","modified_gmt":"2023-10-25T10:25:46","slug":"dinosaur-kimble","status":"publish","type":"product","link":"https:\/\/games.tactic.net\/sv\/tuote\/dinosaur-kimble\/","title":{"rendered":"Tactic Kimble Dinosaur br\u00e4dspel"},"content":{"rendered":"<p>Spela med dinosaurier! Ta dig snabbast fram p\u00e5 br\u00e4det i detta Fia-spel och flytta dina fyra spelpj\u00e4ser till m\u00e5llinjen. Men akta dig! Andra spelare kan s\u00e4tta stopp f\u00f6r dig\u2026 &#8211; Ett sp\u00e4nnande klassiskt spel f\u00f6r hela familjen! &#8211; Kommer med ett slitstarkt spelbr\u00e4de i plast och en rolig hoppande t\u00e4rning.<\/p>\n","protected":false},"excerpt":{"rendered":"<p>G\u00f6r dig redo att t\u00e4vla med dinosaurier! Snabba dig runt spelplanen, flytta alla fyra pj\u00e4serna mot dina m\u00e5lomr\u00e5den \u2013 men se upp f\u00f6r de andra spelarna som kommer att f\u00f6rs\u00f6ka stoppa dig\u2026 \u2013 Ett klassiskt familjespel med massor av sp\u00e4nning! \u2013 Med en h\u00e5llbar spelplan i plast och rolig t\u00e4rning.<\/p>\n","protected":false},"featured_media":0,"template":"","meta":{"content-type":"","_monsterinsights_skip_tracking":false,"_monsterinsights_sitenote_active":false,"_monsterinsights_sitenote_note":"","_monsterinsights_sitenote_category":0},"product_brand":[],"product_cat":[1462],"product_tag":[1238,1265,857],"brand":[{"id":1272,"name":"Kimble","slug":"kimble-3"}],"target-group":[],"discontinued":[],"class_list":{"0":"post-683746","1":"product","2":"type-product","3":"status-publish","5":"product_cat-bradspel-barnspel","6":"product_tag-strategi-sv","7":"product_tag-taktik-sv","8":"product_tag-tur","9":"brand-kimble-3","11":"first","12":"instock","13":"taxable","14":"shipping-taxable","15":"product-type-simple"},"aioseo_notices":[],"_links":{"self":[{"href":"https:\/\/games.tactic.net\/sv\/wp-json\/wp\/v2\/product\/683746","targetHints":{"allow":["GET"]}}],"collection":[{"href":"https:\/\/games.tactic.net\/sv\/wp-json\/wp\/v2\/product"}],"about":[{"href":"https:\/\/games.tactic.net\/sv\/wp-json\/wp\/v2\/types\/product"}],"wp:attachment":[{"href":"https:\/\/games.tactic.net\/sv\/wp-json\/wp\/v2\/media?parent=683746"}],"wp:term":[{"taxonomy":"product_brand","embeddable":true,"href":"https:\/\/games.tactic.net\/sv\/wp-json\/wp\/v2\/product_brand?post=683746"},{"taxonomy":"product_cat","embeddable":true,"href":"https:\/\/games.tactic.net\/sv\/wp-json\/wp\/v2\/product_cat?post=683746"},{"taxonomy":"product_tag","embeddable":true,"href":"https:\/\/games.tactic.net\/sv\/wp-json\/wp\/v2\/product_tag?post=683746"},{"taxonomy":"brand","embeddable":true,"href":"https:\/\/games.tactic.net\/sv\/wp-json\/wp\/v2\/brand?post=683746"},{"taxonomy":"target-group","embeddable":true,"href":"https:\/\/games.tactic.net\/sv\/wp-json\/wp\/v2\/target-group?post=683746"},{"taxonomy":"discontinued","embeddable":true,"href":"https:\/\/games.tactic.net\/sv\/wp-json\/wp\/v2\/discontinued?post=683746"}],"curies":[{"name":"wp","href":"https:\/\/api.w.org\/{rel}","templated":true}]}}