{"id":66497,"date":"2021-02-16T16:14:11","date_gmt":"2021-02-16T14:14:11","guid":{"rendered":"https:\/\/dev.tactic.net\/tuote\/peppa-pigfootsteps\/"},"modified":"2022-03-22T12:41:54","modified_gmt":"2022-03-22T10:41:54","slug":"peppa-pigfootsteps","status":"archive","type":"product","link":"https:\/\/games.tactic.net\/sv\/tuote\/peppa-pigfootsteps\/","title":{"rendered":"Greta Gris Leriga fotsp\u00e5r"},"content":{"rendered":"<p class=\"MsoNormal\" style=\"line-height: normal;margin-bottom: 0pt\"><span lang=\"SV\">Vad \u00e4r det b\u00e4sta med regnv\u00e4der? Stora gyttjep\u00f6lar, s\u00e5 klart! Varje spelare l\u00e5ter sin figur hoppa i s\u00e5 m\u00e5nga rutor i spell\u00e5dan som m\u00f6jligt och l\u00e4mnar leriga fotsp\u00e5r efter sig. Den f\u00f6rsta spelare som har l\u00e4mnat leriga fotsp\u00e5r runt hela staden vinner spelet. Ha kul och \u00f6va upp finmotoriken med Greta Gris!<\/span><\/p>\n","protected":false},"excerpt":{"rendered":"<p class=\"MsoNormal\" style=\"line-height: normal;margin-bottom: 0pt\"><b><span lang=\"SV\" style='font-family: \"Cambria\",serif'>Vad \u00e4r det b\u00e4sta med regnv\u00e4der? Stora gyttjep\u00f6lar, s\u00e5 klart! Varje spelare l\u00e5ter sin figur hoppa i s\u00e5 m\u00e5nga rutor i spell\u00e5dan som m\u00f6jligt och l\u00e4mnar leriga fotsp\u00e5r efter sig. Den f\u00f6rsta spelare som har l\u00e4mnat leriga fotsp\u00e5r runt hela staden vinner spelet. Ha kul och \u00f6va upp finmotoriken med Greta Gris!<\/span><\/b><\/p>\n","protected":false},"featured_media":0,"template":"","meta":{"content-type":"","_monsterinsights_skip_tracking":false,"_monsterinsights_sitenote_active":false,"_monsterinsights_sitenote_note":"","_monsterinsights_sitenote_category":0},"product_brand":[],"product_cat":[1462],"product_tag":[1220],"brand":[],"target-group":[],"discontinued":[],"class_list":{"0":"post-66497","1":"product","2":"type-product","3":"status-archive","5":"product_cat-bradspel-barnspel","6":"product_tag-aktion-sv","8":"first","9":"outofstock","10":"taxable","11":"shipping-taxable","12":"product-type-simple"},"aioseo_notices":[],"_links":{"self":[{"href":"https:\/\/games.tactic.net\/sv\/wp-json\/wp\/v2\/product\/66497","targetHints":{"allow":["GET"]}}],"collection":[{"href":"https:\/\/games.tactic.net\/sv\/wp-json\/wp\/v2\/product"}],"about":[{"href":"https:\/\/games.tactic.net\/sv\/wp-json\/wp\/v2\/types\/product"}],"wp:attachment":[{"href":"https:\/\/games.tactic.net\/sv\/wp-json\/wp\/v2\/media?parent=66497"}],"wp:term":[{"taxonomy":"product_brand","embeddable":true,"href":"https:\/\/games.tactic.net\/sv\/wp-json\/wp\/v2\/product_brand?post=66497"},{"taxonomy":"product_cat","embeddable":true,"href":"https:\/\/games.tactic.net\/sv\/wp-json\/wp\/v2\/product_cat?post=66497"},{"taxonomy":"product_tag","embeddable":true,"href":"https:\/\/games.tactic.net\/sv\/wp-json\/wp\/v2\/product_tag?post=66497"},{"taxonomy":"brand","embeddable":true,"href":"https:\/\/games.tactic.net\/sv\/wp-json\/wp\/v2\/brand?post=66497"},{"taxonomy":"target-group","embeddable":true,"href":"https:\/\/games.tactic.net\/sv\/wp-json\/wp\/v2\/target-group?post=66497"},{"taxonomy":"discontinued","embeddable":true,"href":"https:\/\/games.tactic.net\/sv\/wp-json\/wp\/v2\/discontinued?post=66497"}],"curies":[{"name":"wp","href":"https:\/\/api.w.org\/{rel}","templated":true}]}}