{"id":66439,"date":"2021-02-16T15:59:52","date_gmt":"2021-02-16T13:59:52","guid":{"rendered":"https:\/\/dev.tactic.net\/tuote\/lets-learn-trivia-game\/"},"modified":"2024-09-09T10:22:25","modified_gmt":"2024-09-09T07:22:25","slug":"lets-learn-trivia-game","status":"archive","type":"product","link":"https:\/\/games.tactic.net\/sv\/tuote\/lets-learn-trivia-game\/","title":{"rendered":"Tactic L\u00e4r dig Mitt f\u00f6rsta fr\u00e5gespel br\u00e4dspel"},"content":{"rendered":"<p>V\u00e4rlden \u00e4r full av fascinerande och roliga saker som barn \u00e4lskar att unders\u00f6ka ur alla m\u00f6jliga vinklar. I detta s\u00f6ta spel f\u00e5r de ocks\u00e5 l\u00e4ra sig att f\u00f6rklara sina observationer. Fr\u00e5gorna p\u00e5 korten uppmuntrar spelarna att beskriva och fundera p\u00e5 b\u00e5de nya och v\u00e4lbekanta saker under den trygga v\u00e4gledningen av n\u00e5gon vuxen.<\/p>\n","protected":false},"excerpt":{"rendered":"<p>MITT F\u00d6RSTA FR\u00c5GESPEL ger barnet m\u00f6jlighet att anv\u00e4nda sin fantasi, kreativitet och kunskap fr\u00e5n sin egen v\u00e4rld. Genom att svara p\u00e5 fr\u00e5gor och l\u00f6sa uppgifter med b\u00e5de givna och \u00f6ppna svar l\u00e4r sig barnet nya saker och har samtidigt roligt.<\/p>\n","protected":false},"featured_media":0,"template":"","meta":{"content-type":"","_monsterinsights_skip_tracking":false,"_monsterinsights_sitenote_active":false,"_monsterinsights_sitenote_note":"","_monsterinsights_sitenote_category":0},"product_brand":[],"product_cat":[1462],"product_tag":[1254],"brand":[{"id":864,"name":"Let's Learn","slug":"letslearn-sv"}],"target-group":[],"discontinued":[],"class_list":{"0":"post-66439","1":"product","2":"type-product","3":"status-archive","5":"product_cat-bradspel-barnspel","6":"product_tag-pedagogisk-sv","7":"brand-letslearn-sv","9":"first","10":"outofstock","11":"taxable","12":"shipping-taxable","13":"product-type-simple"},"aioseo_notices":[],"_links":{"self":[{"href":"https:\/\/games.tactic.net\/sv\/wp-json\/wp\/v2\/product\/66439","targetHints":{"allow":["GET"]}}],"collection":[{"href":"https:\/\/games.tactic.net\/sv\/wp-json\/wp\/v2\/product"}],"about":[{"href":"https:\/\/games.tactic.net\/sv\/wp-json\/wp\/v2\/types\/product"}],"wp:attachment":[{"href":"https:\/\/games.tactic.net\/sv\/wp-json\/wp\/v2\/media?parent=66439"}],"wp:term":[{"taxonomy":"product_brand","embeddable":true,"href":"https:\/\/games.tactic.net\/sv\/wp-json\/wp\/v2\/product_brand?post=66439"},{"taxonomy":"product_cat","embeddable":true,"href":"https:\/\/games.tactic.net\/sv\/wp-json\/wp\/v2\/product_cat?post=66439"},{"taxonomy":"product_tag","embeddable":true,"href":"https:\/\/games.tactic.net\/sv\/wp-json\/wp\/v2\/product_tag?post=66439"},{"taxonomy":"brand","embeddable":true,"href":"https:\/\/games.tactic.net\/sv\/wp-json\/wp\/v2\/brand?post=66439"},{"taxonomy":"target-group","embeddable":true,"href":"https:\/\/games.tactic.net\/sv\/wp-json\/wp\/v2\/target-group?post=66439"},{"taxonomy":"discontinued","embeddable":true,"href":"https:\/\/games.tactic.net\/sv\/wp-json\/wp\/v2\/discontinued?post=66439"}],"curies":[{"name":"wp","href":"https:\/\/api.w.org\/{rel}","templated":true}]}}