{"id":66381,"date":"2021-02-16T15:37:15","date_gmt":"2021-02-16T13:37:15","guid":{"rendered":"https:\/\/dev.tactic.net\/tuote\/varldens-barn\/"},"modified":"2023-10-17T19:21:15","modified_gmt":"2023-10-17T16:21:15","slug":"varldens-barn","status":"publish","type":"product","link":"https:\/\/games.tactic.net\/sv\/tuote\/varldens-barn\/","title":{"rendered":"Tactic V\u00e4rldens barn br\u00e4dspel"},"content":{"rendered":"<p>Nu b\u00e4r det av ut p\u00e5 \u00e4ventyr! Kom ih\u00e5g att ta med dig ett glatt hum\u00f6r och en massa nyfikenhet! V\u00e4rldens barn \u00e4r ett stort, f\u00e4rgglatt f\u00f6nster mot hela vida v\u00e4rlden och n\u00e5gra av alla de kulturer man kan tr\u00e4ffa p\u00e5. Spelarna spelar tillsammans, r\u00f6r sig \u00f6ver spelplanen och utf\u00f6r roliga uppgifter f\u00f6r att samla st\u00e4mplar i sina pass. L\u00e4r dig mer om de saker som f\u00f6renar alla v\u00e4rldens barn och \u00e4ven om de saker som g\u00f6r att varje individ \u00e4r helt unik!<\/p>\n<p><img decoding=\"async\" src=\"https:\\\\\\\\games.tactic.net\\\\pic\\\\logo\\\\Awarded_concept.png\"><\/p>\n","protected":false},"excerpt":{"rendered":"<p>Toppen att l\u00e4ra sig om m\u00e5nga olika kulturer! Alla \u00e4r vi unika, men vi \u00e4r \u00e4nd\u00e5 lika mycket v\u00e4rda. I det h\u00e4r spelet f\u00e5r man l\u00e4ra sig saker om m\u00e5nga olika l\u00e4nder, vilket g\u00f6r det till en perfekt b\u00f6rjan p\u00e5 en livsl\u00e5ng fascination f\u00f6r olika kulturer. Att f\u00e5 utforska olika folkslag och kulturer v\u00e4cker barnens naturliga nyfikenhet och f\u00e5r dem engagerade i spelet om och om igen.<\/p>\n","protected":false},"featured_media":0,"template":"","meta":{"content-type":"","_monsterinsights_skip_tracking":false,"_monsterinsights_sitenote_active":false,"_monsterinsights_sitenote_note":"","_monsterinsights_sitenote_category":0},"product_brand":[],"product_cat":[1462,1519],"product_tag":[1254],"brand":[{"id":864,"name":"Let's Learn","slug":"letslearn-sv"}],"target-group":[],"discontinued":[],"class_list":{"0":"post-66381","1":"product","2":"type-product","3":"status-publish","5":"product_cat-bradspel-barnspel","6":"product_cat-lar-spel-barnspel","7":"product_tag-pedagogisk-sv","8":"brand-letslearn-sv","10":"first","11":"instock","12":"taxable","13":"shipping-taxable","14":"product-type-simple"},"aioseo_notices":[],"_links":{"self":[{"href":"https:\/\/games.tactic.net\/sv\/wp-json\/wp\/v2\/product\/66381","targetHints":{"allow":["GET"]}}],"collection":[{"href":"https:\/\/games.tactic.net\/sv\/wp-json\/wp\/v2\/product"}],"about":[{"href":"https:\/\/games.tactic.net\/sv\/wp-json\/wp\/v2\/types\/product"}],"wp:attachment":[{"href":"https:\/\/games.tactic.net\/sv\/wp-json\/wp\/v2\/media?parent=66381"}],"wp:term":[{"taxonomy":"product_brand","embeddable":true,"href":"https:\/\/games.tactic.net\/sv\/wp-json\/wp\/v2\/product_brand?post=66381"},{"taxonomy":"product_cat","embeddable":true,"href":"https:\/\/games.tactic.net\/sv\/wp-json\/wp\/v2\/product_cat?post=66381"},{"taxonomy":"product_tag","embeddable":true,"href":"https:\/\/games.tactic.net\/sv\/wp-json\/wp\/v2\/product_tag?post=66381"},{"taxonomy":"brand","embeddable":true,"href":"https:\/\/games.tactic.net\/sv\/wp-json\/wp\/v2\/brand?post=66381"},{"taxonomy":"target-group","embeddable":true,"href":"https:\/\/games.tactic.net\/sv\/wp-json\/wp\/v2\/target-group?post=66381"},{"taxonomy":"discontinued","embeddable":true,"href":"https:\/\/games.tactic.net\/sv\/wp-json\/wp\/v2\/discontinued?post=66381"}],"curies":[{"name":"wp","href":"https:\/\/api.w.org\/{rel}","templated":true}]}}