{"id":66112,"date":"2021-02-16T14:38:34","date_gmt":"2021-02-16T12:38:34","guid":{"rendered":"https:\/\/dev.tactic.net\/tuote\/lar-dig-naturen\/"},"modified":"2025-12-08T09:51:42","modified_gmt":"2025-12-08T07:51:42","slug":"lar-dig-naturen","status":"archive","type":"product","link":"https:\/\/games.tactic.net\/sv\/tuote\/lar-dig-naturen\/","title":{"rendered":"Tactic L\u00e4r dig Naturen br\u00e4dspel"},"content":{"rendered":"<p>Naturen \u00e4r full av fascinerande underverk och varelser f\u00f6r dig att uppt\u00e4cka. V\u00e4lj en \u00e5rstid och f\u00f6rs\u00f6k bilda par av olika bilder som h\u00f6r ihop och l\u00e4gg dem p\u00e5 din spelplan. Om du har lagt bilderna r\u00e4tt s\u00e5 f\u00e5r du en fin bild p\u00e5 spelplanens baksida. Den spelare som f\u00f6rst har lagt alla sina nio brickor korrekt vinner.<\/p>\n","protected":false},"excerpt":{"rendered":"<p>Naturen \u00e4r full av fascinerande underverk och varelser f\u00f6r dig att uppt\u00e4cka. V\u00e4lj en \u00e5rstid och f\u00f6rs\u00f6k bilda par av olika bilder som h\u00f6r ihop och l\u00e4gg dem p\u00e5 din spelplan. Om du har lagt bilderna r\u00e4tt s\u00e5 f\u00e5r du en fin bild p\u00e5 spelplanens baksida. Den spelare som f\u00f6rst har lagt alla sina nio brickor korrekt vinner.<\/p>\n","protected":false},"featured_media":0,"template":"","meta":{"content-type":"","_monsterinsights_skip_tracking":false,"_monsterinsights_sitenote_active":false,"_monsterinsights_sitenote_note":"","_monsterinsights_sitenote_category":0},"product_brand":[],"product_cat":[1519],"product_tag":[1254],"brand":[{"id":864,"name":"Let's Learn","slug":"letslearn-sv"}],"target-group":[],"discontinued":[],"class_list":{"0":"post-66112","1":"product","2":"type-product","3":"status-archive","5":"product_cat-lar-spel-barnspel","6":"product_tag-pedagogisk-sv","7":"brand-letslearn-sv","9":"first","10":"outofstock","11":"taxable","12":"shipping-taxable","13":"product-type-simple"},"aioseo_notices":[],"_links":{"self":[{"href":"https:\/\/games.tactic.net\/sv\/wp-json\/wp\/v2\/product\/66112","targetHints":{"allow":["GET"]}}],"collection":[{"href":"https:\/\/games.tactic.net\/sv\/wp-json\/wp\/v2\/product"}],"about":[{"href":"https:\/\/games.tactic.net\/sv\/wp-json\/wp\/v2\/types\/product"}],"wp:attachment":[{"href":"https:\/\/games.tactic.net\/sv\/wp-json\/wp\/v2\/media?parent=66112"}],"wp:term":[{"taxonomy":"product_brand","embeddable":true,"href":"https:\/\/games.tactic.net\/sv\/wp-json\/wp\/v2\/product_brand?post=66112"},{"taxonomy":"product_cat","embeddable":true,"href":"https:\/\/games.tactic.net\/sv\/wp-json\/wp\/v2\/product_cat?post=66112"},{"taxonomy":"product_tag","embeddable":true,"href":"https:\/\/games.tactic.net\/sv\/wp-json\/wp\/v2\/product_tag?post=66112"},{"taxonomy":"brand","embeddable":true,"href":"https:\/\/games.tactic.net\/sv\/wp-json\/wp\/v2\/brand?post=66112"},{"taxonomy":"target-group","embeddable":true,"href":"https:\/\/games.tactic.net\/sv\/wp-json\/wp\/v2\/target-group?post=66112"},{"taxonomy":"discontinued","embeddable":true,"href":"https:\/\/games.tactic.net\/sv\/wp-json\/wp\/v2\/discontinued?post=66112"}],"curies":[{"name":"wp","href":"https:\/\/api.w.org\/{rel}","templated":true}]}}