{"id":66097,"date":"2021-02-16T14:36:26","date_gmt":"2021-02-16T12:36:26","guid":{"rendered":"https:\/\/dev.tactic.net\/tuote\/lar-dig-farg-form\/"},"modified":"2023-10-17T19:10:57","modified_gmt":"2023-10-17T16:10:57","slug":"lar-dig-farg-form","status":"publish","type":"product","link":"https:\/\/games.tactic.net\/sv\/tuote\/lar-dig-farg-form\/","title":{"rendered":"L\u00e4r dig f\u00e4rg &#038; form"},"content":{"rendered":"<p>Dyk in i f\u00e4rgernas och formernas underbara v\u00e4rld och l\u00e4r dig k\u00e4nna igen dem. Fyll din egen spelplan med brickor som matchar din f\u00e4rg. Den som kommer f\u00f6rst till fyra brickor har vunnit. I spelet tr\u00e4nar barnet sin observationsf\u00f6rm\u00e5ga och finmotorik. Det \u00e4r aldrig f\u00f6r tidigt att l\u00e4ra!<\/p>\n","protected":false},"excerpt":{"rendered":"<p>Dyk in i f\u00e4rgernas och formernas underbara v\u00e4rld och l\u00e4r dig k\u00e4nna igen dem. Fyll din egen spelplan med brickor som matchar din f\u00e4rg. Den som kommer f\u00f6rst till fyra brickor har vunnit.<\/p>\n","protected":false},"featured_media":0,"template":"","meta":{"content-type":"","_monsterinsights_skip_tracking":false,"_monsterinsights_sitenote_active":false,"_monsterinsights_sitenote_note":"","_monsterinsights_sitenote_category":0},"product_brand":[],"product_cat":[1519],"product_tag":[1254],"brand":[{"id":864,"name":"Let's Learn","slug":"letslearn-sv"}],"target-group":[],"discontinued":[],"class_list":{"0":"post-66097","1":"product","2":"type-product","3":"status-publish","5":"product_cat-lar-spel-barnspel","6":"product_tag-pedagogisk-sv","7":"brand-letslearn-sv","9":"first","10":"instock","11":"taxable","12":"shipping-taxable","13":"product-type-simple"},"aioseo_notices":[],"_links":{"self":[{"href":"https:\/\/games.tactic.net\/sv\/wp-json\/wp\/v2\/product\/66097","targetHints":{"allow":["GET"]}}],"collection":[{"href":"https:\/\/games.tactic.net\/sv\/wp-json\/wp\/v2\/product"}],"about":[{"href":"https:\/\/games.tactic.net\/sv\/wp-json\/wp\/v2\/types\/product"}],"wp:attachment":[{"href":"https:\/\/games.tactic.net\/sv\/wp-json\/wp\/v2\/media?parent=66097"}],"wp:term":[{"taxonomy":"product_brand","embeddable":true,"href":"https:\/\/games.tactic.net\/sv\/wp-json\/wp\/v2\/product_brand?post=66097"},{"taxonomy":"product_cat","embeddable":true,"href":"https:\/\/games.tactic.net\/sv\/wp-json\/wp\/v2\/product_cat?post=66097"},{"taxonomy":"product_tag","embeddable":true,"href":"https:\/\/games.tactic.net\/sv\/wp-json\/wp\/v2\/product_tag?post=66097"},{"taxonomy":"brand","embeddable":true,"href":"https:\/\/games.tactic.net\/sv\/wp-json\/wp\/v2\/brand?post=66097"},{"taxonomy":"target-group","embeddable":true,"href":"https:\/\/games.tactic.net\/sv\/wp-json\/wp\/v2\/target-group?post=66097"},{"taxonomy":"discontinued","embeddable":true,"href":"https:\/\/games.tactic.net\/sv\/wp-json\/wp\/v2\/discontinued?post=66097"}],"curies":[{"name":"wp","href":"https:\/\/api.w.org\/{rel}","templated":true}]}}