{"id":66080,"date":"2021-02-16T14:35:44","date_gmt":"2021-02-16T12:35:44","guid":{"rendered":"https:\/\/dev.tactic.net\/tuote\/lar-dig-siffror\/"},"modified":"2025-02-21T16:28:51","modified_gmt":"2025-02-21T14:28:51","slug":"lar-dig-siffror","status":"publish","type":"product","link":"https:\/\/games.tactic.net\/sv\/tuote\/lar-dig-siffror\/","title":{"rendered":"Tactic L\u00e4r dig Siffror br\u00e4dspel"},"content":{"rendered":"<p>Ett roligt och enkelt spel f\u00f6r barn som vill l\u00e4ra sig siffror och att r\u00e4kna. L\u00f6s enkla tal genom att l\u00e4gga brickorna p\u00e5 spelplanen. Om du har r\u00e4knat r\u00e4tt f\u00e5r du en fin bild p\u00e5 spelplanens baksida.<\/p>\n","protected":false},"excerpt":{"rendered":"<p>Ett roligt och enkelt spel f\u00f6r barn som vill l\u00e4ra sig siffror och att r\u00e4kna. L\u00f6s enkla tal genom att l\u00e4gga brickorna p\u00e5 spelplanen. Om du har r\u00e4knat r\u00e4tt f\u00e5r du en fin bild p\u00e5 spelplanens baksida.<\/p>\n","protected":false},"featured_media":0,"template":"","meta":{"content-type":"","_monsterinsights_skip_tracking":false,"_monsterinsights_sitenote_active":false,"_monsterinsights_sitenote_note":"","_monsterinsights_sitenote_category":0},"product_brand":[],"product_cat":[1519],"product_tag":[1254],"brand":[{"id":864,"name":"Let's Learn","slug":"letslearn-sv"}],"target-group":[],"discontinued":[],"class_list":{"0":"post-66080","1":"product","2":"type-product","3":"status-publish","5":"product_cat-lar-spel-barnspel","6":"product_tag-pedagogisk-sv","7":"brand-letslearn-sv","9":"first","10":"instock","11":"taxable","12":"shipping-taxable","13":"product-type-simple"},"aioseo_notices":[],"_links":{"self":[{"href":"https:\/\/games.tactic.net\/sv\/wp-json\/wp\/v2\/product\/66080","targetHints":{"allow":["GET"]}}],"collection":[{"href":"https:\/\/games.tactic.net\/sv\/wp-json\/wp\/v2\/product"}],"about":[{"href":"https:\/\/games.tactic.net\/sv\/wp-json\/wp\/v2\/types\/product"}],"wp:attachment":[{"href":"https:\/\/games.tactic.net\/sv\/wp-json\/wp\/v2\/media?parent=66080"}],"wp:term":[{"taxonomy":"product_brand","embeddable":true,"href":"https:\/\/games.tactic.net\/sv\/wp-json\/wp\/v2\/product_brand?post=66080"},{"taxonomy":"product_cat","embeddable":true,"href":"https:\/\/games.tactic.net\/sv\/wp-json\/wp\/v2\/product_cat?post=66080"},{"taxonomy":"product_tag","embeddable":true,"href":"https:\/\/games.tactic.net\/sv\/wp-json\/wp\/v2\/product_tag?post=66080"},{"taxonomy":"brand","embeddable":true,"href":"https:\/\/games.tactic.net\/sv\/wp-json\/wp\/v2\/brand?post=66080"},{"taxonomy":"target-group","embeddable":true,"href":"https:\/\/games.tactic.net\/sv\/wp-json\/wp\/v2\/target-group?post=66080"},{"taxonomy":"discontinued","embeddable":true,"href":"https:\/\/games.tactic.net\/sv\/wp-json\/wp\/v2\/discontinued?post=66080"}],"curies":[{"name":"wp","href":"https:\/\/api.w.org\/{rel}","templated":true}]}}