{"id":66064,"date":"2021-02-16T14:33:31","date_gmt":"2021-02-16T12:33:31","guid":{"rendered":"https:\/\/dev.tactic.net\/tuote\/lar-dig-bokstaver\/"},"modified":"2023-10-17T19:12:06","modified_gmt":"2023-10-17T16:12:06","slug":"lar-dig-bokstaver","status":"publish","type":"product","link":"https:\/\/games.tactic.net\/sv\/tuote\/lar-dig-bokstaver\/","title":{"rendered":"L\u00e4r Dig Bokst\u00e4ver"},"content":{"rendered":"<p>Utveckla dina f\u00f6rsta kunskaper i l\u00e4sning och stavning med dessa fyra roliga ordspel. BOKSTAVSSPELET \u2013 L\u00e4r dig bokst\u00e4ver och att bilda enkla ord sakta men s\u00e4kert. Titta p\u00e5 bilderna och stava orden med hj\u00e4lp av spelplanerna som finns i tre olika sv\u00e5righetsniv\u00e5er. ABC-ORMEN \u2013 L\u00e4r dig alfabetet genom att tr\u00e4na p\u00e5 att l\u00e4gga bokst\u00e4verna i r\u00e4tt ordning och f\u00e5 en l\u00e5ng ABC-orm. ORDRALLY \u2013 Bilda s\u00e5 m\u00e5nga ord som m\u00f6jligt p\u00e5 tv\u00e5 minuter med tio bokstavsbrickor. Du f\u00e5r po\u00e4ng f\u00f6r varje r\u00e4tt ord du bildade, och spelaren med flest po\u00e4ng vinner. PIP! \u2013 Spelarna plockar bokst\u00e4ver ur p\u00e5sen och f\u00f6rs\u00f6ker bilda ord med tre bokst\u00e4ver eller fler s\u00e5 fort som m\u00f6jligt. Den snabbaste spelaren ropar \u201dPIP!\u201d Vem lyckas f\u00f6rst med att bilda tre ord?<\/p>\n","protected":false},"excerpt":{"rendered":"<p>Utveckla dina f\u00f6rsta kunskaper i l\u00e4sning och stavning med dessa fyra roliga ordspel.<\/p>\n","protected":false},"featured_media":0,"template":"","meta":{"content-type":"","_monsterinsights_skip_tracking":false,"_monsterinsights_sitenote_active":false,"_monsterinsights_sitenote_note":"","_monsterinsights_sitenote_category":0},"product_brand":[],"product_cat":[1519],"product_tag":[1254],"brand":[{"id":864,"name":"Let's Learn","slug":"letslearn-sv"}],"target-group":[],"discontinued":[],"class_list":{"0":"post-66064","1":"product","2":"type-product","3":"status-publish","5":"product_cat-lar-spel-barnspel","6":"product_tag-pedagogisk-sv","7":"brand-letslearn-sv","9":"first","10":"instock","11":"taxable","12":"shipping-taxable","13":"product-type-simple"},"aioseo_notices":[],"_links":{"self":[{"href":"https:\/\/games.tactic.net\/sv\/wp-json\/wp\/v2\/product\/66064","targetHints":{"allow":["GET"]}}],"collection":[{"href":"https:\/\/games.tactic.net\/sv\/wp-json\/wp\/v2\/product"}],"about":[{"href":"https:\/\/games.tactic.net\/sv\/wp-json\/wp\/v2\/types\/product"}],"wp:attachment":[{"href":"https:\/\/games.tactic.net\/sv\/wp-json\/wp\/v2\/media?parent=66064"}],"wp:term":[{"taxonomy":"product_brand","embeddable":true,"href":"https:\/\/games.tactic.net\/sv\/wp-json\/wp\/v2\/product_brand?post=66064"},{"taxonomy":"product_cat","embeddable":true,"href":"https:\/\/games.tactic.net\/sv\/wp-json\/wp\/v2\/product_cat?post=66064"},{"taxonomy":"product_tag","embeddable":true,"href":"https:\/\/games.tactic.net\/sv\/wp-json\/wp\/v2\/product_tag?post=66064"},{"taxonomy":"brand","embeddable":true,"href":"https:\/\/games.tactic.net\/sv\/wp-json\/wp\/v2\/brand?post=66064"},{"taxonomy":"target-group","embeddable":true,"href":"https:\/\/games.tactic.net\/sv\/wp-json\/wp\/v2\/target-group?post=66064"},{"taxonomy":"discontinued","embeddable":true,"href":"https:\/\/games.tactic.net\/sv\/wp-json\/wp\/v2\/discontinued?post=66064"}],"curies":[{"name":"wp","href":"https:\/\/api.w.org\/{rel}","templated":true}]}}