{"id":66013,"date":"2021-02-16T13:54:13","date_gmt":"2021-02-16T11:54:13","guid":{"rendered":"https:\/\/dev.tactic.net\/tuote\/seek-find-farm\/"},"modified":"2024-12-30T16:17:51","modified_gmt":"2024-12-30T14:17:51","slug":"seek-find-farm","status":"archive","type":"product","link":"https:\/\/games.tactic.net\/sv\/tuote\/seek-find-farm\/","title":{"rendered":"Tactic Kurrag\u00f6mma p\u00e5 Bondg\u00e5rden br\u00e4dspel"},"content":{"rendered":"<p>Kan du hitta alla djur som g\u00f6mmer sig p\u00e5 spelbr\u00e4det? Spelbr\u00e4det \u00e4r fullt med alla sorters djur, men kan du hitta alla innan de andra g\u00f6r det? \u2013 Det f\u00f6r\u00e4nderliga spelbr\u00e4det \u00e4r olika f\u00f6r varje spel! \u2013 Dubbelsidigt spelbr\u00e4de \u2013 med tv\u00e5 sv\u00e5righetsgrader.<\/p>\n<p><img decoding=\"async\" src=\"https:\\\\games.tactic.net\\pic\\logo\\Awarded_concept.png\"><\/p>\n","protected":false},"excerpt":{"rendered":"<p>Kan du hitta alla djur som g\u00f6mmer sig p\u00e5 spelbr\u00e4det? Spelbr\u00e4det \u00e4r fullt med alla sorters djur, men kan du hitta alla innan de andra g\u00f6r det? \u2013 Det f\u00f6r\u00e4nderliga spelbr\u00e4det \u00e4r olika f\u00f6r varje spel! \u2013 Dubbelsidigt spelbr\u00e4de \u2013 med tv\u00e5 sv\u00e5righetsgrader.<\/p>\n","protected":false},"featured_media":0,"template":"","meta":{"content-type":"","_monsterinsights_skip_tracking":false,"_monsterinsights_sitenote_active":false,"_monsterinsights_sitenote_note":"","_monsterinsights_sitenote_category":0},"product_brand":[],"product_cat":[1462],"product_tag":[1220,1226,1235],"brand":[],"target-group":[],"discontinued":[],"class_list":{"0":"post-66013","1":"product","2":"type-product","3":"status-archive","5":"product_cat-bradspel-barnspel","6":"product_tag-aktion-sv","7":"product_tag-hastighet-sv","8":"product_tag-kombinera-sv","10":"first","11":"outofstock","12":"taxable","13":"shipping-taxable","14":"product-type-simple"},"aioseo_notices":[],"_links":{"self":[{"href":"https:\/\/games.tactic.net\/sv\/wp-json\/wp\/v2\/product\/66013","targetHints":{"allow":["GET"]}}],"collection":[{"href":"https:\/\/games.tactic.net\/sv\/wp-json\/wp\/v2\/product"}],"about":[{"href":"https:\/\/games.tactic.net\/sv\/wp-json\/wp\/v2\/types\/product"}],"wp:attachment":[{"href":"https:\/\/games.tactic.net\/sv\/wp-json\/wp\/v2\/media?parent=66013"}],"wp:term":[{"taxonomy":"product_brand","embeddable":true,"href":"https:\/\/games.tactic.net\/sv\/wp-json\/wp\/v2\/product_brand?post=66013"},{"taxonomy":"product_cat","embeddable":true,"href":"https:\/\/games.tactic.net\/sv\/wp-json\/wp\/v2\/product_cat?post=66013"},{"taxonomy":"product_tag","embeddable":true,"href":"https:\/\/games.tactic.net\/sv\/wp-json\/wp\/v2\/product_tag?post=66013"},{"taxonomy":"brand","embeddable":true,"href":"https:\/\/games.tactic.net\/sv\/wp-json\/wp\/v2\/brand?post=66013"},{"taxonomy":"target-group","embeddable":true,"href":"https:\/\/games.tactic.net\/sv\/wp-json\/wp\/v2\/target-group?post=66013"},{"taxonomy":"discontinued","embeddable":true,"href":"https:\/\/games.tactic.net\/sv\/wp-json\/wp\/v2\/discontinued?post=66013"}],"curies":[{"name":"wp","href":"https:\/\/api.w.org\/{rel}","templated":true}]}}