{"id":654630,"date":"2022-10-24T09:02:54","date_gmt":"2022-10-24T06:02:54","guid":{"rendered":"http:\/\/games.tactic.net\/tuote\/cat-excavator\/"},"modified":"2023-10-20T15:34:09","modified_gmt":"2023-10-20T12:34:09","slug":"cat-excavator","status":"publish","type":"product","link":"https:\/\/games.tactic.net\/sv\/tuote\/cat-excavator\/","title":{"rendered":"Bruder CAT Excavator toy"},"content":{"rendered":"<p>Den nya generationen av CAT-gr\u00e4vmaskiner \u00e4r designad f\u00f6r de mest kr\u00e4vande uppgifterna. Med optimerad lastkapacitet, ett brett utbud av skopor och gr\u00e4vmaskiner samt effektiva dieselmotorer av senaste generation, \u00e4r denna gr\u00e4vmaskin ett av de modernaste fordonen p\u00e5 alla byggarbetsplatser. F\u00f6r kr\u00e4vande uppgifter i sandl\u00e5dan och barnrummet har denna fantastiska gr\u00e4vmaskin nu kommit som en ny modell i BRUDER:s sortiment av byggfordon. Den valfria bworld-figuren har en avancerad arbetsplats i den moderna och helt inglasade f\u00f6rarhytten. Gr\u00e4vmaskinarmen \u00e4r fullt funktionell via handspaken och kan \u00e4ven arbeta under fordonsniv\u00e5. Gr\u00e4vmaskinen n\u00e5r \u00e4ven den sv\u00e5raste terr\u00e4ngen tack vare de genuina kedjel\u00e4nkarna. Tv\u00e5 motorluckor kan \u00f6ppnas f\u00f6r kommande underh\u00e5llsarbete. VOLVO-tippvagnen (artikel nr 02455) och den stora Cat\u00ae bandtraktorn (artikel nr 02452) \u00e4r s\u00e4rskilt passande till\u00e4gg fr\u00e5n det breda BRUDER-sortimentet. Detta inneb\u00e4r att inget st\u00e5r i v\u00e4gen f\u00f6r n\u00e4sta stora byggarbetsplats.<\/p>\n","protected":false},"excerpt":{"rendered":"<p>Bruder<\/p>\n","protected":false},"featured_media":0,"template":"","meta":{"content-type":"","_monsterinsights_skip_tracking":false,"_monsterinsights_sitenote_active":false,"_monsterinsights_sitenote_note":"","_monsterinsights_sitenote_category":0},"product_brand":[],"product_cat":[823],"product_tag":[],"brand":[],"target-group":[],"discontinued":[],"class_list":{"0":"post-654630","1":"product","2":"type-product","3":"status-publish","5":"product_cat-bruder","7":"first","8":"instock","9":"taxable","10":"shipping-taxable","11":"product-type-simple"},"aioseo_notices":[],"_links":{"self":[{"href":"https:\/\/games.tactic.net\/sv\/wp-json\/wp\/v2\/product\/654630","targetHints":{"allow":["GET"]}}],"collection":[{"href":"https:\/\/games.tactic.net\/sv\/wp-json\/wp\/v2\/product"}],"about":[{"href":"https:\/\/games.tactic.net\/sv\/wp-json\/wp\/v2\/types\/product"}],"wp:attachment":[{"href":"https:\/\/games.tactic.net\/sv\/wp-json\/wp\/v2\/media?parent=654630"}],"wp:term":[{"taxonomy":"product_brand","embeddable":true,"href":"https:\/\/games.tactic.net\/sv\/wp-json\/wp\/v2\/product_brand?post=654630"},{"taxonomy":"product_cat","embeddable":true,"href":"https:\/\/games.tactic.net\/sv\/wp-json\/wp\/v2\/product_cat?post=654630"},{"taxonomy":"product_tag","embeddable":true,"href":"https:\/\/games.tactic.net\/sv\/wp-json\/wp\/v2\/product_tag?post=654630"},{"taxonomy":"brand","embeddable":true,"href":"https:\/\/games.tactic.net\/sv\/wp-json\/wp\/v2\/brand?post=654630"},{"taxonomy":"target-group","embeddable":true,"href":"https:\/\/games.tactic.net\/sv\/wp-json\/wp\/v2\/target-group?post=654630"},{"taxonomy":"discontinued","embeddable":true,"href":"https:\/\/games.tactic.net\/sv\/wp-json\/wp\/v2\/discontinued?post=654630"}],"curies":[{"name":"wp","href":"https:\/\/api.w.org\/{rel}","templated":true}]}}