{"id":651807,"date":"2022-10-20T12:53:47","date_gmt":"2022-10-20T09:53:47","guid":{"rendered":"http:\/\/games.tactic.net\/tuote\/mb-sprinter-fire-engine-with-ladders-waterpump-ls\/"},"modified":"2023-10-20T16:49:23","modified_gmt":"2023-10-20T13:49:23","slug":"mb-sprinter-fire-engine-with-ladders-waterpump-ls","status":"publish","type":"product","link":"https:\/\/games.tactic.net\/sv\/tuote\/mb-sprinter-fire-engine-with-ladders-waterpump-ls\/","title":{"rendered":"Bruder Mercedes-Benz Sprinter fire engine with ladder, waterpump L&#038;S toy"},"content":{"rendered":"<p>Banbrytande, effektiv, p\u00e5litlig &#8211; s\u00e5 beskriver Mercedes Benz den nya Sprinter. Den senaste generationen Sprinter forts\u00e4tter att vara den m\u00e5ngsidiga och popul\u00e4ra transportprofessionellen. BRUDERs omfattande sortiment inkluderar de senaste sprintarna i en m\u00e4ngd olika designer. <\/p>\n<p>Mindre brandbek\u00e4mpningsfordon anv\u00e4nds alltmer f\u00f6r br\u00e4nder som \u00e4r sv\u00e5ra att bek\u00e4mpa, till exempel i smala, gamla stadsgr\u00e4nder. Sprintern har visat sig vara extremt man\u00f6vrerbar. BRUDER har utrustat denna brandbil med m\u00e5nga realistiska funktionella detaljer. Fokus h\u00e4r ligger p\u00e5 den utdragbara sv\u00e4ngbara stegen med r\u00e4ddningskorg och den fullt fungerande vattenstr\u00e5len med fungerande kolvpump, vattentank och utdragbara st\u00f6dben, olika verktygsl\u00e5dor, samt ljus- och ljudmodulen, vilken h\u00f6jer det h\u00f6ga underh\u00e5llningsv\u00e4rdet av detta fordon.<\/p>\n<p>Funktioner:<br \/>\nHyttf\u00f6nster tillverkade av transparent och splitterfri plast.<br \/>\nD\u00f6rrarna kan \u00f6ppnas.<br \/>\nMonteringsadapter f\u00f6r frontmonterad utrustning.<br \/>\nM\u00f6nstrade d\u00e4ck.<br \/>\nLjus- och ljudmodul med fyra olika funktioner (motorljud, Yelp-signal, brandk\u00e5rssiren, polissiren)<br \/>\nSynlig kolvpump med vattentank.<br \/>\nVattenslang med avtagbar slangvinda; sprutlans.<br \/>\nFullt fungerande vattenstr\u00e5le.<br \/>\nUtdragbar och h\u00f6jdjusterbar sv\u00e4ngbar stege inkl. r\u00e4ddningskorg.<br \/>\n4 inf\u00e4llbara st\u00f6dben.<br \/>\nF\u00f6rvaringsl\u00e5da och sidofack f\u00f6r f\u00f6rvaring. <\/p>\n<p>Allm\u00e4n information:<br \/>\nRekommenderad \u00e5lder: l\u00e4mplig fr\u00e5n 4 \u00e5r f\u00f6r lek inomhus och utomhus.<br \/>\nTillverkad av h\u00f6gkvalitativa plaster som ABS.<br \/>\nKompatibel med figur.<br \/>\nSkala 1:16.<\/p>\n","protected":false},"excerpt":{"rendered":"<p>Bruder<\/p>\n","protected":false},"featured_media":0,"template":"","meta":{"content-type":"","_monsterinsights_skip_tracking":false,"_monsterinsights_sitenote_active":false,"_monsterinsights_sitenote_note":"","_monsterinsights_sitenote_category":0},"product_brand":[],"product_cat":[823],"product_tag":[],"brand":[],"target-group":[],"discontinued":[],"class_list":{"0":"post-651807","1":"product","2":"type-product","3":"status-publish","5":"product_cat-bruder","7":"first","8":"instock","9":"taxable","10":"shipping-taxable","11":"product-type-simple"},"aioseo_notices":[],"_links":{"self":[{"href":"https:\/\/games.tactic.net\/sv\/wp-json\/wp\/v2\/product\/651807","targetHints":{"allow":["GET"]}}],"collection":[{"href":"https:\/\/games.tactic.net\/sv\/wp-json\/wp\/v2\/product"}],"about":[{"href":"https:\/\/games.tactic.net\/sv\/wp-json\/wp\/v2\/types\/product"}],"wp:attachment":[{"href":"https:\/\/games.tactic.net\/sv\/wp-json\/wp\/v2\/media?parent=651807"}],"wp:term":[{"taxonomy":"product_brand","embeddable":true,"href":"https:\/\/games.tactic.net\/sv\/wp-json\/wp\/v2\/product_brand?post=651807"},{"taxonomy":"product_cat","embeddable":true,"href":"https:\/\/games.tactic.net\/sv\/wp-json\/wp\/v2\/product_cat?post=651807"},{"taxonomy":"product_tag","embeddable":true,"href":"https:\/\/games.tactic.net\/sv\/wp-json\/wp\/v2\/product_tag?post=651807"},{"taxonomy":"brand","embeddable":true,"href":"https:\/\/games.tactic.net\/sv\/wp-json\/wp\/v2\/brand?post=651807"},{"taxonomy":"target-group","embeddable":true,"href":"https:\/\/games.tactic.net\/sv\/wp-json\/wp\/v2\/target-group?post=651807"},{"taxonomy":"discontinued","embeddable":true,"href":"https:\/\/games.tactic.net\/sv\/wp-json\/wp\/v2\/discontinued?post=651807"}],"curies":[{"name":"wp","href":"https:\/\/api.w.org\/{rel}","templated":true}]}}