{"id":651325,"date":"2022-10-20T11:05:09","date_gmt":"2022-10-20T08:05:09","guid":{"rendered":"http:\/\/games.tactic.net\/tuote\/mb-sprinter-animal-transport-with-horse\/"},"modified":"2023-10-20T17:07:40","modified_gmt":"2023-10-20T14:07:40","slug":"mb-sprinter-animal-transport-with-horse","status":"publish","type":"product","link":"https:\/\/games.tactic.net\/sv\/tuote\/mb-sprinter-animal-transport-with-horse\/","title":{"rendered":"Bruder Mercedes-Benz Sprinter Djurtransport med h\u00e4st leksak"},"content":{"rendered":"<p>Banbrytande, effektiv, tillf\u00f6rlitlig \u2013 s\u00e5 beskriver Mercedes-Benz nya Sprinter. BRUDER:s omfattande program inneh\u00e5ller nu \u00e4ven djurtransportversionen. P\u00e5byggnaden \u00e4r modern och djuranpassad med justerbar innerv\u00e4gg och tv\u00e5 vattentr\u00e5g. Rampen f\u00e4lls ned f\u00f6r lastning\/lossning och rampgaller ser till att h\u00e4starna leds varsamt in och ut. En h\u00e4st i skala ing\u00e5r; fler finns som art.nr. 02306. Max tv\u00e5 h\u00e4star kan transporteras. Perfekt att kombinera med bworld stallet (art.nr. 62506).<\/p>\n","protected":false},"excerpt":{"rendered":"<p>MB Sprinter djurtransport: modern h\u00e4stbox med ramp, grindar, vattenhoar och skiljev\u00e4gg. En h\u00e4st ing\u00e5r. Passar perfekt med bworld-stallet.<\/p>\n","protected":false},"featured_media":0,"template":"","meta":{"content-type":"","_monsterinsights_skip_tracking":false,"_monsterinsights_sitenote_active":false,"_monsterinsights_sitenote_note":"","_monsterinsights_sitenote_category":0},"product_brand":[],"product_cat":[823],"product_tag":[],"brand":[],"target-group":[],"discontinued":[],"class_list":{"0":"post-651325","1":"product","2":"type-product","3":"status-publish","5":"product_cat-bruder","7":"first","8":"instock","9":"taxable","10":"shipping-taxable","11":"product-type-simple"},"aioseo_notices":[],"_links":{"self":[{"href":"https:\/\/games.tactic.net\/sv\/wp-json\/wp\/v2\/product\/651325","targetHints":{"allow":["GET"]}}],"collection":[{"href":"https:\/\/games.tactic.net\/sv\/wp-json\/wp\/v2\/product"}],"about":[{"href":"https:\/\/games.tactic.net\/sv\/wp-json\/wp\/v2\/types\/product"}],"wp:attachment":[{"href":"https:\/\/games.tactic.net\/sv\/wp-json\/wp\/v2\/media?parent=651325"}],"wp:term":[{"taxonomy":"product_brand","embeddable":true,"href":"https:\/\/games.tactic.net\/sv\/wp-json\/wp\/v2\/product_brand?post=651325"},{"taxonomy":"product_cat","embeddable":true,"href":"https:\/\/games.tactic.net\/sv\/wp-json\/wp\/v2\/product_cat?post=651325"},{"taxonomy":"product_tag","embeddable":true,"href":"https:\/\/games.tactic.net\/sv\/wp-json\/wp\/v2\/product_tag?post=651325"},{"taxonomy":"brand","embeddable":true,"href":"https:\/\/games.tactic.net\/sv\/wp-json\/wp\/v2\/brand?post=651325"},{"taxonomy":"target-group","embeddable":true,"href":"https:\/\/games.tactic.net\/sv\/wp-json\/wp\/v2\/target-group?post=651325"},{"taxonomy":"discontinued","embeddable":true,"href":"https:\/\/games.tactic.net\/sv\/wp-json\/wp\/v2\/discontinued?post=651325"}],"curies":[{"name":"wp","href":"https:\/\/api.w.org\/{rel}","templated":true}]}}