{"id":651153,"date":"2022-10-20T11:04:17","date_gmt":"2022-10-20T08:04:17","guid":{"rendered":"http:\/\/games.tactic.net\/tuote\/mb-sprinter-autotransporter-with-ls-module\/"},"modified":"2023-10-20T16:47:48","modified_gmt":"2023-10-20T13:47:48","slug":"mb-sprinter-autotransporter-with-ls-module","status":"publish","type":"product","link":"https:\/\/games.tactic.net\/sv\/tuote\/mb-sprinter-autotransporter-with-ls-module\/","title":{"rendered":"Bruder Mercedes-Benz Sprinter car transporter with Roadster toy"},"content":{"rendered":"<p>Banbrytande, effektiv, p\u00e5litlig &#8211; s\u00e5 beskriver Mercedes Benz den nya Sprinter. Den senaste generationen Sprinter forts\u00e4tter att vara den m\u00e5ngsidiga och popul\u00e4ra transportexperten. <\/p>\n<p>BRUDERs omfattande sortiment inkluderar de senaste sprintarna i en m\u00e4ngd olika designer. Den stiliga och moderna designen av b\u00e4rgningsbilen \u00e4r uppenbar vid f\u00f6rsta anblicken. Bilen har en plattform som har \u00e5terskapats till minsta detalj fr\u00e5n originalet. F\u00f6rutom de h\u00f6gkvalitativa d\u00f6rrarna med inredningspaneler och ljus- och ljudmodulen, \u00e4r kabelvinschen en s\u00e4rskilt uppskattad funktion. Med denna kabelvinsch kan trasiga fordon tas bort fr\u00e5n \u00e4ven de mest sv\u00e5ra situationerna. De sidomonterade verktygsl\u00e5dorna anv\u00e4nds f\u00f6r att stuva hjulstopp och ramperna kan ocks\u00e5 tryckas direkt in i chassit. Bilen har ett avtagbart tak och kan rymma vilken bworld-figur som helst. F\u00f6r \u00e4nnu mer spelgl\u00e4dje har fordonet det nya hjulbytessystemet installerat.<\/p>\n<p>Hyttfunktioner:<br \/>\nHyttf\u00f6nster tillverkade av transparent och splitterfri plast.<br \/>\nD\u00f6rrarna kan \u00f6ppnas.<br \/>\nMonteringsadapter f\u00f6r frontmonterad utrustning.<br \/>\nLjus- och ljudmodul med fyra olika funktioner (motorns ljud, yelp-signal, brandtj\u00e4nst och polissiren)<br \/>\n\u00d6vriga funktioner:<br \/>\nF\u00f6rl\u00e4ngbara lastningsramper.<br \/>\nF\u00f6rl\u00e4ngbar kabelvinsch.<br \/>\nLocken till verktygsl\u00e5dorna till v\u00e4nster och h\u00f6ger kan \u00f6ppnas.<br \/>\nHjulstopp kan lagras i verktygsl\u00e5dorna Inkl. BRUDER Roadster med avtagbart tak och hjul.<\/p>\n<p>Allm\u00e4n information:<br \/>\nRekommenderad \u00e5lder: l\u00e4mplig fr\u00e5n 4 \u00e5r f\u00f6r lek inomhus och utomhus.<br \/>\nTillverkad av h\u00f6gkvalitativa plaster som ABS.<br \/>\nKompatibel med bworld figurer.<br \/>\nSkala 1:16<\/p>\n","protected":false},"excerpt":{"rendered":"<p>Bruder<\/p>\n","protected":false},"featured_media":0,"template":"","meta":{"content-type":"","_monsterinsights_skip_tracking":false,"_monsterinsights_sitenote_active":false,"_monsterinsights_sitenote_note":"","_monsterinsights_sitenote_category":0},"product_brand":[],"product_cat":[823],"product_tag":[],"brand":[],"target-group":[],"discontinued":[],"class_list":{"0":"post-651153","1":"product","2":"type-product","3":"status-publish","5":"product_cat-bruder","7":"first","8":"instock","9":"taxable","10":"shipping-taxable","11":"product-type-simple"},"aioseo_notices":[],"_links":{"self":[{"href":"https:\/\/games.tactic.net\/sv\/wp-json\/wp\/v2\/product\/651153","targetHints":{"allow":["GET"]}}],"collection":[{"href":"https:\/\/games.tactic.net\/sv\/wp-json\/wp\/v2\/product"}],"about":[{"href":"https:\/\/games.tactic.net\/sv\/wp-json\/wp\/v2\/types\/product"}],"wp:attachment":[{"href":"https:\/\/games.tactic.net\/sv\/wp-json\/wp\/v2\/media?parent=651153"}],"wp:term":[{"taxonomy":"product_brand","embeddable":true,"href":"https:\/\/games.tactic.net\/sv\/wp-json\/wp\/v2\/product_brand?post=651153"},{"taxonomy":"product_cat","embeddable":true,"href":"https:\/\/games.tactic.net\/sv\/wp-json\/wp\/v2\/product_cat?post=651153"},{"taxonomy":"product_tag","embeddable":true,"href":"https:\/\/games.tactic.net\/sv\/wp-json\/wp\/v2\/product_tag?post=651153"},{"taxonomy":"brand","embeddable":true,"href":"https:\/\/games.tactic.net\/sv\/wp-json\/wp\/v2\/brand?post=651153"},{"taxonomy":"target-group","embeddable":true,"href":"https:\/\/games.tactic.net\/sv\/wp-json\/wp\/v2\/target-group?post=651153"},{"taxonomy":"discontinued","embeddable":true,"href":"https:\/\/games.tactic.net\/sv\/wp-json\/wp\/v2\/discontinued?post=651153"}],"curies":[{"name":"wp","href":"https:\/\/api.w.org\/{rel}","templated":true}]}}