{"id":650939,"date":"2022-10-20T11:03:09","date_gmt":"2022-10-20T08:03:09","guid":{"rendered":"http:\/\/games.tactic.net\/tuote\/mb-sprinter-ambulance-with-driver-and-ls\/"},"modified":"2023-10-20T16:47:19","modified_gmt":"2023-10-20T13:47:19","slug":"mb-sprinter-ambulance-with-driver-and-ls","status":"publish","type":"product","link":"https:\/\/games.tactic.net\/sv\/tuote\/mb-sprinter-ambulance-with-driver-and-ls\/","title":{"rendered":"Bruder Mercedes-Benz Sprinter Ambulans med f\u00f6rare leksak"},"content":{"rendered":"<p>Banbrytande, effektiv, tillf\u00f6rlitlig \u2013 s\u00e5 beskriver Mercedes-Benz nya Sprinter. Den senaste generationen forts\u00e4tter vara en m\u00e5ngsidig och popul\u00e4r transportproffs. R\u00e4ddningsfordon \u00e4r centrala hos BRUDER, och nu kompletteras sortimentet med MB Sprinter ambulans. Vid rollspel av en utryckning \u00e4r detta fordon ov\u00e4rderligt: sjukv\u00e5rdaren (ing\u00e5r) n\u00e5r hytten via \u00f6ppningsbara d\u00f6rrar. Den nya Ljus- &#038; Ljudmodulen med flera sirener och ljusfunktioner tar ambulansen snabbt och s\u00e4kert till platsen. Den avancerade v\u00e5rddelen n\u00e5s via bak- och sidod\u00f6rrar samt avtagbart tak. B\u00e5r med h\u00f6jdjustering kan skjutas in och ut \u2013 \u201dprecis som p\u00e5 riktigt\u201d. Komplettera g\u00e4rna med tillbeh\u00f6rsset 62710 (sjukv\u00e5rdare + patient) och bworld sjukhusavdelning (art.nr. 62711).<\/p>\n","protected":false},"excerpt":{"rendered":"<p>Mercedes-Benz Sprinter Ambulans med ljus- och ljudmodul, \u00f6ppningsbara d\u00f6rrar och b\u00e5r. Paramedic ing\u00e5r. Ett m\u00e5ste f\u00f6r realistiska r\u00e4ddningsinsatser!<\/p>\n","protected":false},"featured_media":0,"template":"","meta":{"content-type":"","_monsterinsights_skip_tracking":false,"_monsterinsights_sitenote_active":false,"_monsterinsights_sitenote_note":"","_monsterinsights_sitenote_category":0},"product_brand":[],"product_cat":[823],"product_tag":[],"brand":[],"target-group":[],"discontinued":[],"class_list":{"0":"post-650939","1":"product","2":"type-product","3":"status-publish","5":"product_cat-bruder","7":"first","8":"instock","9":"taxable","10":"shipping-taxable","11":"product-type-simple"},"aioseo_notices":[],"_links":{"self":[{"href":"https:\/\/games.tactic.net\/sv\/wp-json\/wp\/v2\/product\/650939","targetHints":{"allow":["GET"]}}],"collection":[{"href":"https:\/\/games.tactic.net\/sv\/wp-json\/wp\/v2\/product"}],"about":[{"href":"https:\/\/games.tactic.net\/sv\/wp-json\/wp\/v2\/types\/product"}],"wp:attachment":[{"href":"https:\/\/games.tactic.net\/sv\/wp-json\/wp\/v2\/media?parent=650939"}],"wp:term":[{"taxonomy":"product_brand","embeddable":true,"href":"https:\/\/games.tactic.net\/sv\/wp-json\/wp\/v2\/product_brand?post=650939"},{"taxonomy":"product_cat","embeddable":true,"href":"https:\/\/games.tactic.net\/sv\/wp-json\/wp\/v2\/product_cat?post=650939"},{"taxonomy":"product_tag","embeddable":true,"href":"https:\/\/games.tactic.net\/sv\/wp-json\/wp\/v2\/product_tag?post=650939"},{"taxonomy":"brand","embeddable":true,"href":"https:\/\/games.tactic.net\/sv\/wp-json\/wp\/v2\/brand?post=650939"},{"taxonomy":"target-group","embeddable":true,"href":"https:\/\/games.tactic.net\/sv\/wp-json\/wp\/v2\/target-group?post=650939"},{"taxonomy":"discontinued","embeddable":true,"href":"https:\/\/games.tactic.net\/sv\/wp-json\/wp\/v2\/discontinued?post=650939"}],"curies":[{"name":"wp","href":"https:\/\/api.w.org\/{rel}","templated":true}]}}