{"id":647000,"date":"2022-10-19T15:40:58","date_gmt":"2022-10-19T12:40:58","guid":{"rendered":"http:\/\/games.tactic.net\/tuote\/bworld-scrambler-ducati-police-motorcycle\/"},"modified":"2023-10-20T15:31:36","modified_gmt":"2023-10-20T12:31:36","slug":"bworld-scrambler-ducati-police-motorcycle","status":"publish","type":"product","link":"https:\/\/games.tactic.net\/sv\/tuote\/bworld-scrambler-ducati-police-motorcycle\/","title":{"rendered":"Bruder bworld Ducati Scrambler FT polis\u00admotorcykel leksak"},"content":{"rendered":"<p>bworld:s polisstyrka v\u00e4xer! Den nya motorcykelpolisen med Ducati Scrambler ger snabbhet, smidighet och kompakt format \u2013 perfekt f\u00f6r trafik\u00f6vervakning, olyckor eller eskort. Motorcykeln har modern polisdessign och polisen b\u00e4r avancerad skyddsutrustning. Utm\u00e4rkta komplement \u00e4r bworld polisstationen (art.nr. 62730) och Land Rover Defender polis (art.nr. 02597).<\/p>\n","protected":false},"excerpt":{"rendered":"<p>Polisstyrkan f\u00f6rst\u00e4rks! Ducati-motorcykeln i modern polisdress och polisen med toppmodern skyddsutrustning ger fart och s\u00e4kerhet.<\/p>\n","protected":false},"featured_media":0,"template":"","meta":{"content-type":"","_monsterinsights_skip_tracking":false,"_monsterinsights_sitenote_active":false,"_monsterinsights_sitenote_note":"","_monsterinsights_sitenote_category":0},"product_brand":[],"product_cat":[823],"product_tag":[],"brand":[],"target-group":[],"discontinued":[],"class_list":{"0":"post-647000","1":"product","2":"type-product","3":"status-publish","5":"product_cat-bruder","7":"first","8":"instock","9":"taxable","10":"shipping-taxable","11":"product-type-simple"},"aioseo_notices":[],"_links":{"self":[{"href":"https:\/\/games.tactic.net\/sv\/wp-json\/wp\/v2\/product\/647000","targetHints":{"allow":["GET"]}}],"collection":[{"href":"https:\/\/games.tactic.net\/sv\/wp-json\/wp\/v2\/product"}],"about":[{"href":"https:\/\/games.tactic.net\/sv\/wp-json\/wp\/v2\/types\/product"}],"wp:attachment":[{"href":"https:\/\/games.tactic.net\/sv\/wp-json\/wp\/v2\/media?parent=647000"}],"wp:term":[{"taxonomy":"product_brand","embeddable":true,"href":"https:\/\/games.tactic.net\/sv\/wp-json\/wp\/v2\/product_brand?post=647000"},{"taxonomy":"product_cat","embeddable":true,"href":"https:\/\/games.tactic.net\/sv\/wp-json\/wp\/v2\/product_cat?post=647000"},{"taxonomy":"product_tag","embeddable":true,"href":"https:\/\/games.tactic.net\/sv\/wp-json\/wp\/v2\/product_tag?post=647000"},{"taxonomy":"brand","embeddable":true,"href":"https:\/\/games.tactic.net\/sv\/wp-json\/wp\/v2\/brand?post=647000"},{"taxonomy":"target-group","embeddable":true,"href":"https:\/\/games.tactic.net\/sv\/wp-json\/wp\/v2\/target-group?post=647000"},{"taxonomy":"discontinued","embeddable":true,"href":"https:\/\/games.tactic.net\/sv\/wp-json\/wp\/v2\/discontinued?post=647000"}],"curies":[{"name":"wp","href":"https:\/\/api.w.org\/{rel}","templated":true}]}}