{"id":646099,"date":"2022-10-19T15:27:46","date_gmt":"2022-10-19T12:27:46","guid":{"rendered":"http:\/\/games.tactic.net\/tuote\/volvo-wheel-loader-l260h\/"},"modified":"2023-10-20T17:07:01","modified_gmt":"2023-10-20T14:07:01","slug":"volvo-wheel-loader-l260h","status":"publish","type":"product","link":"https:\/\/games.tactic.net\/sv\/tuote\/volvo-wheel-loader-l260h\/","title":{"rendered":"Bruder Volvo L260H Wheel Loader toy"},"content":{"rendered":"<p>Effektivitet inom transport och bevarande av resurser \u00e4r nyckelkrav f\u00f6r moderna byggmaskiner. Knappast n\u00e5gon hjullastare uppfyller dessa krav s\u00e5 v\u00e4l som den nya Volvo L260H. Tack vare den modernaste kombinationen av motor, automatik och hydraulik \u00e4r br\u00e4nslef\u00f6rbrukningen 10 % l\u00e4gre \u00e4n sin f\u00f6reg\u00e5ngare. Med en arbetsvikt p\u00e5 upp till 35 ton \u00e4r denna lastare en verklig tungarbetare f\u00f6r stenbrott och grusverk. Denna imponerande hjullastare \u00e4r det senaste tillskottet i BRUDER:s temav\u00e4rld f\u00f6r byggfordon. Modellen av Volvo L260H \u00e4r utrustad med en fullt fungerande lastarm och en imponerande, tippbar skopa. Den detaljerade hytten fungerar som arbetsplats f\u00f6r de v\u00e4lk\u00e4nda BRUDER bworld-figurerna. Motorhuven bak kan \u00f6ppnas f\u00f6r olika servicearbeten. Den stora Volvo-dumpen (artikelnummer 02455) med sitt enorma lastutrymme \u00e4r det perfekta komplementet till den nya Volvo L260H-hjullastaren.<\/p>\n","protected":false},"excerpt":{"rendered":"<p>Effektivitet inom transport och bevarande av resurser \u00e4r nyckelkrav f\u00f6r moderna byggmaskiner. Knappast n\u00e5gon hjullastare uppfyller dessa krav s\u00e5 v\u00e4l som den nya Volvo L260H.<\/p>\n","protected":false},"featured_media":0,"template":"","meta":{"content-type":"","_monsterinsights_skip_tracking":false,"_monsterinsights_sitenote_active":false,"_monsterinsights_sitenote_note":"","_monsterinsights_sitenote_category":0},"product_brand":[],"product_cat":[823],"product_tag":[],"brand":[],"target-group":[],"discontinued":[],"class_list":{"0":"post-646099","1":"product","2":"type-product","3":"status-publish","5":"product_cat-bruder","7":"first","8":"instock","9":"taxable","10":"shipping-taxable","11":"product-type-simple"},"aioseo_notices":[],"_links":{"self":[{"href":"https:\/\/games.tactic.net\/sv\/wp-json\/wp\/v2\/product\/646099","targetHints":{"allow":["GET"]}}],"collection":[{"href":"https:\/\/games.tactic.net\/sv\/wp-json\/wp\/v2\/product"}],"about":[{"href":"https:\/\/games.tactic.net\/sv\/wp-json\/wp\/v2\/types\/product"}],"wp:attachment":[{"href":"https:\/\/games.tactic.net\/sv\/wp-json\/wp\/v2\/media?parent=646099"}],"wp:term":[{"taxonomy":"product_brand","embeddable":true,"href":"https:\/\/games.tactic.net\/sv\/wp-json\/wp\/v2\/product_brand?post=646099"},{"taxonomy":"product_cat","embeddable":true,"href":"https:\/\/games.tactic.net\/sv\/wp-json\/wp\/v2\/product_cat?post=646099"},{"taxonomy":"product_tag","embeddable":true,"href":"https:\/\/games.tactic.net\/sv\/wp-json\/wp\/v2\/product_tag?post=646099"},{"taxonomy":"brand","embeddable":true,"href":"https:\/\/games.tactic.net\/sv\/wp-json\/wp\/v2\/brand?post=646099"},{"taxonomy":"target-group","embeddable":true,"href":"https:\/\/games.tactic.net\/sv\/wp-json\/wp\/v2\/target-group?post=646099"},{"taxonomy":"discontinued","embeddable":true,"href":"https:\/\/games.tactic.net\/sv\/wp-json\/wp\/v2\/discontinued?post=646099"}],"curies":[{"name":"wp","href":"https:\/\/api.w.org\/{rel}","templated":true}]}}