{"id":645967,"date":"2022-10-19T15:25:49","date_gmt":"2022-10-19T12:25:49","guid":{"rendered":"http:\/\/games.tactic.net\/tuote\/john-deere-7r-350\/"},"modified":"2023-10-20T17:08:11","modified_gmt":"2023-10-20T14:08:11","slug":"john-deere-7r-350","status":"publish","type":"product","link":"https:\/\/games.tactic.net\/sv\/tuote\/john-deere-7r-350\/","title":{"rendered":"Bruder John Deere 7R 350 traktor leksak"},"content":{"rendered":"<p>Modern jordbruksteknik \u00e4r avg\u00f6rande. John Deere 7R-serien kombinerar l\u00e5g totalvikt med h\u00f6g effekt \u2013 snabb i transport och stark p\u00e5 g\u00e5rden. Denna viktiga traktor finns nu i BRUDER:s jordbruksv\u00e4rld. Troget mottot \u201dPrecis som p\u00e5 riktigt\u201d har den \u00f6ppningsbar motorhuv som visar den imponerande motorn, \u00f6ppningsbara d\u00f6rrar och plats f\u00f6r bworld-figurer i den moderna hytten. Typiskt BRUDER \u00e4r den utm\u00e4rkta styrbarheten och komforten tack vare pendlande framaxel och styrf\u00f6rl\u00e4ngning genom takluckan. Frontlastare (art.nr. 03333) kan monteras f\u00f6r mer lek. Alla BRUDER:s jordbrukssl\u00e4p passar.<\/p>\n","protected":false},"excerpt":{"rendered":"<p>John Deere 7R 350 \u2013 ny viktig traktor hos BRUDER. Med \u00f6ppningsbar motorhuv, styrbar axel, \u00f6ppningsbara d\u00f6rrar och m\u00f6jlighet att montera frontlastare.<\/p>\n","protected":false},"featured_media":0,"template":"","meta":{"content-type":"","_monsterinsights_skip_tracking":false,"_monsterinsights_sitenote_active":false,"_monsterinsights_sitenote_note":"","_monsterinsights_sitenote_category":0},"product_brand":[],"product_cat":[823],"product_tag":[],"brand":[],"target-group":[],"discontinued":[],"class_list":{"0":"post-645967","1":"product","2":"type-product","3":"status-publish","5":"product_cat-bruder","7":"first","8":"instock","9":"taxable","10":"shipping-taxable","11":"product-type-simple"},"aioseo_notices":[],"_links":{"self":[{"href":"https:\/\/games.tactic.net\/sv\/wp-json\/wp\/v2\/product\/645967","targetHints":{"allow":["GET"]}}],"collection":[{"href":"https:\/\/games.tactic.net\/sv\/wp-json\/wp\/v2\/product"}],"about":[{"href":"https:\/\/games.tactic.net\/sv\/wp-json\/wp\/v2\/types\/product"}],"wp:attachment":[{"href":"https:\/\/games.tactic.net\/sv\/wp-json\/wp\/v2\/media?parent=645967"}],"wp:term":[{"taxonomy":"product_brand","embeddable":true,"href":"https:\/\/games.tactic.net\/sv\/wp-json\/wp\/v2\/product_brand?post=645967"},{"taxonomy":"product_cat","embeddable":true,"href":"https:\/\/games.tactic.net\/sv\/wp-json\/wp\/v2\/product_cat?post=645967"},{"taxonomy":"product_tag","embeddable":true,"href":"https:\/\/games.tactic.net\/sv\/wp-json\/wp\/v2\/product_tag?post=645967"},{"taxonomy":"brand","embeddable":true,"href":"https:\/\/games.tactic.net\/sv\/wp-json\/wp\/v2\/brand?post=645967"},{"taxonomy":"target-group","embeddable":true,"href":"https:\/\/games.tactic.net\/sv\/wp-json\/wp\/v2\/target-group?post=645967"},{"taxonomy":"discontinued","embeddable":true,"href":"https:\/\/games.tactic.net\/sv\/wp-json\/wp\/v2\/discontinued?post=645967"}],"curies":[{"name":"wp","href":"https:\/\/api.w.org\/{rel}","templated":true}]}}