{"id":645838,"date":"2022-10-19T15:24:58","date_gmt":"2022-10-19T12:24:58","guid":{"rendered":"http:\/\/games.tactic.net\/tuote\/john-deere-7r-350-with-frontloader\/"},"modified":"2023-10-20T17:08:37","modified_gmt":"2023-10-20T14:08:37","slug":"john-deere-7r-350-with-frontloader","status":"publish","type":"product","link":"https:\/\/games.tactic.net\/sv\/tuote\/john-deere-7r-350-with-frontloader\/","title":{"rendered":"Bruder John Deere 7R 350 tractor with frontloader toy"},"content":{"rendered":"<p>Modernt jordbruk \u00e4r inte l\u00e4ngre t\u00e4nkbart utan moderna traktorer. Eftersom b\u00f6ndernas arbete inte bara \u00e4r komplext, utan ocks\u00e5 fullt av utmaningar, beh\u00f6ver de r\u00e4tt teknik. John Deere 7R-seriens traktorer kombinerar en l\u00e5g totalvikt med h\u00f6g prestanda. Denna smidiga traktor p\u00e5skyndar inte bara transporter, utan driver ocks\u00e5 alla operationer fram\u00e5t. <\/p>\n<p>Denna viktiga traktor \u00e4r ny hos BRUDER, d\u00e4r den kan hittas i jordbrukets temav\u00e4rld. Enligt Bruders motto \u201cPrecis som det riktiga\u201d(Just like the real thing), \u00e4r traktorn utrustad med m\u00e5nga realistiska detaljer. Motorhuven \u00f6ppnas och visar den imponerande motorn. D\u00f6rrarna kan \u00f6ppnas och erbjuder bworld-figurer(k\u00f6pes separat) gott om utrymme i en modern hytt. Typiskt f\u00f6r BRUDER \u00e4r den utm\u00e4rkta k\u00f6rbarheten och komforten tack vare den installerade sv\u00e4ngaxeln samt styrst\u00e5ngen som kan s\u00e4ttas in genom det skjutbara taket. Den h\u00f6jdjusterbara bakre kopplingen \u00e4r kompatibel med alla Professional-seriens sl\u00e4pvagnar som ocks\u00e5 kan lastas av den p\u00e5monterade frontlastaren. Alla sl\u00e4pvagnar fr\u00e5n BRUDERs jordbruksomr\u00e5de kan monteras p\u00e5 denna traktor.<\/p>\n<p>Funktioner:<br \/>\nHyttf\u00f6nster tillverkade av transparent och st\u00f6tt\u00e5lig plast.<br \/>\nMotorhuven kan \u00f6ppnas.<br \/>\nD\u00f6rrarna kan \u00f6ppnas.<br \/>\nAvtagbar frontvikt.<br \/>\nSl\u00e4pkoppling med h\u00f6jdjusterbar lyftutrustning.<br \/>\nStyrbar och terr\u00e4ngg\u00e5ende framaxel.<br \/>\nYtterligare styrst\u00e5ng m\u00f6jligg\u00f6r styrning genom traktorns \u00f6ppningsbara tak.<\/p>\n<p>Rekommenderad \u00e5lder: l\u00e4mplig fr\u00e5n 3 \u00e5r och upp\u00e5t f\u00f6r lek inomhus och utomhus.<br \/>\nTillverkad av h\u00f6gkvalitativa plaster som ABS.<br \/>\nKompatibel med bworld-figur.<br \/>\nSkala 1:16<\/p>\n","protected":false},"excerpt":{"rendered":"<p>Bruder<\/p>\n","protected":false},"featured_media":0,"template":"","meta":{"content-type":"","_monsterinsights_skip_tracking":false,"_monsterinsights_sitenote_active":false,"_monsterinsights_sitenote_note":"","_monsterinsights_sitenote_category":0},"product_brand":[],"product_cat":[823],"product_tag":[],"brand":[],"target-group":[],"discontinued":[],"class_list":{"0":"post-645838","1":"product","2":"type-product","3":"status-publish","5":"product_cat-bruder","7":"first","8":"instock","9":"taxable","10":"shipping-taxable","11":"product-type-simple"},"aioseo_notices":[],"_links":{"self":[{"href":"https:\/\/games.tactic.net\/sv\/wp-json\/wp\/v2\/product\/645838","targetHints":{"allow":["GET"]}}],"collection":[{"href":"https:\/\/games.tactic.net\/sv\/wp-json\/wp\/v2\/product"}],"about":[{"href":"https:\/\/games.tactic.net\/sv\/wp-json\/wp\/v2\/types\/product"}],"wp:attachment":[{"href":"https:\/\/games.tactic.net\/sv\/wp-json\/wp\/v2\/media?parent=645838"}],"wp:term":[{"taxonomy":"product_brand","embeddable":true,"href":"https:\/\/games.tactic.net\/sv\/wp-json\/wp\/v2\/product_brand?post=645838"},{"taxonomy":"product_cat","embeddable":true,"href":"https:\/\/games.tactic.net\/sv\/wp-json\/wp\/v2\/product_cat?post=645838"},{"taxonomy":"product_tag","embeddable":true,"href":"https:\/\/games.tactic.net\/sv\/wp-json\/wp\/v2\/product_tag?post=645838"},{"taxonomy":"brand","embeddable":true,"href":"https:\/\/games.tactic.net\/sv\/wp-json\/wp\/v2\/brand?post=645838"},{"taxonomy":"target-group","embeddable":true,"href":"https:\/\/games.tactic.net\/sv\/wp-json\/wp\/v2\/target-group?post=645838"},{"taxonomy":"discontinued","embeddable":true,"href":"https:\/\/games.tactic.net\/sv\/wp-json\/wp\/v2\/discontinued?post=645838"}],"curies":[{"name":"wp","href":"https:\/\/api.w.org\/{rel}","templated":true}]}}