{"id":64209,"date":"2021-02-16T12:06:30","date_gmt":"2021-02-16T10:06:30","guid":{"rendered":"https:\/\/dev.tactic.net\/tuote\/malarbok-sota-saker\/"},"modified":"2022-05-20T08:57:22","modified_gmt":"2022-05-20T05:57:22","slug":"malarbok-sota-saker","status":"publish","type":"product","link":"https:\/\/games.tactic.net\/sv\/tuote\/malarbok-sota-saker\/","title":{"rendered":"Tactic M\u00e5larboken S\u00f6ta saker"},"content":{"rendered":"<p>Dessa sm\u00e5 s\u00f6ta varelser \u00e4r s\u00e5 gosiga att ditt hj\u00e4rta bara sm\u00e4lter. De har ingen aning om hur charmiga dem \u00e4r! Sm\u00e5 gosiga djur fulla av gl\u00e4dje och f\u00f6rundran, och det enda som saknas \u00e4r f\u00e4rg! Kom med och se, f\u00f6rundras och f\u00e4rgl\u00e4gg alla typer av s\u00f6ta saker \u2013 med dina allra b\u00e4sta f\u00e4rger s\u00e5 klart.<\/p>\n","protected":false},"excerpt":{"rendered":"<p>Dessa sm\u00e5 s\u00f6ta varelser \u00e4r s\u00e5 gosiga att ditt hj\u00e4rta bara sm\u00e4lter. De har ingen aning om hur charmiga dem \u00e4r! Sm\u00e5 gosiga djur fulla av gl\u00e4dje och f\u00f6rundran, och det enda som saknas \u00e4r f\u00e4rg! Kom med och se, f\u00f6rundras och f\u00e4rgl\u00e4gg alla typer av s\u00f6ta saker \u2013 med dina allra b\u00e4sta f\u00e4rger s\u00e5 klart.<\/p>\n","protected":false},"featured_media":0,"template":"","meta":{"content-type":"","_monsterinsights_skip_tracking":false,"_monsterinsights_sitenote_active":false,"_monsterinsights_sitenote_note":"","_monsterinsights_sitenote_category":0},"product_brand":[],"product_cat":[1529],"product_tag":[],"brand":[],"target-group":[],"discontinued":[],"class_list":{"0":"post-64209","1":"product","2":"type-product","3":"status-publish","5":"product_cat-malarbocker-malar-och-pysselbocker","7":"first","8":"instock","9":"taxable","10":"shipping-taxable","11":"product-type-simple"},"aioseo_notices":[],"_links":{"self":[{"href":"https:\/\/games.tactic.net\/sv\/wp-json\/wp\/v2\/product\/64209","targetHints":{"allow":["GET"]}}],"collection":[{"href":"https:\/\/games.tactic.net\/sv\/wp-json\/wp\/v2\/product"}],"about":[{"href":"https:\/\/games.tactic.net\/sv\/wp-json\/wp\/v2\/types\/product"}],"wp:attachment":[{"href":"https:\/\/games.tactic.net\/sv\/wp-json\/wp\/v2\/media?parent=64209"}],"wp:term":[{"taxonomy":"product_brand","embeddable":true,"href":"https:\/\/games.tactic.net\/sv\/wp-json\/wp\/v2\/product_brand?post=64209"},{"taxonomy":"product_cat","embeddable":true,"href":"https:\/\/games.tactic.net\/sv\/wp-json\/wp\/v2\/product_cat?post=64209"},{"taxonomy":"product_tag","embeddable":true,"href":"https:\/\/games.tactic.net\/sv\/wp-json\/wp\/v2\/product_tag?post=64209"},{"taxonomy":"brand","embeddable":true,"href":"https:\/\/games.tactic.net\/sv\/wp-json\/wp\/v2\/brand?post=64209"},{"taxonomy":"target-group","embeddable":true,"href":"https:\/\/games.tactic.net\/sv\/wp-json\/wp\/v2\/target-group?post=64209"},{"taxonomy":"discontinued","embeddable":true,"href":"https:\/\/games.tactic.net\/sv\/wp-json\/wp\/v2\/discontinued?post=64209"}],"curies":[{"name":"wp","href":"https:\/\/api.w.org\/{rel}","templated":true}]}}