{"id":64194,"date":"2021-02-16T12:06:26","date_gmt":"2021-02-16T10:06:26","guid":{"rendered":"https:\/\/dev.tactic.net\/tuote\/malarbok-vilken-cirkus\/"},"modified":"2022-01-10T15:53:09","modified_gmt":"2022-01-10T13:53:09","slug":"malarbok-vilken-cirkus","status":"publish","type":"product","link":"https:\/\/games.tactic.net\/sv\/tuote\/malarbok-vilken-cirkus\/","title":{"rendered":"Tactic M\u00e5larbok Vilken cirkus!"},"content":{"rendered":"<p>Mina damer och herrar, barn och vuxna, v\u00e4lkomna till en bl\u00e4ndande cirkusf\u00f6rest\u00e4llning! F\u00f6rundras \u00f6ver de mystiska, magiska tricken, f\u00f6rundras \u00f6ver den gravitationskr\u00e4vande flygakrobatiken och besk\u00e5da m\u00e4nnen med superstyrka. Nu, mina damer och herrar \u00e4r det dags att ta med ert sockervadd och popcorn, f\u00f6r showen skall b\u00f6rja!<\/p>\n","protected":false},"excerpt":{"rendered":"<p>Mina damer och herrar, barn och vuxna, v\u00e4lkomna till en bl\u00e4ndande cirkusf\u00f6rest\u00e4llning! F\u00f6rundras \u00f6ver de mystiska, magiska tricken, f\u00f6rundras \u00f6ver den gravitationskr\u00e4vande flygakrobatiken och besk\u00e5da m\u00e4nnen med superstyrka. Nu, mina damer och herrar \u00e4r det dags att ta med ert sockervadd och popcorn, f\u00f6r showen skall b\u00f6rja!<\/p>\n","protected":false},"featured_media":0,"template":"","meta":{"content-type":"","_monsterinsights_skip_tracking":false,"_monsterinsights_sitenote_active":false,"_monsterinsights_sitenote_note":"","_monsterinsights_sitenote_category":0},"product_brand":[],"product_cat":[1529],"product_tag":[],"brand":[],"target-group":[],"discontinued":[],"class_list":{"0":"post-64194","1":"product","2":"type-product","3":"status-publish","5":"product_cat-malarbocker-malar-och-pysselbocker","7":"first","8":"instock","9":"taxable","10":"shipping-taxable","11":"product-type-simple"},"aioseo_notices":[],"_links":{"self":[{"href":"https:\/\/games.tactic.net\/sv\/wp-json\/wp\/v2\/product\/64194","targetHints":{"allow":["GET"]}}],"collection":[{"href":"https:\/\/games.tactic.net\/sv\/wp-json\/wp\/v2\/product"}],"about":[{"href":"https:\/\/games.tactic.net\/sv\/wp-json\/wp\/v2\/types\/product"}],"wp:attachment":[{"href":"https:\/\/games.tactic.net\/sv\/wp-json\/wp\/v2\/media?parent=64194"}],"wp:term":[{"taxonomy":"product_brand","embeddable":true,"href":"https:\/\/games.tactic.net\/sv\/wp-json\/wp\/v2\/product_brand?post=64194"},{"taxonomy":"product_cat","embeddable":true,"href":"https:\/\/games.tactic.net\/sv\/wp-json\/wp\/v2\/product_cat?post=64194"},{"taxonomy":"product_tag","embeddable":true,"href":"https:\/\/games.tactic.net\/sv\/wp-json\/wp\/v2\/product_tag?post=64194"},{"taxonomy":"brand","embeddable":true,"href":"https:\/\/games.tactic.net\/sv\/wp-json\/wp\/v2\/brand?post=64194"},{"taxonomy":"target-group","embeddable":true,"href":"https:\/\/games.tactic.net\/sv\/wp-json\/wp\/v2\/target-group?post=64194"},{"taxonomy":"discontinued","embeddable":true,"href":"https:\/\/games.tactic.net\/sv\/wp-json\/wp\/v2\/discontinued?post=64194"}],"curies":[{"name":"wp","href":"https:\/\/api.w.org\/{rel}","templated":true}]}}