{"id":64179,"date":"2021-02-16T12:06:23","date_gmt":"2021-02-16T10:06:23","guid":{"rendered":"https:\/\/dev.tactic.net\/tuote\/pysselbok-massor-av-roliga-labyrinter\/"},"modified":"2023-10-06T16:22:44","modified_gmt":"2023-10-06T13:22:44","slug":"pysselbok-massor-av-roliga-labyrinter","status":"publish","type":"product","link":"https:\/\/games.tactic.net\/sv\/tuote\/pysselbok-massor-av-roliga-labyrinter\/","title":{"rendered":"Tactic Pysselbok Massor av roliga labyrinter"},"content":{"rendered":"<p>Aktiviteterna utvecklar ett barns visuella f\u00e4rdigheter och \u00f6ga- hand- koordinationen. P\u00e5 varje sida finns det ocks\u00e5 en fr\u00e5ga som g\u00f6r l\u00e4randet \u00e4nnu roligare.<\/p>\n","protected":false},"excerpt":{"rendered":"<p>Aktiviteterna utvecklar ett barns visuella f\u00e4rdigheter och \u00f6ga- hand- koordinationen. P\u00e5 varje sida finns det ocks\u00e5 en fr\u00e5ga som g\u00f6r l\u00e4randet \u00e4nnu roligare.<\/p>\n","protected":false},"featured_media":0,"template":"","meta":{"content-type":"","_monsterinsights_skip_tracking":false,"_monsterinsights_sitenote_active":false,"_monsterinsights_sitenote_note":"","_monsterinsights_sitenote_category":0},"product_brand":[],"product_cat":[1530],"product_tag":[],"brand":[],"target-group":[],"discontinued":[],"class_list":{"0":"post-64179","1":"product","2":"type-product","3":"status-publish","5":"product_cat-aktivitetsbocker","7":"first","8":"instock","9":"taxable","10":"shipping-taxable","11":"product-type-simple"},"aioseo_notices":[],"_links":{"self":[{"href":"https:\/\/games.tactic.net\/sv\/wp-json\/wp\/v2\/product\/64179","targetHints":{"allow":["GET"]}}],"collection":[{"href":"https:\/\/games.tactic.net\/sv\/wp-json\/wp\/v2\/product"}],"about":[{"href":"https:\/\/games.tactic.net\/sv\/wp-json\/wp\/v2\/types\/product"}],"wp:attachment":[{"href":"https:\/\/games.tactic.net\/sv\/wp-json\/wp\/v2\/media?parent=64179"}],"wp:term":[{"taxonomy":"product_brand","embeddable":true,"href":"https:\/\/games.tactic.net\/sv\/wp-json\/wp\/v2\/product_brand?post=64179"},{"taxonomy":"product_cat","embeddable":true,"href":"https:\/\/games.tactic.net\/sv\/wp-json\/wp\/v2\/product_cat?post=64179"},{"taxonomy":"product_tag","embeddable":true,"href":"https:\/\/games.tactic.net\/sv\/wp-json\/wp\/v2\/product_tag?post=64179"},{"taxonomy":"brand","embeddable":true,"href":"https:\/\/games.tactic.net\/sv\/wp-json\/wp\/v2\/brand?post=64179"},{"taxonomy":"target-group","embeddable":true,"href":"https:\/\/games.tactic.net\/sv\/wp-json\/wp\/v2\/target-group?post=64179"},{"taxonomy":"discontinued","embeddable":true,"href":"https:\/\/games.tactic.net\/sv\/wp-json\/wp\/v2\/discontinued?post=64179"}],"curies":[{"name":"wp","href":"https:\/\/api.w.org\/{rel}","templated":true}]}}