{"id":64149,"date":"2021-02-16T12:06:17","date_gmt":"2021-02-16T10:06:17","guid":{"rendered":"https:\/\/dev.tactic.net\/tuote\/pysselbok-massor-av-roliga-aktiviteter\/"},"modified":"2023-10-23T11:26:48","modified_gmt":"2023-10-23T08:26:48","slug":"pysselbok-massor-av-roliga-aktiviteter","status":"publish","type":"product","link":"https:\/\/games.tactic.net\/sv\/tuote\/pysselbok-massor-av-roliga-aktiviteter\/","title":{"rendered":"Tactic Pysselbok Massor av roliga aktiviteter"},"content":{"rendered":"<p>Hitta v\u00e4gen genom labyrinter, kombinera bilder och hitta skillnader. Vem f\u00e5ngar fisken? Vilka stigar leder till skatten? F\u00f6lj med in i en v\u00e4rld av coola aktiviteter och ha skoj i timmar!<\/p>\n","protected":false},"excerpt":{"rendered":"<p>Hitta v\u00e4gen genom labyrinter, kombinera bilder och hitta skillnader. Vem f\u00e5ngar fisken? Vilka stigar leder till skatten? F\u00f6lj med in i en v\u00e4rld av coola aktiviteter och ha skoj i timmar!<\/p>\n","protected":false},"featured_media":0,"template":"","meta":{"content-type":"","_monsterinsights_skip_tracking":false,"_monsterinsights_sitenote_active":false,"_monsterinsights_sitenote_note":"","_monsterinsights_sitenote_category":0},"product_brand":[],"product_cat":[1530],"product_tag":[],"brand":[],"target-group":[],"discontinued":[],"class_list":{"0":"post-64149","1":"product","2":"type-product","3":"status-publish","5":"product_cat-aktivitetsbocker","7":"first","8":"instock","9":"taxable","10":"shipping-taxable","11":"product-type-simple"},"aioseo_notices":[],"_links":{"self":[{"href":"https:\/\/games.tactic.net\/sv\/wp-json\/wp\/v2\/product\/64149","targetHints":{"allow":["GET"]}}],"collection":[{"href":"https:\/\/games.tactic.net\/sv\/wp-json\/wp\/v2\/product"}],"about":[{"href":"https:\/\/games.tactic.net\/sv\/wp-json\/wp\/v2\/types\/product"}],"wp:attachment":[{"href":"https:\/\/games.tactic.net\/sv\/wp-json\/wp\/v2\/media?parent=64149"}],"wp:term":[{"taxonomy":"product_brand","embeddable":true,"href":"https:\/\/games.tactic.net\/sv\/wp-json\/wp\/v2\/product_brand?post=64149"},{"taxonomy":"product_cat","embeddable":true,"href":"https:\/\/games.tactic.net\/sv\/wp-json\/wp\/v2\/product_cat?post=64149"},{"taxonomy":"product_tag","embeddable":true,"href":"https:\/\/games.tactic.net\/sv\/wp-json\/wp\/v2\/product_tag?post=64149"},{"taxonomy":"brand","embeddable":true,"href":"https:\/\/games.tactic.net\/sv\/wp-json\/wp\/v2\/brand?post=64149"},{"taxonomy":"target-group","embeddable":true,"href":"https:\/\/games.tactic.net\/sv\/wp-json\/wp\/v2\/target-group?post=64149"},{"taxonomy":"discontinued","embeddable":true,"href":"https:\/\/games.tactic.net\/sv\/wp-json\/wp\/v2\/discontinued?post=64149"}],"curies":[{"name":"wp","href":"https:\/\/api.w.org\/{rel}","templated":true}]}}