{"id":64119,"date":"2021-02-16T12:06:11","date_gmt":"2021-02-16T10:06:11","guid":{"rendered":"https:\/\/dev.tactic.net\/tuote\/malarbok-for-vuxna-den-fortrollade-skogen\/"},"modified":"2023-10-23T10:31:21","modified_gmt":"2023-10-23T07:31:21","slug":"malarbok-for-vuxna-den-fortrollade-skogen","status":"publish","type":"product","link":"https:\/\/games.tactic.net\/sv\/tuote\/malarbok-for-vuxna-den-fortrollade-skogen\/","title":{"rendered":"Tactic M\u00e5larbok f\u00f6r vuxna, Den f\u00f6rtrollade skogen"},"content":{"rendered":"<p>Stig in i en mytisk fantasiv\u00e4rld och njut av f\u00f6rtrollande bilder i timmar. L\u00e5t din kreativitet lysa och ditt sinne komma till ro genom att f\u00e4rgl\u00e4gga dessa detaljrika motiv.<\/p>\n","protected":false},"excerpt":{"rendered":"<p>Stig in i en mytisk fantasiv\u00e4rld och njut av f\u00f6rtrollande bilder i timmar. L\u00e5t din kreativitet lysa och ditt sinne komma till ro genom att f\u00e4rgl\u00e4gga dessa detaljrika motiv.<\/p>\n","protected":false},"featured_media":0,"template":"","meta":{"content-type":"","_monsterinsights_skip_tracking":false,"_monsterinsights_sitenote_active":false,"_monsterinsights_sitenote_note":"","_monsterinsights_sitenote_category":0},"product_brand":[],"product_cat":[798],"product_tag":[],"brand":[],"target-group":[],"discontinued":[],"class_list":{"0":"post-64119","1":"product","2":"type-product","3":"status-publish","5":"product_cat-bocker","7":"first","8":"instock","9":"taxable","10":"shipping-taxable","11":"product-type-simple"},"aioseo_notices":[],"_links":{"self":[{"href":"https:\/\/games.tactic.net\/sv\/wp-json\/wp\/v2\/product\/64119","targetHints":{"allow":["GET"]}}],"collection":[{"href":"https:\/\/games.tactic.net\/sv\/wp-json\/wp\/v2\/product"}],"about":[{"href":"https:\/\/games.tactic.net\/sv\/wp-json\/wp\/v2\/types\/product"}],"wp:attachment":[{"href":"https:\/\/games.tactic.net\/sv\/wp-json\/wp\/v2\/media?parent=64119"}],"wp:term":[{"taxonomy":"product_brand","embeddable":true,"href":"https:\/\/games.tactic.net\/sv\/wp-json\/wp\/v2\/product_brand?post=64119"},{"taxonomy":"product_cat","embeddable":true,"href":"https:\/\/games.tactic.net\/sv\/wp-json\/wp\/v2\/product_cat?post=64119"},{"taxonomy":"product_tag","embeddable":true,"href":"https:\/\/games.tactic.net\/sv\/wp-json\/wp\/v2\/product_tag?post=64119"},{"taxonomy":"brand","embeddable":true,"href":"https:\/\/games.tactic.net\/sv\/wp-json\/wp\/v2\/brand?post=64119"},{"taxonomy":"target-group","embeddable":true,"href":"https:\/\/games.tactic.net\/sv\/wp-json\/wp\/v2\/target-group?post=64119"},{"taxonomy":"discontinued","embeddable":true,"href":"https:\/\/games.tactic.net\/sv\/wp-json\/wp\/v2\/discontinued?post=64119"}],"curies":[{"name":"wp","href":"https:\/\/api.w.org\/{rel}","templated":true}]}}