{"id":64104,"date":"2021-02-16T12:06:08","date_gmt":"2021-02-16T10:06:08","guid":{"rendered":"https:\/\/dev.tactic.net\/tuote\/sant-eller-falskt\/"},"modified":"2023-10-25T16:26:10","modified_gmt":"2023-10-25T13:26:10","slug":"sant-eller-falskt","status":"publish","type":"product","link":"https:\/\/games.tactic.net\/sv\/tuote\/sant-eller-falskt\/","title":{"rendered":"Tactic Sant eller falskt?"},"content":{"rendered":"<p>Vet du vad som \u00e4r sant eller falskt? Bland alla ord du f\u00e5r h\u00f6ra \u00e4r fr\u00e5gan om de \u00e4r sanna eller falska. Kan du avsl\u00f6ja vad som \u00e4r fake och d\u00e4rmed samla flest brickor \u2013 eller \u00e4r du alltf\u00f6r l\u00e4ttlurad?<\/p>\n","protected":false},"excerpt":{"rendered":"<p>Vet du vad som \u00e4r sant eller falskt? Bland alla ord du f\u00e5r h\u00f6ra \u00e4r fr\u00e5gan om de \u00e4r sanna eller falska. Kan du avsl\u00f6ja vad som \u00e4r fake och d\u00e4rmed samla flest brickor \u2013 eller \u00e4r du alltf\u00f6r l\u00e4ttlurad?<\/p>\n","protected":false},"featured_media":0,"template":"","meta":{"content-type":"","_monsterinsights_skip_tracking":false,"_monsterinsights_sitenote_active":false,"_monsterinsights_sitenote_note":"","_monsterinsights_sitenote_category":0},"product_brand":[],"product_cat":[1540],"product_tag":[],"brand":[],"target-group":[],"discontinued":[],"class_list":{"0":"post-64104","1":"product","2":"type-product","3":"status-publish","5":"product_cat-partyspel","7":"first","8":"instock","9":"taxable","10":"shipping-taxable","11":"product-type-simple"},"aioseo_notices":[],"_links":{"self":[{"href":"https:\/\/games.tactic.net\/sv\/wp-json\/wp\/v2\/product\/64104","targetHints":{"allow":["GET"]}}],"collection":[{"href":"https:\/\/games.tactic.net\/sv\/wp-json\/wp\/v2\/product"}],"about":[{"href":"https:\/\/games.tactic.net\/sv\/wp-json\/wp\/v2\/types\/product"}],"wp:attachment":[{"href":"https:\/\/games.tactic.net\/sv\/wp-json\/wp\/v2\/media?parent=64104"}],"wp:term":[{"taxonomy":"product_brand","embeddable":true,"href":"https:\/\/games.tactic.net\/sv\/wp-json\/wp\/v2\/product_brand?post=64104"},{"taxonomy":"product_cat","embeddable":true,"href":"https:\/\/games.tactic.net\/sv\/wp-json\/wp\/v2\/product_cat?post=64104"},{"taxonomy":"product_tag","embeddable":true,"href":"https:\/\/games.tactic.net\/sv\/wp-json\/wp\/v2\/product_tag?post=64104"},{"taxonomy":"brand","embeddable":true,"href":"https:\/\/games.tactic.net\/sv\/wp-json\/wp\/v2\/brand?post=64104"},{"taxonomy":"target-group","embeddable":true,"href":"https:\/\/games.tactic.net\/sv\/wp-json\/wp\/v2\/target-group?post=64104"},{"taxonomy":"discontinued","embeddable":true,"href":"https:\/\/games.tactic.net\/sv\/wp-json\/wp\/v2\/discontinued?post=64104"}],"curies":[{"name":"wp","href":"https:\/\/api.w.org\/{rel}","templated":true}]}}